{"id":19705,"date":"2025-07-22T18:21:49","date_gmt":"2025-07-22T16:21:49","guid":{"rendered":"https:\/\/uj.adatbank.ro\/lexikon\/termek\/sandor-zoltan-farczadi-id\/"},"modified":"2025-07-22T18:21:49","modified_gmt":"2025-07-22T16:21:49","slug":"sandor-zoltan-farczadi-id","status":"publish","type":"product","link":"https:\/\/uj.adatbank.ro\/lexikon\/termek\/sandor-zoltan-farczadi-id\/","title":{"rendered":"S\u00c1NDOR Zolt\u00e1n, farcz\u00e1di id."},"content":{"rendered":"<p>1887. j\u00fan. 15., \u2020\u00a019?: gy\u00f3gyszer\u00e9sz. \u2013 Oklevelet Kv.-on szerzett (1911). A mv.-i Angyal gy\u00f3gyszert\u00e1r tulajdonosa (alap\u00edt\u00e1si \u00e9ve 1878). <br \/><strong>Irod.:<\/strong> P\u00e9ter H. M.; P\u00e9ter H. M. 2013.<\/br><\/p>\n","protected":false},"excerpt":{"rendered":"<p>1887. j\u00fan. 15., \u2020\u00a019?: gy\u00f3gyszer\u00e9sz. \u2013 Oklevelet Kv.-on szerzett (1911). A mv.-i Angyal gy\u00f3gyszert\u00e1r tulajdonosa (alap\u00edt\u00e1si \u00e9ve 1878). Irod.: P\u00e9ter H. M.; P\u00e9ter H. M. 2013.<\/p>\n","protected":false},"featured_media":0,"comment_status":"open","ping_status":"closed","template":"","meta":[],"product_brand":[],"product_cat":[137],"product_tag":[],"class_list":{"0":"post-19705","1":"product","2":"type-product","3":"status-publish","5":"product_cat-maros-megyei-eletrajzi-lexikon","7":"first","8":"instock","9":"shipping-taxable","10":"product-type-simple"},"_links":{"self":[{"href":"https:\/\/uj.adatbank.ro\/lexikon\/wp-json\/wp\/v2\/product\/19705","targetHints":{"allow":["GET"]}}],"collection":[{"href":"https:\/\/uj.adatbank.ro\/lexikon\/wp-json\/wp\/v2\/product"}],"about":[{"href":"https:\/\/uj.adatbank.ro\/lexikon\/wp-json\/wp\/v2\/types\/product"}],"replies":[{"embeddable":true,"href":"https:\/\/uj.adatbank.ro\/lexikon\/wp-json\/wp\/v2\/comments?post=19705"}],"wp:attachment":[{"href":"https:\/\/uj.adatbank.ro\/lexikon\/wp-json\/wp\/v2\/media?parent=19705"}],"wp:term":[{"taxonomy":"product_brand","embeddable":true,"href":"https:\/\/uj.adatbank.ro\/lexikon\/wp-json\/wp\/v2\/product_brand?post=19705"},{"taxonomy":"product_cat","embeddable":true,"href":"https:\/\/uj.adatbank.ro\/lexikon\/wp-json\/wp\/v2\/product_cat?post=19705"},{"taxonomy":"product_tag","embeddable":true,"href":"https:\/\/uj.adatbank.ro\/lexikon\/wp-json\/wp\/v2\/product_tag?post=19705"}],"curies":[{"name":"wp","href":"https:\/\/api.w.org\/{rel}","templated":true}]}}