{"id":19706,"date":"2025-07-22T18:21:51","date_gmt":"2025-07-22T16:21:51","guid":{"rendered":"https:\/\/uj.adatbank.ro\/lexikon\/termek\/sandor-zoltan-farczadi-ifj\/"},"modified":"2025-07-22T18:21:51","modified_gmt":"2025-07-22T16:21:51","slug":"sandor-zoltan-farczadi-ifj","status":"publish","type":"product","link":"https:\/\/uj.adatbank.ro\/lexikon\/termek\/sandor-zoltan-farczadi-ifj\/","title":{"rendered":"S\u00c1NDOR Zolt\u00e1n, farcz\u00e1di, ifj."},"content":{"rendered":"<p>Erd\u0151szentgy\u00f6rgy, 1914. jan. 11., \u2020\u00a019?: gy\u00f3gyszer\u00e9sz. \u2013 Buk.-ben a Gy\u00f3gyszer\u00e9szeti Karon kapott gy\u00f3gyszer\u00e9sz oklevelet (1938. dec. 28.). Apja, S. Z. gy\u00f3gyszer\u00e9sz, mv.-i gy\u00f3gyszert\u00e1r\u00e1ban dolgozott 8 \u00e9vet, megkapta az enged\u00e9lyt gy\u00f3gyszert\u00e1r nyit\u00e1s\u00e1ra \u00e9s Mv.-en megnyitotta az Angyal gy\u00f3gyszert\u00e1rat, amely az \u00e1llamos\u00edt\u00e1sig m\u0171k\u00f6d\u00f6tt (1947. m\u00e1rc. 26. \u2013 1949. \u00e1pr.). Maros-Torda v\u00e1rmegye t\u00f6rv\u00e9nyhat\u00f3s\u00e1gi bizotts\u00e1g\u00e1nak tagj\u00e1v\u00e1 nevezt\u00e9k ki. <br \/><strong>Irod.:<\/strong> P\u00e9ter H. M.; P\u00e9ter H. M.2013.<\/br><\/p>\n","protected":false},"excerpt":{"rendered":"<p>Erd\u0151szentgy\u00f6rgy, 1914. jan. 11., \u2020\u00a019?: gy\u00f3gyszer\u00e9sz. \u2013 Buk.-ben a Gy\u00f3gyszer\u00e9szeti Karon kapott gy\u00f3gyszer\u00e9sz oklevelet (1938. dec. 28.). Apja, S. Z. gy\u00f3gyszer\u00e9sz, mv.-i gy\u00f3gyszert\u00e1r\u00e1ban dolgozott 8 \u00e9vet, megkapta az enged\u00e9lyt gy\u00f3gyszert\u00e1r nyit\u00e1s\u00e1ra \u00e9s Mv.-en megnyitotta az Angyal gy\u00f3gyszert\u00e1rat, amely az \u00e1llamos\u00edt\u00e1sig m\u0171k\u00f6d\u00f6tt (1947. m\u00e1rc. 26. \u2013 1949. \u00e1pr.). Maros-Torda v\u00e1rmegye t\u00f6rv\u00e9nyhat\u00f3s\u00e1gi bizotts\u00e1g\u00e1nak tagj\u00e1v\u00e1 nevezt\u00e9k ki. Irod.: [&hellip;]<\/p>\n","protected":false},"featured_media":0,"comment_status":"open","ping_status":"closed","template":"","meta":[],"product_brand":[],"product_cat":[137],"product_tag":[],"class_list":{"0":"post-19706","1":"product","2":"type-product","3":"status-publish","5":"product_cat-maros-megyei-eletrajzi-lexikon","7":"first","8":"instock","9":"shipping-taxable","10":"product-type-simple"},"_links":{"self":[{"href":"https:\/\/uj.adatbank.ro\/lexikon\/wp-json\/wp\/v2\/product\/19706","targetHints":{"allow":["GET"]}}],"collection":[{"href":"https:\/\/uj.adatbank.ro\/lexikon\/wp-json\/wp\/v2\/product"}],"about":[{"href":"https:\/\/uj.adatbank.ro\/lexikon\/wp-json\/wp\/v2\/types\/product"}],"replies":[{"embeddable":true,"href":"https:\/\/uj.adatbank.ro\/lexikon\/wp-json\/wp\/v2\/comments?post=19706"}],"wp:attachment":[{"href":"https:\/\/uj.adatbank.ro\/lexikon\/wp-json\/wp\/v2\/media?parent=19706"}],"wp:term":[{"taxonomy":"product_brand","embeddable":true,"href":"https:\/\/uj.adatbank.ro\/lexikon\/wp-json\/wp\/v2\/product_brand?post=19706"},{"taxonomy":"product_cat","embeddable":true,"href":"https:\/\/uj.adatbank.ro\/lexikon\/wp-json\/wp\/v2\/product_cat?post=19706"},{"taxonomy":"product_tag","embeddable":true,"href":"https:\/\/uj.adatbank.ro\/lexikon\/wp-json\/wp\/v2\/product_tag?post=19706"}],"curies":[{"name":"wp","href":"https:\/\/api.w.org\/{rel}","templated":true}]}}