{"id":19707,"date":"2025-07-22T18:21:53","date_gmt":"2025-07-22T16:21:53","guid":{"rendered":"https:\/\/uj.adatbank.ro\/lexikon\/termek\/sandorffy\/"},"modified":"2025-07-22T18:21:53","modified_gmt":"2025-07-22T16:21:53","slug":"sandorffy","status":"publish","type":"product","link":"https:\/\/uj.adatbank.ro\/lexikon\/termek\/sandorffy\/","title":{"rendered":"S\u00c1NDORFFY"},"content":{"rendered":"<p>Kib\u00e9di \u00e9s makkfalvi sz\u00e9kely csal\u00e1d. Kihalt. <br \/><strong>Irod.:<\/strong> Kempelen.<\/br><\/p>\n","protected":false},"excerpt":{"rendered":"<p>Kib\u00e9di \u00e9s makkfalvi sz\u00e9kely csal\u00e1d. Kihalt. Irod.: Kempelen.<\/p>\n","protected":false},"featured_media":0,"comment_status":"open","ping_status":"closed","template":"","meta":[],"product_brand":[],"product_cat":[137],"product_tag":[],"class_list":{"0":"post-19707","1":"product","2":"type-product","3":"status-publish","5":"product_cat-maros-megyei-eletrajzi-lexikon","7":"first","8":"instock","9":"shipping-taxable","10":"product-type-simple"},"_links":{"self":[{"href":"https:\/\/uj.adatbank.ro\/lexikon\/wp-json\/wp\/v2\/product\/19707","targetHints":{"allow":["GET"]}}],"collection":[{"href":"https:\/\/uj.adatbank.ro\/lexikon\/wp-json\/wp\/v2\/product"}],"about":[{"href":"https:\/\/uj.adatbank.ro\/lexikon\/wp-json\/wp\/v2\/types\/product"}],"replies":[{"embeddable":true,"href":"https:\/\/uj.adatbank.ro\/lexikon\/wp-json\/wp\/v2\/comments?post=19707"}],"wp:attachment":[{"href":"https:\/\/uj.adatbank.ro\/lexikon\/wp-json\/wp\/v2\/media?parent=19707"}],"wp:term":[{"taxonomy":"product_brand","embeddable":true,"href":"https:\/\/uj.adatbank.ro\/lexikon\/wp-json\/wp\/v2\/product_brand?post=19707"},{"taxonomy":"product_cat","embeddable":true,"href":"https:\/\/uj.adatbank.ro\/lexikon\/wp-json\/wp\/v2\/product_cat?post=19707"},{"taxonomy":"product_tag","embeddable":true,"href":"https:\/\/uj.adatbank.ro\/lexikon\/wp-json\/wp\/v2\/product_tag?post=19707"}],"curies":[{"name":"wp","href":"https:\/\/api.w.org\/{rel}","templated":true}]}}