{"id":19708,"date":"2025-07-22T18:21:55","date_gmt":"2025-07-22T16:21:55","guid":{"rendered":"https:\/\/uj.adatbank.ro\/lexikon\/termek\/sandu-gheorghe\/"},"modified":"2025-07-22T18:21:55","modified_gmt":"2025-07-22T16:21:55","slug":"sandu-gheorghe","status":"publish","type":"product","link":"https:\/\/uj.adatbank.ro\/lexikon\/termek\/sandu-gheorghe\/","title":{"rendered":"SANDU, Gheorghe"},"content":{"rendered":"<p>Marosorb\u00f3, 1921. febr. 17., \u2020 Radn\u00f3t?: katona k\u00e1pl\u00e1ri rangban. \u2013 A marosorb\u00f3i harcok idej\u00e9n \u00e9s ut\u00e1n r\u00e9szt vett a Marosorb\u00f3n elesett katon\u00e1k \u00f6sszeszed\u00e9s\u00e9n\u00e9l, azonos\u00edt\u00e1s\u00e1n\u00e1l \u00e9s a Dealul Comenzii hegyen val\u00f3 elhantol\u00e1sukn\u00e1l (1944). K\u00e9s\u0151bb szint\u00e9n seg\u00e9dkezett ezen h\u0151s\u00f6k maradv\u00e1nyainak \u00e1tk\u00f6lt\u00f6ztet\u00e9s\u00e9ben az \u00faj h\u0151s\u00f6k temet\u0151j\u00e9be, ahol eml\u00e9km\u0171vet is \u00e1ll\u00edtottak az elesett 11\u00a0000 \u00e1ldozatnak (1949. m\u00e1j. 9.). <br \/><strong>Irod.:<\/strong> Suciu.<\/br><\/p>\n","protected":false},"excerpt":{"rendered":"<p>Marosorb\u00f3, 1921. febr. 17., \u2020 Radn\u00f3t?: katona k\u00e1pl\u00e1ri rangban. \u2013 A marosorb\u00f3i harcok idej\u00e9n \u00e9s ut\u00e1n r\u00e9szt vett a Marosorb\u00f3n elesett katon\u00e1k \u00f6sszeszed\u00e9s\u00e9n\u00e9l, azonos\u00edt\u00e1s\u00e1n\u00e1l \u00e9s a Dealul Comenzii hegyen val\u00f3 elhantol\u00e1sukn\u00e1l (1944). K\u00e9s\u0151bb szint\u00e9n seg\u00e9dkezett ezen h\u0151s\u00f6k maradv\u00e1nyainak \u00e1tk\u00f6lt\u00f6ztet\u00e9s\u00e9ben az \u00faj h\u0151s\u00f6k temet\u0151j\u00e9be, ahol eml\u00e9km\u0171vet is \u00e1ll\u00edtottak az elesett 11\u00a0000 \u00e1ldozatnak (1949. m\u00e1j. 9.). Irod.: [&hellip;]<\/p>\n","protected":false},"featured_media":0,"comment_status":"open","ping_status":"closed","template":"","meta":[],"product_brand":[],"product_cat":[137],"product_tag":[],"class_list":{"0":"post-19708","1":"product","2":"type-product","3":"status-publish","5":"product_cat-maros-megyei-eletrajzi-lexikon","7":"first","8":"instock","9":"shipping-taxable","10":"product-type-simple"},"_links":{"self":[{"href":"https:\/\/uj.adatbank.ro\/lexikon\/wp-json\/wp\/v2\/product\/19708","targetHints":{"allow":["GET"]}}],"collection":[{"href":"https:\/\/uj.adatbank.ro\/lexikon\/wp-json\/wp\/v2\/product"}],"about":[{"href":"https:\/\/uj.adatbank.ro\/lexikon\/wp-json\/wp\/v2\/types\/product"}],"replies":[{"embeddable":true,"href":"https:\/\/uj.adatbank.ro\/lexikon\/wp-json\/wp\/v2\/comments?post=19708"}],"wp:attachment":[{"href":"https:\/\/uj.adatbank.ro\/lexikon\/wp-json\/wp\/v2\/media?parent=19708"}],"wp:term":[{"taxonomy":"product_brand","embeddable":true,"href":"https:\/\/uj.adatbank.ro\/lexikon\/wp-json\/wp\/v2\/product_brand?post=19708"},{"taxonomy":"product_cat","embeddable":true,"href":"https:\/\/uj.adatbank.ro\/lexikon\/wp-json\/wp\/v2\/product_cat?post=19708"},{"taxonomy":"product_tag","embeddable":true,"href":"https:\/\/uj.adatbank.ro\/lexikon\/wp-json\/wp\/v2\/product_tag?post=19708"}],"curies":[{"name":"wp","href":"https:\/\/api.w.org\/{rel}","templated":true}]}}