{"id":19711,"date":"2025-07-22T18:22:03","date_gmt":"2025-07-22T16:22:03","guid":{"rendered":"https:\/\/uj.adatbank.ro\/lexikon\/termek\/sandy-gyula-laszlo\/"},"modified":"2025-07-22T18:22:03","modified_gmt":"2025-07-22T16:22:03","slug":"sandy-gyula-laszlo","status":"publish","type":"product","link":"https:\/\/uj.adatbank.ro\/lexikon\/termek\/sandy-gyula-laszlo\/","title":{"rendered":"S\u00c1NDY Gyula L\u00e1szl\u00f3"},"content":{"rendered":"<p>Eperjes, 1868. j\u00fal. 25., \u2020 Bp., 1953. j\u00fan. 12.: \u00e9p\u00edt\u00e9sz. \u2013 A bp.-i J\u00f3zsef N\u00e1dor M\u0171egyetemen szerezte oklevel\u00e9t, ahol k\u00e9s\u0151bb (1914\u2013) professzork\u00e9nt oktatott. P\u00e1ly\u00e1ja elej\u00e9n a historizmus, neog\u00f3tikus st\u00edlus, k\u00e9s\u0151bb a szecesszi\u00f3 jegy\u00e9ben alkotott. A mv.-i Agr\u00e1r Bank tervez\u0151je (1900). <br \/><strong>Irod.:<\/strong> Bod\u00f3 P\u00e9ter: S. Gyula korai \u00e9p\u00edt\u00e9szete = T\u00e1gul\u00f3 horizont; Id\u0151t\u00e1r 2; Keresztes, M\u00c9L; Mv. m\u0171v. v\u00e1r.; Mv.-Bal\u00e1s.<\/br><\/p>\n","protected":false},"excerpt":{"rendered":"<p>Eperjes, 1868. j\u00fal. 25., \u2020 Bp., 1953. j\u00fan. 12.: \u00e9p\u00edt\u00e9sz. \u2013 A bp.-i J\u00f3zsef N\u00e1dor M\u0171egyetemen szerezte oklevel\u00e9t, ahol k\u00e9s\u0151bb (1914\u2013) professzork\u00e9nt oktatott. P\u00e1ly\u00e1ja elej\u00e9n a historizmus, neog\u00f3tikus st\u00edlus, k\u00e9s\u0151bb a szecesszi\u00f3 jegy\u00e9ben alkotott. A mv.-i Agr\u00e1r Bank tervez\u0151je (1900). Irod.: Bod\u00f3 P\u00e9ter: S. Gyula korai \u00e9p\u00edt\u00e9szete = T\u00e1gul\u00f3 horizont; Id\u0151t\u00e1r 2; Keresztes, M\u00c9L; Mv. [&hellip;]<\/p>\n","protected":false},"featured_media":0,"comment_status":"open","ping_status":"closed","template":"","meta":[],"product_brand":[],"product_cat":[137],"product_tag":[],"class_list":{"0":"post-19711","1":"product","2":"type-product","3":"status-publish","5":"product_cat-maros-megyei-eletrajzi-lexikon","7":"first","8":"instock","9":"shipping-taxable","10":"product-type-simple"},"_links":{"self":[{"href":"https:\/\/uj.adatbank.ro\/lexikon\/wp-json\/wp\/v2\/product\/19711","targetHints":{"allow":["GET"]}}],"collection":[{"href":"https:\/\/uj.adatbank.ro\/lexikon\/wp-json\/wp\/v2\/product"}],"about":[{"href":"https:\/\/uj.adatbank.ro\/lexikon\/wp-json\/wp\/v2\/types\/product"}],"replies":[{"embeddable":true,"href":"https:\/\/uj.adatbank.ro\/lexikon\/wp-json\/wp\/v2\/comments?post=19711"}],"wp:attachment":[{"href":"https:\/\/uj.adatbank.ro\/lexikon\/wp-json\/wp\/v2\/media?parent=19711"}],"wp:term":[{"taxonomy":"product_brand","embeddable":true,"href":"https:\/\/uj.adatbank.ro\/lexikon\/wp-json\/wp\/v2\/product_brand?post=19711"},{"taxonomy":"product_cat","embeddable":true,"href":"https:\/\/uj.adatbank.ro\/lexikon\/wp-json\/wp\/v2\/product_cat?post=19711"},{"taxonomy":"product_tag","embeddable":true,"href":"https:\/\/uj.adatbank.ro\/lexikon\/wp-json\/wp\/v2\/product_tag?post=19711"}],"curies":[{"name":"wp","href":"https:\/\/api.w.org\/{rel}","templated":true}]}}