{"id":19712,"date":"2025-07-22T18:22:05","date_gmt":"2025-07-22T16:22:05","guid":{"rendered":"https:\/\/uj.adatbank.ro\/lexikon\/termek\/sangeorzan-dumitru\/"},"modified":"2025-07-22T18:22:05","modified_gmt":"2025-07-22T16:22:05","slug":"sangeorzan-dumitru","status":"publish","type":"product","link":"https:\/\/uj.adatbank.ro\/lexikon\/termek\/sangeorzan-dumitru\/","title":{"rendered":"S\u00c2NGEORZAN, Dumitru"},"content":{"rendered":"<p>Marosorb\u00f3, 1903. m\u00e1j. 11., \u2020 Marosszentkir\u00e1ly, 1980. aug. 22.: ort. pap, eltemetve Marosszentgy\u00f6rgy ort. temet\u0151j\u00e9ben. \u2013 \u00d6t elemi oszt\u00e1lyt a sz\u00fcl\u0151hely\u00e9n, l\u00edc.-ot Tord\u00e1n (1922), teol\u00f3gi\u00e1t Szebenben \u00e9s Kv.-on v\u00e9gzett (1925). Pet\u00e9be helyezt\u00e9k (1925. nov.7. \u2013 1945. j\u00fal. 1.), ahonnan Marosszentgy\u00f6rgyre ker\u00fclt az ort. par\u00f3ki\u00e1ra (1945\u201368). Ott papilakot \u00e9p\u00edttetett (1946), hozz\u00e1j\u00e1rult a k\u00f6zs\u00e9g \u00e9s a templom villamos\u00edt\u00e1s\u00e1hoz \u00e9s a f\u00f6ldg\u00e1z bevezet\u00e9s\u00e9hez (1946\u201347). Tagja a K\u00f6zs\u00e9gi M\u0171vel\u0151d\u00e9si Bizotts\u00e1gnak, az isk.sz\u00e9knek, jelent\u0151s szerepet v\u00e1llalva a kult\u00farmunk\u00e1b\u00f3l \u00e9s az \u00edr\u00e1studatlans\u00e1g felsz\u00e1mol\u00e1s\u00e1b\u00f3l. Megkapta az Ort. P\u00fcsp\u00f6ks\u00e9gt\u0151l a Piros \u00f6vet (1949). R\u00e9szt vett a szebeni Egyetemi Teol\u00f3giai Int\u00e9zet Misszion\u00e1riusi Vezet\u0151 tanfolyamain (1950). Nagyjav\u00edt\u00e1st v\u00e9geztetett a templomon \u00e9s a fatemplom torny\u00e1n, a r\u00e9gi papilakot \u00f3vod\u00e1v\u00e1 alak\u00edttatta \u00e1t (1954). Tev\u00e9kenys\u00e9g\u00e9t figyelte a securitate (1956). Nyugd\u00edjba vonul\u00e1sa ut\u00e1n Marosszentkir\u00e1lyra k\u00f6lt\u00f6z\u00f6tt (1969). <br \/><strong>Irod.:<\/strong> Bartos 2012; S\u00e2ngeorgiu de Mure\u015f. Biserica; \u015eincan 2006.<\/br><\/p>\n","protected":false},"excerpt":{"rendered":"<p>Marosorb\u00f3, 1903. m\u00e1j. 11., \u2020 Marosszentkir\u00e1ly, 1980. aug. 22.: ort. pap, eltemetve Marosszentgy\u00f6rgy ort. temet\u0151j\u00e9ben. \u2013 \u00d6t elemi oszt\u00e1lyt a sz\u00fcl\u0151hely\u00e9n, l\u00edc.-ot Tord\u00e1n (1922), teol\u00f3gi\u00e1t Szebenben \u00e9s Kv.-on v\u00e9gzett (1925). Pet\u00e9be helyezt\u00e9k (1925. nov.7. \u2013 1945. j\u00fal. 1.), ahonnan Marosszentgy\u00f6rgyre ker\u00fclt az ort. par\u00f3ki\u00e1ra (1945\u201368). Ott papilakot \u00e9p\u00edttetett (1946), hozz\u00e1j\u00e1rult a k\u00f6zs\u00e9g \u00e9s a templom [&hellip;]<\/p>\n","protected":false},"featured_media":0,"comment_status":"open","ping_status":"closed","template":"","meta":[],"product_brand":[],"product_cat":[137],"product_tag":[],"class_list":{"0":"post-19712","1":"product","2":"type-product","3":"status-publish","5":"product_cat-maros-megyei-eletrajzi-lexikon","7":"first","8":"instock","9":"shipping-taxable","10":"product-type-simple"},"_links":{"self":[{"href":"https:\/\/uj.adatbank.ro\/lexikon\/wp-json\/wp\/v2\/product\/19712","targetHints":{"allow":["GET"]}}],"collection":[{"href":"https:\/\/uj.adatbank.ro\/lexikon\/wp-json\/wp\/v2\/product"}],"about":[{"href":"https:\/\/uj.adatbank.ro\/lexikon\/wp-json\/wp\/v2\/types\/product"}],"replies":[{"embeddable":true,"href":"https:\/\/uj.adatbank.ro\/lexikon\/wp-json\/wp\/v2\/comments?post=19712"}],"wp:attachment":[{"href":"https:\/\/uj.adatbank.ro\/lexikon\/wp-json\/wp\/v2\/media?parent=19712"}],"wp:term":[{"taxonomy":"product_brand","embeddable":true,"href":"https:\/\/uj.adatbank.ro\/lexikon\/wp-json\/wp\/v2\/product_brand?post=19712"},{"taxonomy":"product_cat","embeddable":true,"href":"https:\/\/uj.adatbank.ro\/lexikon\/wp-json\/wp\/v2\/product_cat?post=19712"},{"taxonomy":"product_tag","embeddable":true,"href":"https:\/\/uj.adatbank.ro\/lexikon\/wp-json\/wp\/v2\/product_tag?post=19712"}],"curies":[{"name":"wp","href":"https:\/\/api.w.org\/{rel}","templated":true}]}}