{"id":19717,"date":"2025-07-22T18:22:16","date_gmt":"2025-07-22T16:22:16","guid":{"rendered":"https:\/\/uj.adatbank.ro\/lexikon\/termek\/sanmarghitan-emil\/"},"modified":"2025-07-22T18:22:16","modified_gmt":"2025-07-22T16:22:16","slug":"sanmarghitan-emil","status":"publish","type":"product","link":"https:\/\/uj.adatbank.ro\/lexikon\/termek\/sanmarghitan-emil\/","title":{"rendered":"S\u00c2NM\u0102RGHI\u0162AN, Emil"},"content":{"rendered":"<p>? \u2020?: ort. pap. \u2013 Als\u00f3r\u00e9p\u00e1ban szolg\u00e1lt (1949\u201363). <br \/><strong>Irod.:<\/strong> Reghin, Protopopiat.<\/br><\/p>\n","protected":false},"excerpt":{"rendered":"<p>? \u2020?: ort. pap. \u2013 Als\u00f3r\u00e9p\u00e1ban szolg\u00e1lt (1949\u201363). Irod.: Reghin, Protopopiat.<\/p>\n","protected":false},"featured_media":0,"comment_status":"open","ping_status":"closed","template":"","meta":[],"product_brand":[],"product_cat":[137],"product_tag":[],"class_list":{"0":"post-19717","1":"product","2":"type-product","3":"status-publish","5":"product_cat-maros-megyei-eletrajzi-lexikon","7":"first","8":"instock","9":"shipping-taxable","10":"product-type-simple"},"_links":{"self":[{"href":"https:\/\/uj.adatbank.ro\/lexikon\/wp-json\/wp\/v2\/product\/19717","targetHints":{"allow":["GET"]}}],"collection":[{"href":"https:\/\/uj.adatbank.ro\/lexikon\/wp-json\/wp\/v2\/product"}],"about":[{"href":"https:\/\/uj.adatbank.ro\/lexikon\/wp-json\/wp\/v2\/types\/product"}],"replies":[{"embeddable":true,"href":"https:\/\/uj.adatbank.ro\/lexikon\/wp-json\/wp\/v2\/comments?post=19717"}],"wp:attachment":[{"href":"https:\/\/uj.adatbank.ro\/lexikon\/wp-json\/wp\/v2\/media?parent=19717"}],"wp:term":[{"taxonomy":"product_brand","embeddable":true,"href":"https:\/\/uj.adatbank.ro\/lexikon\/wp-json\/wp\/v2\/product_brand?post=19717"},{"taxonomy":"product_cat","embeddable":true,"href":"https:\/\/uj.adatbank.ro\/lexikon\/wp-json\/wp\/v2\/product_cat?post=19717"},{"taxonomy":"product_tag","embeddable":true,"href":"https:\/\/uj.adatbank.ro\/lexikon\/wp-json\/wp\/v2\/product_tag?post=19717"}],"curies":[{"name":"wp","href":"https:\/\/api.w.org\/{rel}","templated":true}]}}