{"id":19719,"date":"2025-07-22T18:22:24","date_gmt":"2025-07-22T16:22:24","guid":{"rendered":"https:\/\/uj.adatbank.ro\/lexikon\/termek\/santa-albert-santha-albert-sovaradi-es-szentimrei\/"},"modified":"2025-07-22T18:22:24","modified_gmt":"2025-07-22T16:22:24","slug":"santa-albert-santha-albert-sovaradi-es-szentimrei","status":"publish","type":"product","link":"https:\/\/uj.adatbank.ro\/lexikon\/termek\/santa-albert-santha-albert-sovaradi-es-szentimrei\/","title":{"rendered":"S\u00c1NTA Albert, S\u00e1ntha Albert, s\u00f3v\u00e1radi \u00e9s szentimrei"},"content":{"rendered":"<p>Mv., 1860., \u2020\u00a0Szenth\u00e1roms\u00e1g, 1918. nov. 5.: f\u00f6ldbirtokos. \u2013 Apja S\u00e1ntha K\u00e1roly. Feles\u00e9ge: Bereczky Emilia (1869? \u2013 Bp., 1917. \u00e1pr. 13. Szenth\u00e1roms\u00e1gon temett\u00e9k). Le\u00e1nyuk: S. Ilona dr. Radnay B\u00e9l\u00e1n\u00e9. \u2013 A Takar\u00e9k P\u00e9nzt\u00e1r gazdas\u00e1gi tan\u00e1csosa, titk\u00e1ra, szakbecs\u00fcs. A szenth\u00e1roms\u00e1gi k\u00f6zs\u00e9g b\u00edr\u00f3ja. A lakoss\u00e1g \u00e1ltal kast\u00e9lynak nevezett udvarh\u00e1zban \u00e9lt. Viselked\u00e9se, kegyetlens\u00e9ge miatt \u2013 k\u00fcl\u00f6n\u00f6sen az els\u0151 vh. idej\u00e9n, a haragos falusiak saj\u00e1t vad\u00e1szfegyver\u00e9vel agyonl\u0151tt\u00e9k. A katonafeles\u00e9geknek j\u00e1r\u00f3 seg\u00e9lyt elvette, mint b\u00edr\u00f3 a vissza\u00e9l\u00e9sek \u00e9s durvas\u00e1gok sorozat\u00e1t k\u00f6vette el. Feles\u00e9g\u00e9t is \u00fagy megverte, hogy belehalt. A hajdani csonka-torny\u00fa S\u00e1nta k\u00fari\u00e1ban iskola ny\u00edlt (az 1950-es \u00e9vekben). \u2013 <strong>F. m.<\/strong>: <strong>t\u00e1rssz.:<\/strong> Marostorda v\u00e1rmegyei Gazdas\u00e1gi Egyes\u00fclet alapszab\u00e1lyai \u00e9s tagjainak n\u00e9vsora (mint titk\u00e1r, Mv., 1913). <br \/><strong>Irod.:<\/strong> Bak\u00f3 Zolt\u00e1n: B\u00e1rmikor \u00f6sszeomolhat az \u00f3don \u00e9p\u00edt\u00e9szeti m\u0171remek [Szenth\u00e1roms\u00e1gon] (Kr\u00f3nika, 2002. nov. 19.); Gy\u00e1szjelent.; Keresztes Gyula: \u00d6r\u00f6ks\u00e9g\u00fcnk 37.: A szenth\u00e1roms\u00e1gi udvarh\u00e1zak (N\u00fa., 1993. aug. 27.); Nagy k\u00f6zs\u00e9g a Ny\u00e1r\u00e1dment\u00e9n (V. Z., 1958. aug. 27.); Ny\u00e1r\u00e1d mente; P\u00e1lmay, Szenth\u00e1roms\u00e1g.<\/br><\/p>\n","protected":false},"excerpt":{"rendered":"<p>Mv., 1860., \u2020\u00a0Szenth\u00e1roms\u00e1g, 1918. nov. 5.: f\u00f6ldbirtokos. \u2013 Apja S\u00e1ntha K\u00e1roly. Feles\u00e9ge: Bereczky Emilia (1869? \u2013 Bp., 1917. \u00e1pr. 13. Szenth\u00e1roms\u00e1gon temett\u00e9k). Le\u00e1nyuk: S. Ilona dr. Radnay B\u00e9l\u00e1n\u00e9. \u2013 A Takar\u00e9k P\u00e9nzt\u00e1r gazdas\u00e1gi tan\u00e1csosa, titk\u00e1ra, szakbecs\u00fcs. A szenth\u00e1roms\u00e1gi k\u00f6zs\u00e9g b\u00edr\u00f3ja. A lakoss\u00e1g \u00e1ltal kast\u00e9lynak nevezett udvarh\u00e1zban \u00e9lt. Viselked\u00e9se, kegyetlens\u00e9ge miatt \u2013 k\u00fcl\u00f6n\u00f6sen az els\u0151 vh. [&hellip;]<\/p>\n","protected":false},"featured_media":0,"comment_status":"open","ping_status":"closed","template":"","meta":[],"product_brand":[],"product_cat":[137],"product_tag":[],"class_list":{"0":"post-19719","1":"product","2":"type-product","3":"status-publish","5":"product_cat-maros-megyei-eletrajzi-lexikon","7":"first","8":"instock","9":"shipping-taxable","10":"product-type-simple"},"_links":{"self":[{"href":"https:\/\/uj.adatbank.ro\/lexikon\/wp-json\/wp\/v2\/product\/19719","targetHints":{"allow":["GET"]}}],"collection":[{"href":"https:\/\/uj.adatbank.ro\/lexikon\/wp-json\/wp\/v2\/product"}],"about":[{"href":"https:\/\/uj.adatbank.ro\/lexikon\/wp-json\/wp\/v2\/types\/product"}],"replies":[{"embeddable":true,"href":"https:\/\/uj.adatbank.ro\/lexikon\/wp-json\/wp\/v2\/comments?post=19719"}],"wp:attachment":[{"href":"https:\/\/uj.adatbank.ro\/lexikon\/wp-json\/wp\/v2\/media?parent=19719"}],"wp:term":[{"taxonomy":"product_brand","embeddable":true,"href":"https:\/\/uj.adatbank.ro\/lexikon\/wp-json\/wp\/v2\/product_brand?post=19719"},{"taxonomy":"product_cat","embeddable":true,"href":"https:\/\/uj.adatbank.ro\/lexikon\/wp-json\/wp\/v2\/product_cat?post=19719"},{"taxonomy":"product_tag","embeddable":true,"href":"https:\/\/uj.adatbank.ro\/lexikon\/wp-json\/wp\/v2\/product_tag?post=19719"}],"curies":[{"name":"wp","href":"https:\/\/api.w.org\/{rel}","templated":true}]}}