{"id":1972,"date":"2025-06-28T11:59:37","date_gmt":"2025-06-28T09:59:37","guid":{"rendered":"https:\/\/uj.adatbank.ro\/lexikon\/termek\/balazs-ignac-balazs-kapcza-ignac\/"},"modified":"2025-06-28T11:59:37","modified_gmt":"2025-06-28T09:59:37","slug":"balazs-ignac-balazs-kapcza-ignac","status":"publish","type":"product","link":"https:\/\/uj.adatbank.ro\/lexikon\/termek\/balazs-ignac-balazs-kapcza-ignac\/","title":{"rendered":"BAL\u00c1ZS Ign\u00e1c, Bal\u00e1zs Kapcza Ign\u00e1c"},"content":{"rendered":"<p>Sz\u00e9kelyudvarhely, 1864. m\u00e1rc. 6., \u2020\u00a01899. szept. 7.: r. k. pap. \u2013 Sz\u00fcl\u0151v\u00e1ros\u00e1ban v\u00e9gezte a gimn.-ot, a teol\u00f3gi\u00e1t Gyulafeh\u00e9rv\u00e1ron. Papp\u00e1 szentelt\u00e9k (1887. j\u00fal. 14.). K\u00e1pl\u00e1n volt Cs\u00edkszered\u00e1ban, Ny\u00e1r\u00e1dsely\u00e9be helyezt\u00e9k (1891. szept. \u201394), majd K\u00fck\u00fcll\u0151kem\u00e9nyfalv\u00e1n lelk\u00e9sz (1894\u2013). <br \/><strong>Irod.:<\/strong> Ferenczi S\u00e1ndor 2009; Maros-k\u00fck\u00fcll\u0151i f\u0151esp.<\/br><\/p>\n","protected":false},"excerpt":{"rendered":"<p>Sz\u00e9kelyudvarhely, 1864. m\u00e1rc. 6., \u2020\u00a01899. szept. 7.: r. k. pap. \u2013 Sz\u00fcl\u0151v\u00e1ros\u00e1ban v\u00e9gezte a gimn.-ot, a teol\u00f3gi\u00e1t Gyulafeh\u00e9rv\u00e1ron. Papp\u00e1 szentelt\u00e9k (1887. j\u00fal. 14.). K\u00e1pl\u00e1n volt Cs\u00edkszered\u00e1ban, Ny\u00e1r\u00e1dsely\u00e9be helyezt\u00e9k (1891. szept. \u201394), majd K\u00fck\u00fcll\u0151kem\u00e9nyfalv\u00e1n lelk\u00e9sz (1894\u2013). Irod.: Ferenczi S\u00e1ndor 2009; Maros-k\u00fck\u00fcll\u0151i f\u0151esp.<\/p>\n","protected":false},"featured_media":0,"comment_status":"open","ping_status":"closed","template":"","meta":[],"product_brand":[],"product_cat":[137],"product_tag":[],"class_list":{"0":"post-1972","1":"product","2":"type-product","3":"status-publish","5":"product_cat-maros-megyei-eletrajzi-lexikon","7":"first","8":"instock","9":"shipping-taxable","10":"product-type-simple"},"_links":{"self":[{"href":"https:\/\/uj.adatbank.ro\/lexikon\/wp-json\/wp\/v2\/product\/1972","targetHints":{"allow":["GET"]}}],"collection":[{"href":"https:\/\/uj.adatbank.ro\/lexikon\/wp-json\/wp\/v2\/product"}],"about":[{"href":"https:\/\/uj.adatbank.ro\/lexikon\/wp-json\/wp\/v2\/types\/product"}],"replies":[{"embeddable":true,"href":"https:\/\/uj.adatbank.ro\/lexikon\/wp-json\/wp\/v2\/comments?post=1972"}],"wp:attachment":[{"href":"https:\/\/uj.adatbank.ro\/lexikon\/wp-json\/wp\/v2\/media?parent=1972"}],"wp:term":[{"taxonomy":"product_brand","embeddable":true,"href":"https:\/\/uj.adatbank.ro\/lexikon\/wp-json\/wp\/v2\/product_brand?post=1972"},{"taxonomy":"product_cat","embeddable":true,"href":"https:\/\/uj.adatbank.ro\/lexikon\/wp-json\/wp\/v2\/product_cat?post=1972"},{"taxonomy":"product_tag","embeddable":true,"href":"https:\/\/uj.adatbank.ro\/lexikon\/wp-json\/wp\/v2\/product_tag?post=1972"}],"curies":[{"name":"wp","href":"https:\/\/api.w.org\/{rel}","templated":true}]}}