{"id":19720,"date":"2025-07-22T18:22:26","date_gmt":"2025-07-22T16:22:26","guid":{"rendered":"https:\/\/uj.adatbank.ro\/lexikon\/termek\/santa-angelus-p-%c2%a7\/"},"modified":"2025-07-22T18:22:26","modified_gmt":"2025-07-22T16:22:26","slug":"santa-angelus-p-%c2%a7","status":"publish","type":"product","link":"https:\/\/uj.adatbank.ro\/lexikon\/termek\/santa-angelus-p-%c2%a7\/","title":{"rendered":"S\u00c1NTA Angelus, P. \u00a7"},"content":{"rendered":"<p>? \u2020?: r. k. pap. \u2013 Marosszentgy\u00f6rgyi pl\u00e9b\u00e1nos, adminisztr\u00e1tor parochi\u00e1lis (1901\u201302). <br \/><strong>Irod.:<\/strong> Baricz.<\/br><\/p>\n","protected":false},"excerpt":{"rendered":"<p>? \u2020?: r. k. pap. \u2013 Marosszentgy\u00f6rgyi pl\u00e9b\u00e1nos, adminisztr\u00e1tor parochi\u00e1lis (1901\u201302). Irod.: Baricz.<\/p>\n","protected":false},"featured_media":0,"comment_status":"open","ping_status":"closed","template":"","meta":[],"product_brand":[],"product_cat":[137],"product_tag":[],"class_list":{"0":"post-19720","1":"product","2":"type-product","3":"status-publish","5":"product_cat-maros-megyei-eletrajzi-lexikon","7":"first","8":"instock","9":"shipping-taxable","10":"product-type-simple"},"_links":{"self":[{"href":"https:\/\/uj.adatbank.ro\/lexikon\/wp-json\/wp\/v2\/product\/19720","targetHints":{"allow":["GET"]}}],"collection":[{"href":"https:\/\/uj.adatbank.ro\/lexikon\/wp-json\/wp\/v2\/product"}],"about":[{"href":"https:\/\/uj.adatbank.ro\/lexikon\/wp-json\/wp\/v2\/types\/product"}],"replies":[{"embeddable":true,"href":"https:\/\/uj.adatbank.ro\/lexikon\/wp-json\/wp\/v2\/comments?post=19720"}],"wp:attachment":[{"href":"https:\/\/uj.adatbank.ro\/lexikon\/wp-json\/wp\/v2\/media?parent=19720"}],"wp:term":[{"taxonomy":"product_brand","embeddable":true,"href":"https:\/\/uj.adatbank.ro\/lexikon\/wp-json\/wp\/v2\/product_brand?post=19720"},{"taxonomy":"product_cat","embeddable":true,"href":"https:\/\/uj.adatbank.ro\/lexikon\/wp-json\/wp\/v2\/product_cat?post=19720"},{"taxonomy":"product_tag","embeddable":true,"href":"https:\/\/uj.adatbank.ro\/lexikon\/wp-json\/wp\/v2\/product_tag?post=19720"}],"curies":[{"name":"wp","href":"https:\/\/api.w.org\/{rel}","templated":true}]}}