{"id":19721,"date":"2025-07-22T18:22:27","date_gmt":"2025-07-22T16:22:27","guid":{"rendered":"https:\/\/uj.adatbank.ro\/lexikon\/termek\/santa-antal-santha-antal\/"},"modified":"2025-07-22T18:22:27","modified_gmt":"2025-07-22T16:22:27","slug":"santa-antal-santha-antal","status":"publish","type":"product","link":"https:\/\/uj.adatbank.ro\/lexikon\/termek\/santa-antal-santha-antal\/","title":{"rendered":"S\u00c1NTA Antal, S\u00c1NTHA Antal"},"content":{"rendered":"<p>? \u2020?: f\u0151b\u00edr\u00f3, tan\u00e1csos. \u2013 A gubernium seg\u00edts\u00e9g\u00e9vel lett Mv.-en v\u00e1rosi tan\u00e1csos (1790\u2013) Mv.-i v\u00e1rosi f\u0151b\u00edr\u00f3 (1783\u20131787). A b\u00edr\u00f3s\u00e1got a szok\u00e1st\u00f3l elt\u00e9r\u0151en n\u00e9gy \u00e9vig viselte \u00e9s nem k\u00e9t \u00e9vig, ahogy a sz\u00e1zad k\u00f6zep\u00e9t\u0151l a v\u00e1rosi t\u00f6rv\u00e9nyek el\u0151\u00edrt\u00e1k. Tan\u00e1csos (1800). <br \/><strong>Irod.:<\/strong> Fodor\u2013Bal\u00e1s; Fogarasi; Id\u0151t\u00e1r 1; Id\u0151t\u00e1r 5\/3; P\u00e1l-Antal 2009; Szentgy\u00f6rgyi.<\/br><\/p>\n","protected":false},"excerpt":{"rendered":"<p>? \u2020?: f\u0151b\u00edr\u00f3, tan\u00e1csos. \u2013 A gubernium seg\u00edts\u00e9g\u00e9vel lett Mv.-en v\u00e1rosi tan\u00e1csos (1790\u2013) Mv.-i v\u00e1rosi f\u0151b\u00edr\u00f3 (1783\u20131787). A b\u00edr\u00f3s\u00e1got a szok\u00e1st\u00f3l elt\u00e9r\u0151en n\u00e9gy \u00e9vig viselte \u00e9s nem k\u00e9t \u00e9vig, ahogy a sz\u00e1zad k\u00f6zep\u00e9t\u0151l a v\u00e1rosi t\u00f6rv\u00e9nyek el\u0151\u00edrt\u00e1k. Tan\u00e1csos (1800). Irod.: Fodor\u2013Bal\u00e1s; Fogarasi; Id\u0151t\u00e1r 1; Id\u0151t\u00e1r 5\/3; P\u00e1l-Antal 2009; Szentgy\u00f6rgyi.<\/p>\n","protected":false},"featured_media":0,"comment_status":"open","ping_status":"closed","template":"","meta":[],"product_brand":[],"product_cat":[137],"product_tag":[],"class_list":{"0":"post-19721","1":"product","2":"type-product","3":"status-publish","5":"product_cat-maros-megyei-eletrajzi-lexikon","7":"first","8":"instock","9":"shipping-taxable","10":"product-type-simple"},"_links":{"self":[{"href":"https:\/\/uj.adatbank.ro\/lexikon\/wp-json\/wp\/v2\/product\/19721","targetHints":{"allow":["GET"]}}],"collection":[{"href":"https:\/\/uj.adatbank.ro\/lexikon\/wp-json\/wp\/v2\/product"}],"about":[{"href":"https:\/\/uj.adatbank.ro\/lexikon\/wp-json\/wp\/v2\/types\/product"}],"replies":[{"embeddable":true,"href":"https:\/\/uj.adatbank.ro\/lexikon\/wp-json\/wp\/v2\/comments?post=19721"}],"wp:attachment":[{"href":"https:\/\/uj.adatbank.ro\/lexikon\/wp-json\/wp\/v2\/media?parent=19721"}],"wp:term":[{"taxonomy":"product_brand","embeddable":true,"href":"https:\/\/uj.adatbank.ro\/lexikon\/wp-json\/wp\/v2\/product_brand?post=19721"},{"taxonomy":"product_cat","embeddable":true,"href":"https:\/\/uj.adatbank.ro\/lexikon\/wp-json\/wp\/v2\/product_cat?post=19721"},{"taxonomy":"product_tag","embeddable":true,"href":"https:\/\/uj.adatbank.ro\/lexikon\/wp-json\/wp\/v2\/product_tag?post=19721"}],"curies":[{"name":"wp","href":"https:\/\/api.w.org\/{rel}","templated":true}]}}