{"id":19722,"date":"2025-07-22T18:22:29","date_gmt":"2025-07-22T16:22:29","guid":{"rendered":"https:\/\/uj.adatbank.ro\/lexikon\/termek\/santa-antal-santha-istvan\/"},"modified":"2025-07-22T18:22:29","modified_gmt":"2025-07-22T16:22:29","slug":"santa-antal-santha-istvan","status":"publish","type":"product","link":"https:\/\/uj.adatbank.ro\/lexikon\/termek\/santa-antal-santha-istvan\/","title":{"rendered":"S\u00c1NTA Antal, S\u00e1ntha Istv\u00e1n"},"content":{"rendered":"<p>Szabadbatty\u00e1n, 1928. j\u00fan. 5., \u2020 K\u0151halom, 1995. szept. 18. A marosszentgy\u00f6rgyi r. k. templom s\u00edrkertj\u00e9ben nyugszik: r. k. pap. \u2013 Mv.-en \u00e9s Gyulafeh\u00e9rv\u00e1ron tanult, itt szentelt\u00e9k papp\u00e1 (1956. j\u00fan. 29). K\u00e1pl\u00e1n Abosfalv\u00e1n, Cs\u00edkszentdomokoson pl\u00e9b\u00e1nos. Letart\u00f3ztatt\u00e1k (1958. okt. 21.) \u00e9s \u201etiltott kiadv\u00e1nyok \u0151rz\u00e9se \u00e9s terjeszt\u00e9se, nemi er\u0151szak (kiskor\u00fa l\u00e1nyok megront\u00e1sa)\u201d v\u00e1dj\u00e1val \u00e1ll\u00edtott\u00e1k b\u00edr\u00f3s\u00e1g el\u00e9. 12 \u00e9v b\u00f6rt\u00f6nre \u00edt\u00e9lt\u00e9k. B\u00f6rt\u00f6n\u00e9veit Mv.-en, Szamos\u00fajv\u00e1ron, a Br\u0103ilai Nagysziget k\u00e9nyszermunka-t\u00e1boraiban t\u00f6lt\u00f6tte. Szabadul\u00e1sa (1965) ut\u00e1n Mik\u00f3\u00fajfaluban, Nagyerny\u00e9ben pl\u00e9b\u00e1nos (1976\u201382), ahol sok jav\u00edt\u00e1st v\u00e9geztek a kat. templomon. Jobb\u00e1gytelk\u00e9n szolg\u00e1lt (1982\u201383), v\u00e9g\u00fcl K\u0151halomban volt pl\u00e9b\u00e1nos. <br \/><strong>Irod.:<\/strong> 1956 Erd\u00e9lyben; Ferenczi S\u00e1ndor 2009; Maros-k\u00fck\u00fcll\u0151i f\u0151esp.; Nagyernye; Nemes Gyula: Szakr\u00e1lis eml\u00e9kek&#8230;= P\u00e1l-Antal \u2013 Simon.<\/br><\/p>\n","protected":false},"excerpt":{"rendered":"<p>Szabadbatty\u00e1n, 1928. j\u00fan. 5., \u2020 K\u0151halom, 1995. szept. 18. A marosszentgy\u00f6rgyi r. k. templom s\u00edrkertj\u00e9ben nyugszik: r. k. pap. \u2013 Mv.-en \u00e9s Gyulafeh\u00e9rv\u00e1ron tanult, itt szentelt\u00e9k papp\u00e1 (1956. j\u00fan. 29). K\u00e1pl\u00e1n Abosfalv\u00e1n, Cs\u00edkszentdomokoson pl\u00e9b\u00e1nos. Letart\u00f3ztatt\u00e1k (1958. okt. 21.) \u00e9s \u201etiltott kiadv\u00e1nyok \u0151rz\u00e9se \u00e9s terjeszt\u00e9se, nemi er\u0151szak (kiskor\u00fa l\u00e1nyok megront\u00e1sa)\u201d v\u00e1dj\u00e1val \u00e1ll\u00edtott\u00e1k b\u00edr\u00f3s\u00e1g el\u00e9. 12 \u00e9v [&hellip;]<\/p>\n","protected":false},"featured_media":0,"comment_status":"open","ping_status":"closed","template":"","meta":[],"product_brand":[],"product_cat":[137],"product_tag":[],"class_list":{"0":"post-19722","1":"product","2":"type-product","3":"status-publish","5":"product_cat-maros-megyei-eletrajzi-lexikon","7":"first","8":"instock","9":"shipping-taxable","10":"product-type-simple"},"_links":{"self":[{"href":"https:\/\/uj.adatbank.ro\/lexikon\/wp-json\/wp\/v2\/product\/19722","targetHints":{"allow":["GET"]}}],"collection":[{"href":"https:\/\/uj.adatbank.ro\/lexikon\/wp-json\/wp\/v2\/product"}],"about":[{"href":"https:\/\/uj.adatbank.ro\/lexikon\/wp-json\/wp\/v2\/types\/product"}],"replies":[{"embeddable":true,"href":"https:\/\/uj.adatbank.ro\/lexikon\/wp-json\/wp\/v2\/comments?post=19722"}],"wp:attachment":[{"href":"https:\/\/uj.adatbank.ro\/lexikon\/wp-json\/wp\/v2\/media?parent=19722"}],"wp:term":[{"taxonomy":"product_brand","embeddable":true,"href":"https:\/\/uj.adatbank.ro\/lexikon\/wp-json\/wp\/v2\/product_brand?post=19722"},{"taxonomy":"product_cat","embeddable":true,"href":"https:\/\/uj.adatbank.ro\/lexikon\/wp-json\/wp\/v2\/product_cat?post=19722"},{"taxonomy":"product_tag","embeddable":true,"href":"https:\/\/uj.adatbank.ro\/lexikon\/wp-json\/wp\/v2\/product_tag?post=19722"}],"curies":[{"name":"wp","href":"https:\/\/api.w.org\/{rel}","templated":true}]}}