{"id":19724,"date":"2025-07-22T18:22:33","date_gmt":"2025-07-22T16:22:33","guid":{"rendered":"https:\/\/uj.adatbank.ro\/lexikon\/termek\/santa-istvan\/"},"modified":"2025-07-22T18:22:33","modified_gmt":"2025-07-22T16:22:33","slug":"santa-istvan","status":"publish","type":"product","link":"https:\/\/uj.adatbank.ro\/lexikon\/termek\/santa-istvan\/","title":{"rendered":"S\u00c1NTA Istv\u00e1n"},"content":{"rendered":"<p>?, \u2020?: tan\u00edt\u00f3. \u2013 Feles\u00e9ge: Szab\u00f3 Erzs\u00e9bet. \u2013 S\u00f3v\u00e1radon (1726\u20131728), Ny\u00e1r\u00e1dsely\u00e9n (1731\u20131732), Magyarp\u00e9terlak\u00e1n (1737), Als\u00f3b\u00f6lk\u00e9nyben (1744\u201348), K\u00f6rtv\u00e9lyf\u00e1j\u00e1n (1750) \u00e9s Nagy\u00f6lyvesen (1750. m\u00e1j. 2. \u2013 1751) volt mester. Havad els\u0151 tan\u00edt\u00f3ja volt (1756\u201358). Havad k\u00f6zs\u00e9gt\u0151l 28 mft-tal megv\u00e9teti a mostani tan\u00edt\u00f3i telek egy r\u00e9sz\u00e9t, amelyen egy kis p\u00e1sztorh\u00e1z volt. Ezt a h\u00e1zat kijav\u00edttatta tan\u00edt\u00f3i lak\u00e1s c\u00e9lj\u00e1ra. Sok\u00e1ig ebben a val\u00f3sz\u00edn\u0171leg k\u00e9tszob\u00e1s, f\u00f6ldes padl\u00f3j\u00fa h\u00e1zban lakott a tan\u00edt\u00f3i csal\u00e1d, \u00e9s itt folyt az oktat\u00e1s is. <br \/><strong>Irod.:<\/strong> Havad; Imreh Barna; \u0150sz.<\/br><\/p>\n","protected":false},"excerpt":{"rendered":"<p>?, \u2020?: tan\u00edt\u00f3. \u2013 Feles\u00e9ge: Szab\u00f3 Erzs\u00e9bet. \u2013 S\u00f3v\u00e1radon (1726\u20131728), Ny\u00e1r\u00e1dsely\u00e9n (1731\u20131732), Magyarp\u00e9terlak\u00e1n (1737), Als\u00f3b\u00f6lk\u00e9nyben (1744\u201348), K\u00f6rtv\u00e9lyf\u00e1j\u00e1n (1750) \u00e9s Nagy\u00f6lyvesen (1750. m\u00e1j. 2. \u2013 1751) volt mester. Havad els\u0151 tan\u00edt\u00f3ja volt (1756\u201358). Havad k\u00f6zs\u00e9gt\u0151l 28 mft-tal megv\u00e9teti a mostani tan\u00edt\u00f3i telek egy r\u00e9sz\u00e9t, amelyen egy kis p\u00e1sztorh\u00e1z volt. Ezt a h\u00e1zat kijav\u00edttatta tan\u00edt\u00f3i lak\u00e1s c\u00e9lj\u00e1ra. [&hellip;]<\/p>\n","protected":false},"featured_media":0,"comment_status":"open","ping_status":"closed","template":"","meta":[],"product_brand":[],"product_cat":[137],"product_tag":[],"class_list":{"0":"post-19724","1":"product","2":"type-product","3":"status-publish","5":"product_cat-maros-megyei-eletrajzi-lexikon","7":"first","8":"instock","9":"shipping-taxable","10":"product-type-simple"},"_links":{"self":[{"href":"https:\/\/uj.adatbank.ro\/lexikon\/wp-json\/wp\/v2\/product\/19724","targetHints":{"allow":["GET"]}}],"collection":[{"href":"https:\/\/uj.adatbank.ro\/lexikon\/wp-json\/wp\/v2\/product"}],"about":[{"href":"https:\/\/uj.adatbank.ro\/lexikon\/wp-json\/wp\/v2\/types\/product"}],"replies":[{"embeddable":true,"href":"https:\/\/uj.adatbank.ro\/lexikon\/wp-json\/wp\/v2\/comments?post=19724"}],"wp:attachment":[{"href":"https:\/\/uj.adatbank.ro\/lexikon\/wp-json\/wp\/v2\/media?parent=19724"}],"wp:term":[{"taxonomy":"product_brand","embeddable":true,"href":"https:\/\/uj.adatbank.ro\/lexikon\/wp-json\/wp\/v2\/product_brand?post=19724"},{"taxonomy":"product_cat","embeddable":true,"href":"https:\/\/uj.adatbank.ro\/lexikon\/wp-json\/wp\/v2\/product_cat?post=19724"},{"taxonomy":"product_tag","embeddable":true,"href":"https:\/\/uj.adatbank.ro\/lexikon\/wp-json\/wp\/v2\/product_tag?post=19724"}],"curies":[{"name":"wp","href":"https:\/\/api.w.org\/{rel}","templated":true}]}}