{"id":19725,"date":"2025-07-22T18:22:35","date_gmt":"2025-07-22T16:22:35","guid":{"rendered":"https:\/\/uj.adatbank.ro\/lexikon\/termek\/santa-istvan-santha-istvan\/"},"modified":"2025-07-22T18:22:35","modified_gmt":"2025-07-22T16:22:35","slug":"santa-istvan-santha-istvan","status":"publish","type":"product","link":"https:\/\/uj.adatbank.ro\/lexikon\/termek\/santa-istvan-santha-istvan\/","title":{"rendered":"S\u00c1NTA Istv\u00e1n, S\u00e1ntha Istv\u00e1n"},"content":{"rendered":"<p>Vajdaszentiv\u00e1ny, 1926. nov. 18., \u2020\u00a0Mv., 1987. szept. 28. A marosszentgy\u00f6rgyi r. k. templom s\u00edrkertj\u00e9ben nyugszik: r. k. pap. \u2013 A gimn.-ot Mv.-en (1938\u201344) \u00e9s Gyulafeh\u00e9rv\u00e1ron (1944\u201346), a teol.-t Gyulafeh\u00e9rv\u00e1rt v\u00e9gezte. Fiedler Istv\u00e1n p\u00fcsp\u00f6k szentelte papp\u00e1 Nagyv\u00e1radon, M\u00e1rton \u00c1ron ekkor b\u00f6rt\u00f6nben volt (1951). K\u00e1pl\u00e1n Gyulafeh\u00e9rv\u00e1ron (1955), Sz\u00e1szsebesen pl\u00e9b\u00e1nos (1952). Nem t\u00e1mogatta az erd\u00e9lyi egyh\u00e1zmegye elszakad\u00e1s\u00e1t R\u00f3m\u00e1t\u00f3l, ez\u00e9rt Ojtuztelepre, k\u00e9nyszerlakhelyre k\u00f6lt\u00f6ztett\u00e9k. Gyergy\u00f3alfalun lelk\u00e9sz (1955). A Mikl\u00f3s-napi b\u00facs\u00fan (1957. dec. 6.) Gyergy\u00f3szentmikl\u00f3son mondott szentbesz\u00e9d\u00e9\u00e9rt letart\u00f3ztatt\u00e1k (1958. j\u00fal. 28.), \u00e9s \u00bbt\u00e1rsadalmi rend elleni tev\u00e9kenys\u00e9g\u00ab v\u00e1dj\u00e1val \u00e1ll\u00edtott\u00e1k b\u00edr\u00f3s\u00e1g el\u00e9, izgat\u00e1s c\u00edm\u00e9n 20 \u00e9vi k\u00e9nyszermunk\u00e1ra \u00edt\u00e9lt\u00e9k. Hossz\u00fa ideig l\u00e1ncra verve is tartott\u00e1k. Raboskodott Mv.-en, Szamos\u00fajv\u00e1rott, Br\u0103ila szigeten, Stoine\u015ften, a Duna-delt\u00e1ban, Paripr\u00e1v\u00e1n (1958\u201364). Amikor n\u00e1dv\u00e1g\u00e1skor a rabok alatt beszakadt a j\u00e9g, a munkaid\u0151 v\u00e9g\u00e9ig nem engedt\u00e9k megsz\u00e1r\u00edtani a ruh\u00e1jukat. K\u00f6zkegyelemmel szabadult (1964). Sepsik\u0151r\u00f6spatakon, K\u0151halomban, Zsilvajdejvulk\u00e1non, Arad-Mos\u00f3citelepen pl\u00e9b\u00e1nos (1981). <br \/><strong>Irod.:<\/strong> 1956 Erd\u00e9lyben; \u00c1ldozatok; Ferenczi S\u00e1ndor 2009; MKL; [Nekrol\u00f3g] (V. Z., 1987. szept. 30.); Nemes Gyula: Szakr\u00e1lis eml\u00e9kek&#8230;= P\u00e1l-Antal\u2013Simon.<\/br><\/p>\n","protected":false},"excerpt":{"rendered":"<p>Vajdaszentiv\u00e1ny, 1926. nov. 18., \u2020\u00a0Mv., 1987. szept. 28. A marosszentgy\u00f6rgyi r. k. templom s\u00edrkertj\u00e9ben nyugszik: r. k. pap. \u2013 A gimn.-ot Mv.-en (1938\u201344) \u00e9s Gyulafeh\u00e9rv\u00e1ron (1944\u201346), a teol.-t Gyulafeh\u00e9rv\u00e1rt v\u00e9gezte. Fiedler Istv\u00e1n p\u00fcsp\u00f6k szentelte papp\u00e1 Nagyv\u00e1radon, M\u00e1rton \u00c1ron ekkor b\u00f6rt\u00f6nben volt (1951). K\u00e1pl\u00e1n Gyulafeh\u00e9rv\u00e1ron (1955), Sz\u00e1szsebesen pl\u00e9b\u00e1nos (1952). Nem t\u00e1mogatta az erd\u00e9lyi egyh\u00e1zmegye elszakad\u00e1s\u00e1t R\u00f3m\u00e1t\u00f3l, [&hellip;]<\/p>\n","protected":false},"featured_media":0,"comment_status":"open","ping_status":"closed","template":"","meta":[],"product_brand":[],"product_cat":[137],"product_tag":[],"class_list":{"0":"post-19725","1":"product","2":"type-product","3":"status-publish","5":"product_cat-maros-megyei-eletrajzi-lexikon","7":"first","8":"instock","9":"shipping-taxable","10":"product-type-simple"},"_links":{"self":[{"href":"https:\/\/uj.adatbank.ro\/lexikon\/wp-json\/wp\/v2\/product\/19725","targetHints":{"allow":["GET"]}}],"collection":[{"href":"https:\/\/uj.adatbank.ro\/lexikon\/wp-json\/wp\/v2\/product"}],"about":[{"href":"https:\/\/uj.adatbank.ro\/lexikon\/wp-json\/wp\/v2\/types\/product"}],"replies":[{"embeddable":true,"href":"https:\/\/uj.adatbank.ro\/lexikon\/wp-json\/wp\/v2\/comments?post=19725"}],"wp:attachment":[{"href":"https:\/\/uj.adatbank.ro\/lexikon\/wp-json\/wp\/v2\/media?parent=19725"}],"wp:term":[{"taxonomy":"product_brand","embeddable":true,"href":"https:\/\/uj.adatbank.ro\/lexikon\/wp-json\/wp\/v2\/product_brand?post=19725"},{"taxonomy":"product_cat","embeddable":true,"href":"https:\/\/uj.adatbank.ro\/lexikon\/wp-json\/wp\/v2\/product_cat?post=19725"},{"taxonomy":"product_tag","embeddable":true,"href":"https:\/\/uj.adatbank.ro\/lexikon\/wp-json\/wp\/v2\/product_tag?post=19725"}],"curies":[{"name":"wp","href":"https:\/\/api.w.org\/{rel}","templated":true}]}}