{"id":19726,"date":"2025-07-22T18:22:38","date_gmt":"2025-07-22T16:22:38","guid":{"rendered":"https:\/\/uj.adatbank.ro\/lexikon\/termek\/santa-janos\/"},"modified":"2025-07-22T18:22:38","modified_gmt":"2025-07-22T16:22:38","slug":"santa-janos","status":"publish","type":"product","link":"https:\/\/uj.adatbank.ro\/lexikon\/termek\/santa-janos\/","title":{"rendered":"S\u00c1NTA J\u00e1nos"},"content":{"rendered":"<p>? \u2020?: l\u00f3f\u0151. \u2013 A nagyernyei csal\u00e1db\u00f3l l\u00f3f\u0151s\u00e9get nyert (1591. febr. 12.). A csal\u00e1d Nagyerny\u00e9ben \u00e9lt (1602\u2013). <br \/><strong>Irod.:<\/strong> Kempelen; Keresztes Gyula: \u00d6r\u00f6ks\u00e9g\u00fcnk 50: A nagyernyei udvarh\u00e1zak (1994. febr. 11.).<\/br><\/p>\n","protected":false},"excerpt":{"rendered":"<p>? \u2020?: l\u00f3f\u0151. \u2013 A nagyernyei csal\u00e1db\u00f3l l\u00f3f\u0151s\u00e9get nyert (1591. febr. 12.). A csal\u00e1d Nagyerny\u00e9ben \u00e9lt (1602\u2013). Irod.: Kempelen; Keresztes Gyula: \u00d6r\u00f6ks\u00e9g\u00fcnk 50: A nagyernyei udvarh\u00e1zak (1994. febr. 11.).<\/p>\n","protected":false},"featured_media":0,"comment_status":"open","ping_status":"closed","template":"","meta":[],"product_brand":[],"product_cat":[137],"product_tag":[],"class_list":{"0":"post-19726","1":"product","2":"type-product","3":"status-publish","5":"product_cat-maros-megyei-eletrajzi-lexikon","7":"first","8":"instock","9":"shipping-taxable","10":"product-type-simple"},"_links":{"self":[{"href":"https:\/\/uj.adatbank.ro\/lexikon\/wp-json\/wp\/v2\/product\/19726","targetHints":{"allow":["GET"]}}],"collection":[{"href":"https:\/\/uj.adatbank.ro\/lexikon\/wp-json\/wp\/v2\/product"}],"about":[{"href":"https:\/\/uj.adatbank.ro\/lexikon\/wp-json\/wp\/v2\/types\/product"}],"replies":[{"embeddable":true,"href":"https:\/\/uj.adatbank.ro\/lexikon\/wp-json\/wp\/v2\/comments?post=19726"}],"wp:attachment":[{"href":"https:\/\/uj.adatbank.ro\/lexikon\/wp-json\/wp\/v2\/media?parent=19726"}],"wp:term":[{"taxonomy":"product_brand","embeddable":true,"href":"https:\/\/uj.adatbank.ro\/lexikon\/wp-json\/wp\/v2\/product_brand?post=19726"},{"taxonomy":"product_cat","embeddable":true,"href":"https:\/\/uj.adatbank.ro\/lexikon\/wp-json\/wp\/v2\/product_cat?post=19726"},{"taxonomy":"product_tag","embeddable":true,"href":"https:\/\/uj.adatbank.ro\/lexikon\/wp-json\/wp\/v2\/product_tag?post=19726"}],"curies":[{"name":"wp","href":"https:\/\/api.w.org\/{rel}","templated":true}]}}