{"id":19729,"date":"2025-07-22T18:22:46","date_gmt":"2025-07-22T16:22:46","guid":{"rendered":"https:\/\/uj.adatbank.ro\/lexikon\/termek\/santa-jozsef\/"},"modified":"2025-07-22T18:22:46","modified_gmt":"2025-07-22T16:22:46","slug":"santa-jozsef","status":"publish","type":"product","link":"https:\/\/uj.adatbank.ro\/lexikon\/termek\/santa-jozsef\/","title":{"rendered":"S\u00c1NTA J\u00f3zsef"},"content":{"rendered":"<p>? \u2020?: ref. lelk\u00e9sz. \u2013 Csittszentiv\u00e1non szolg\u00e1lt (a 18. sz. v\u00e9g\u00e9n, 19. sz. elej\u00e9n). Szolg\u00e1lata ideje alatt \u00e9p\u00fclt fel a ma is \u00e1ll\u00f3 ref. k\u0151templom, a m\u00e1r kicsinek bizonyul\u00f3 (1690 \u00e9p\u00fclt) fatemplom hely\u00e9be. Kisg\u00f6rg\u00e9nyi S\u00e1ndor \u00e9s feles\u00e9ge adom\u00e1nya volt a sz\u00f3sz\u00e9kkorona \u00e9s az \u00farasztala. Tornyot emeltek (1796). A f\u00f6ldreng\u00e9s alkalm\u00e1val (1847) a templom megrong\u00e1l\u00f3dott, ez\u00e9rt vasp\u00e1nttal k\u00f6t\u00f6tt\u00e9k k\u00f6rbe, amely ma is \u00f6sszefogja a templomot (1848\u2013). <br \/><strong>Irod.:<\/strong> Imreh B; MMMM.<\/br><\/p>\n","protected":false},"excerpt":{"rendered":"<p>? \u2020?: ref. lelk\u00e9sz. \u2013 Csittszentiv\u00e1non szolg\u00e1lt (a 18. sz. v\u00e9g\u00e9n, 19. sz. elej\u00e9n). Szolg\u00e1lata ideje alatt \u00e9p\u00fclt fel a ma is \u00e1ll\u00f3 ref. k\u0151templom, a m\u00e1r kicsinek bizonyul\u00f3 (1690 \u00e9p\u00fclt) fatemplom hely\u00e9be. Kisg\u00f6rg\u00e9nyi S\u00e1ndor \u00e9s feles\u00e9ge adom\u00e1nya volt a sz\u00f3sz\u00e9kkorona \u00e9s az \u00farasztala. Tornyot emeltek (1796). A f\u00f6ldreng\u00e9s alkalm\u00e1val (1847) a templom megrong\u00e1l\u00f3dott, ez\u00e9rt [&hellip;]<\/p>\n","protected":false},"featured_media":0,"comment_status":"open","ping_status":"closed","template":"","meta":[],"product_brand":[],"product_cat":[137],"product_tag":[],"class_list":{"0":"post-19729","1":"product","2":"type-product","3":"status-publish","5":"product_cat-maros-megyei-eletrajzi-lexikon","7":"first","8":"instock","9":"shipping-taxable","10":"product-type-simple"},"_links":{"self":[{"href":"https:\/\/uj.adatbank.ro\/lexikon\/wp-json\/wp\/v2\/product\/19729","targetHints":{"allow":["GET"]}}],"collection":[{"href":"https:\/\/uj.adatbank.ro\/lexikon\/wp-json\/wp\/v2\/product"}],"about":[{"href":"https:\/\/uj.adatbank.ro\/lexikon\/wp-json\/wp\/v2\/types\/product"}],"replies":[{"embeddable":true,"href":"https:\/\/uj.adatbank.ro\/lexikon\/wp-json\/wp\/v2\/comments?post=19729"}],"wp:attachment":[{"href":"https:\/\/uj.adatbank.ro\/lexikon\/wp-json\/wp\/v2\/media?parent=19729"}],"wp:term":[{"taxonomy":"product_brand","embeddable":true,"href":"https:\/\/uj.adatbank.ro\/lexikon\/wp-json\/wp\/v2\/product_brand?post=19729"},{"taxonomy":"product_cat","embeddable":true,"href":"https:\/\/uj.adatbank.ro\/lexikon\/wp-json\/wp\/v2\/product_cat?post=19729"},{"taxonomy":"product_tag","embeddable":true,"href":"https:\/\/uj.adatbank.ro\/lexikon\/wp-json\/wp\/v2\/product_tag?post=19729"}],"curies":[{"name":"wp","href":"https:\/\/api.w.org\/{rel}","templated":true}]}}