{"id":19734,"date":"2025-07-22T18:23:00","date_gmt":"2025-07-22T16:23:00","guid":{"rendered":"https:\/\/uj.adatbank.ro\/lexikon\/termek\/santa-santha\/"},"modified":"2025-07-22T18:23:00","modified_gmt":"2025-07-22T16:23:00","slug":"santa-santha","status":"publish","type":"product","link":"https:\/\/uj.adatbank.ro\/lexikon\/termek\/santa-santha\/","title":{"rendered":"S\u00c1NTA, S\u00e1ntha"},"content":{"rendered":"<p>S\u00f3v\u00e1radi \u00e9s szentimrei csal\u00e1d. Cs\u00edkb\u00f3l sz\u00e1rmazott. S. J\u00e1nos arm\u00e1list nyert B\u00e1thory Zsigmondt\u00f3l (1591. febr. 12.), Mih\u00e1ly nemess\u00e9g\u00e9t legf. helyen igazolta (1786. j\u00fan. 19); K\u00e1roly Marossz\u00e9kben ad\u00f3\u00edr\u00f3i biztos (1848-ban). Nem ismerj\u00fck el\u0151nev\u00e9t a k\u00f6vetkez\u0151knek: S\u00e1nta Imr\u00e9nek, kinek neje Nagy Erzs\u00e9bet \u00e9rszodor\u00f3i \u00e9s \u00e9rhatvani birtokos. <br \/><strong>Irod.:<\/strong> Kempelen; Nagy Iv\u00e1n; P\u00e1lmay.<\/br><\/p>\n","protected":false},"excerpt":{"rendered":"<p>S\u00f3v\u00e1radi \u00e9s szentimrei csal\u00e1d. Cs\u00edkb\u00f3l sz\u00e1rmazott. S. J\u00e1nos arm\u00e1list nyert B\u00e1thory Zsigmondt\u00f3l (1591. febr. 12.), Mih\u00e1ly nemess\u00e9g\u00e9t legf. helyen igazolta (1786. j\u00fan. 19); K\u00e1roly Marossz\u00e9kben ad\u00f3\u00edr\u00f3i biztos (1848-ban). Nem ismerj\u00fck el\u0151nev\u00e9t a k\u00f6vetkez\u0151knek: S\u00e1nta Imr\u00e9nek, kinek neje Nagy Erzs\u00e9bet \u00e9rszodor\u00f3i \u00e9s \u00e9rhatvani birtokos. Irod.: Kempelen; Nagy Iv\u00e1n; P\u00e1lmay.<\/p>\n","protected":false},"featured_media":0,"comment_status":"open","ping_status":"closed","template":"","meta":[],"product_brand":[],"product_cat":[137],"product_tag":[],"class_list":{"0":"post-19734","1":"product","2":"type-product","3":"status-publish","5":"product_cat-maros-megyei-eletrajzi-lexikon","7":"first","8":"instock","9":"shipping-taxable","10":"product-type-simple"},"_links":{"self":[{"href":"https:\/\/uj.adatbank.ro\/lexikon\/wp-json\/wp\/v2\/product\/19734","targetHints":{"allow":["GET"]}}],"collection":[{"href":"https:\/\/uj.adatbank.ro\/lexikon\/wp-json\/wp\/v2\/product"}],"about":[{"href":"https:\/\/uj.adatbank.ro\/lexikon\/wp-json\/wp\/v2\/types\/product"}],"replies":[{"embeddable":true,"href":"https:\/\/uj.adatbank.ro\/lexikon\/wp-json\/wp\/v2\/comments?post=19734"}],"wp:attachment":[{"href":"https:\/\/uj.adatbank.ro\/lexikon\/wp-json\/wp\/v2\/media?parent=19734"}],"wp:term":[{"taxonomy":"product_brand","embeddable":true,"href":"https:\/\/uj.adatbank.ro\/lexikon\/wp-json\/wp\/v2\/product_brand?post=19734"},{"taxonomy":"product_cat","embeddable":true,"href":"https:\/\/uj.adatbank.ro\/lexikon\/wp-json\/wp\/v2\/product_cat?post=19734"},{"taxonomy":"product_tag","embeddable":true,"href":"https:\/\/uj.adatbank.ro\/lexikon\/wp-json\/wp\/v2\/product_tag?post=19734"}],"curies":[{"name":"wp","href":"https:\/\/api.w.org\/{rel}","templated":true}]}}