{"id":19736,"date":"2025-07-22T18:23:04","date_gmt":"2025-07-22T16:23:04","guid":{"rendered":"https:\/\/uj.adatbank.ro\/lexikon\/termek\/santha-albert\/"},"modified":"2025-07-22T18:23:04","modified_gmt":"2025-07-22T16:23:04","slug":"santha-albert","status":"publish","type":"product","link":"https:\/\/uj.adatbank.ro\/lexikon\/termek\/santha-albert\/","title":{"rendered":"S\u00c1NTHA Albert"},"content":{"rendered":"<p>Mik\u00f3\u00fajfalu, 1869. m\u00e1rc. 5., \u2020 Erzs\u00e9betv\u00e1ros, 1916. szept. 12. (mik\u00f6zben menek\u00fclt). \u2013 K\u00e9zdiv\u00e1s\u00e1rhelyen, Cs\u00edksomly\u00f3n, Brass\u00f3ban \u00e9s Gyulafeh\u00e9rv\u00e1ron v\u00e9gezte a tanulm\u00e1nyait, papp\u00e1 szentelt\u00e9k (1892. j\u00fal. 12.). K\u00e1pl\u00e1n K\u00e9zdiszentkereszten, Gyergy\u00f3szentmikl\u00f3son, K\u00e9zdiszentl\u00e9leken, Mv.-en (1898). Abosfalv\u00e1n pl\u00e9b\u00e1nos nyugd\u00edjaz\u00e1s\u00e1ig (1900\u201311). <br \/><strong>Irod.:<\/strong> Ferenczi S\u00e1ndor 2009.<\/br><\/p>\n","protected":false},"excerpt":{"rendered":"<p>Mik\u00f3\u00fajfalu, 1869. m\u00e1rc. 5., \u2020 Erzs\u00e9betv\u00e1ros, 1916. szept. 12. (mik\u00f6zben menek\u00fclt). \u2013 K\u00e9zdiv\u00e1s\u00e1rhelyen, Cs\u00edksomly\u00f3n, Brass\u00f3ban \u00e9s Gyulafeh\u00e9rv\u00e1ron v\u00e9gezte a tanulm\u00e1nyait, papp\u00e1 szentelt\u00e9k (1892. j\u00fal. 12.). K\u00e1pl\u00e1n K\u00e9zdiszentkereszten, Gyergy\u00f3szentmikl\u00f3son, K\u00e9zdiszentl\u00e9leken, Mv.-en (1898). Abosfalv\u00e1n pl\u00e9b\u00e1nos nyugd\u00edjaz\u00e1s\u00e1ig (1900\u201311). Irod.: Ferenczi S\u00e1ndor 2009.<\/p>\n","protected":false},"featured_media":0,"comment_status":"open","ping_status":"closed","template":"","meta":[],"product_brand":[],"product_cat":[137],"product_tag":[],"class_list":{"0":"post-19736","1":"product","2":"type-product","3":"status-publish","5":"product_cat-maros-megyei-eletrajzi-lexikon","7":"first","8":"instock","9":"shipping-taxable","10":"product-type-simple"},"_links":{"self":[{"href":"https:\/\/uj.adatbank.ro\/lexikon\/wp-json\/wp\/v2\/product\/19736","targetHints":{"allow":["GET"]}}],"collection":[{"href":"https:\/\/uj.adatbank.ro\/lexikon\/wp-json\/wp\/v2\/product"}],"about":[{"href":"https:\/\/uj.adatbank.ro\/lexikon\/wp-json\/wp\/v2\/types\/product"}],"replies":[{"embeddable":true,"href":"https:\/\/uj.adatbank.ro\/lexikon\/wp-json\/wp\/v2\/comments?post=19736"}],"wp:attachment":[{"href":"https:\/\/uj.adatbank.ro\/lexikon\/wp-json\/wp\/v2\/media?parent=19736"}],"wp:term":[{"taxonomy":"product_brand","embeddable":true,"href":"https:\/\/uj.adatbank.ro\/lexikon\/wp-json\/wp\/v2\/product_brand?post=19736"},{"taxonomy":"product_cat","embeddable":true,"href":"https:\/\/uj.adatbank.ro\/lexikon\/wp-json\/wp\/v2\/product_cat?post=19736"},{"taxonomy":"product_tag","embeddable":true,"href":"https:\/\/uj.adatbank.ro\/lexikon\/wp-json\/wp\/v2\/product_tag?post=19736"}],"curies":[{"name":"wp","href":"https:\/\/api.w.org\/{rel}","templated":true}]}}