{"id":19741,"date":"2025-07-22T18:23:14","date_gmt":"2025-07-22T16:23:14","guid":{"rendered":"https:\/\/uj.adatbank.ro\/lexikon\/termek\/santha-karoly-sovaradi\/"},"modified":"2025-07-22T18:23:14","modified_gmt":"2025-07-22T16:23:14","slug":"santha-karoly-sovaradi","status":"publish","type":"product","link":"https:\/\/uj.adatbank.ro\/lexikon\/termek\/santha-karoly-sovaradi\/","title":{"rendered":"S\u00c1NTHA K\u00e1roly, s\u00f3v\u00e1radi"},"content":{"rendered":"<p>1893? \u2020 Mv., 1940. szept. 13: f\u00f6ldbirtokos, t\u00fcz\u00e9rf\u0151hadnagy. \u2013 \u00c9desanyja bal\u00e1zstelki Csontos Mikl\u00f3sn\u00e9, nagyenyedi Jenei Irma. Feles\u00e9ge: Dudutz Ella. Fi\u00fak: S. Albert. \u2013 Egykori tulajdonosa a szenth\u00e1roms\u00e1gi udvarh\u00e1znak, amelyet a n\u00e9p kast\u00e9lynak nevez ma is. \u0150 k\u00e9sz\u00edttette a szenth\u00e1roms\u00e1gi ref. templom sz\u00f3sz\u00e9k feletti koron\u00e1j\u00e1t. Tartal\u00e9kos t\u00fcz\u00e9rf\u0151hadnagy, t\u0171zharcos, a kis \u00e9s nagy vit\u00e9zs\u00e9gi \u00e9rem tulajdonosa. <br \/><strong>Irod.:<\/strong> Gy\u00e1szjelent\u0151; Szenth\u00e1roms\u00e1g.<\/br><\/p>\n","protected":false},"excerpt":{"rendered":"<p>1893? \u2020 Mv., 1940. szept. 13: f\u00f6ldbirtokos, t\u00fcz\u00e9rf\u0151hadnagy. \u2013 \u00c9desanyja bal\u00e1zstelki Csontos Mikl\u00f3sn\u00e9, nagyenyedi Jenei Irma. Feles\u00e9ge: Dudutz Ella. Fi\u00fak: S. Albert. \u2013 Egykori tulajdonosa a szenth\u00e1roms\u00e1gi udvarh\u00e1znak, amelyet a n\u00e9p kast\u00e9lynak nevez ma is. \u0150 k\u00e9sz\u00edttette a szenth\u00e1roms\u00e1gi ref. templom sz\u00f3sz\u00e9k feletti koron\u00e1j\u00e1t. Tartal\u00e9kos t\u00fcz\u00e9rf\u0151hadnagy, t\u0171zharcos, a kis \u00e9s nagy vit\u00e9zs\u00e9gi \u00e9rem tulajdonosa. Irod.: [&hellip;]<\/p>\n","protected":false},"featured_media":0,"comment_status":"open","ping_status":"closed","template":"","meta":[],"product_brand":[],"product_cat":[137],"product_tag":[],"class_list":{"0":"post-19741","1":"product","2":"type-product","3":"status-publish","5":"product_cat-maros-megyei-eletrajzi-lexikon","7":"first","8":"instock","9":"shipping-taxable","10":"product-type-simple"},"_links":{"self":[{"href":"https:\/\/uj.adatbank.ro\/lexikon\/wp-json\/wp\/v2\/product\/19741","targetHints":{"allow":["GET"]}}],"collection":[{"href":"https:\/\/uj.adatbank.ro\/lexikon\/wp-json\/wp\/v2\/product"}],"about":[{"href":"https:\/\/uj.adatbank.ro\/lexikon\/wp-json\/wp\/v2\/types\/product"}],"replies":[{"embeddable":true,"href":"https:\/\/uj.adatbank.ro\/lexikon\/wp-json\/wp\/v2\/comments?post=19741"}],"wp:attachment":[{"href":"https:\/\/uj.adatbank.ro\/lexikon\/wp-json\/wp\/v2\/media?parent=19741"}],"wp:term":[{"taxonomy":"product_brand","embeddable":true,"href":"https:\/\/uj.adatbank.ro\/lexikon\/wp-json\/wp\/v2\/product_brand?post=19741"},{"taxonomy":"product_cat","embeddable":true,"href":"https:\/\/uj.adatbank.ro\/lexikon\/wp-json\/wp\/v2\/product_cat?post=19741"},{"taxonomy":"product_tag","embeddable":true,"href":"https:\/\/uj.adatbank.ro\/lexikon\/wp-json\/wp\/v2\/product_tag?post=19741"}],"curies":[{"name":"wp","href":"https:\/\/api.w.org\/{rel}","templated":true}]}}