{"id":19748,"date":"2025-07-22T18:23:32","date_gmt":"2025-07-22T16:23:32","guid":{"rendered":"https:\/\/uj.adatbank.ro\/lexikon\/termek\/sardi-istvan-2\/"},"modified":"2025-07-22T18:23:32","modified_gmt":"2025-07-22T16:23:32","slug":"sardi-istvan-2","status":"publish","type":"product","link":"https:\/\/uj.adatbank.ro\/lexikon\/termek\/sardi-istvan-2\/","title":{"rendered":"S\u00c1RDI Istv\u00e1n"},"content":{"rendered":"<p>? \u2020?: unit. pap. \u2013 A d\u00e9sfalvi zsinaton szentelt\u00e9k fel (1661. \u00e1pr. 7.), a tordai iskola igazgat\u00f3ja volt (1661-ig), amikor Dics\u0151szentm\u00e1rtonba papnak h\u00edvt\u00e1k meg (m\u00e9g 1671-ben is az). <br \/><strong>Irod.:<\/strong> K\u00e9nosi\u2013Uzoni 1.<\/br><\/p>\n","protected":false},"excerpt":{"rendered":"<p>? \u2020?: unit. pap. \u2013 A d\u00e9sfalvi zsinaton szentelt\u00e9k fel (1661. \u00e1pr. 7.), a tordai iskola igazgat\u00f3ja volt (1661-ig), amikor Dics\u0151szentm\u00e1rtonba papnak h\u00edvt\u00e1k meg (m\u00e9g 1671-ben is az). Irod.: K\u00e9nosi\u2013Uzoni 1.<\/p>\n","protected":false},"featured_media":0,"comment_status":"open","ping_status":"closed","template":"","meta":[],"product_brand":[],"product_cat":[137],"product_tag":[],"class_list":{"0":"post-19748","1":"product","2":"type-product","3":"status-publish","5":"product_cat-maros-megyei-eletrajzi-lexikon","7":"first","8":"instock","9":"shipping-taxable","10":"product-type-simple"},"_links":{"self":[{"href":"https:\/\/uj.adatbank.ro\/lexikon\/wp-json\/wp\/v2\/product\/19748","targetHints":{"allow":["GET"]}}],"collection":[{"href":"https:\/\/uj.adatbank.ro\/lexikon\/wp-json\/wp\/v2\/product"}],"about":[{"href":"https:\/\/uj.adatbank.ro\/lexikon\/wp-json\/wp\/v2\/types\/product"}],"replies":[{"embeddable":true,"href":"https:\/\/uj.adatbank.ro\/lexikon\/wp-json\/wp\/v2\/comments?post=19748"}],"wp:attachment":[{"href":"https:\/\/uj.adatbank.ro\/lexikon\/wp-json\/wp\/v2\/media?parent=19748"}],"wp:term":[{"taxonomy":"product_brand","embeddable":true,"href":"https:\/\/uj.adatbank.ro\/lexikon\/wp-json\/wp\/v2\/product_brand?post=19748"},{"taxonomy":"product_cat","embeddable":true,"href":"https:\/\/uj.adatbank.ro\/lexikon\/wp-json\/wp\/v2\/product_cat?post=19748"},{"taxonomy":"product_tag","embeddable":true,"href":"https:\/\/uj.adatbank.ro\/lexikon\/wp-json\/wp\/v2\/product_tag?post=19748"}],"curies":[{"name":"wp","href":"https:\/\/api.w.org\/{rel}","templated":true}]}}