{"id":1975,"date":"2025-06-28T11:59:45","date_gmt":"2025-06-28T09:59:45","guid":{"rendered":"https:\/\/uj.adatbank.ro\/lexikon\/termek\/balazs-istvan-kolpenyi\/"},"modified":"2025-06-28T11:59:45","modified_gmt":"2025-06-28T09:59:45","slug":"balazs-istvan-kolpenyi","status":"publish","type":"product","link":"https:\/\/uj.adatbank.ro\/lexikon\/termek\/balazs-istvan-kolpenyi\/","title":{"rendered":"BAL\u00c1ZS Istv\u00e1n, k\u00f6lp\u00e9nyi"},"content":{"rendered":"<p>? \u2020\u00a0? : l\u00f3f\u0151. \u2013 Testv\u00e9re: J\u00e1nos. \u2013 Testv\u00e9r\u00e9vel primipil\u00e1ris levelet nyertek (1655. j\u00fan. 28), B. J\u00e1nos m\u00e9g c\u00edmeres igazolv\u00e1nyt \u00e9s nemeslevelet nyert (1721. \u00e1pr. 20.). <br \/><strong>Irod.:<\/strong> Kempelen; P\u00e1lmay<\/br><\/p>\n","protected":false},"excerpt":{"rendered":"<p>? \u2020\u00a0? : l\u00f3f\u0151. \u2013 Testv\u00e9re: J\u00e1nos. \u2013 Testv\u00e9r\u00e9vel primipil\u00e1ris levelet nyertek (1655. j\u00fan. 28), B. J\u00e1nos m\u00e9g c\u00edmeres igazolv\u00e1nyt \u00e9s nemeslevelet nyert (1721. \u00e1pr. 20.). Irod.: Kempelen; P\u00e1lmay<\/p>\n","protected":false},"featured_media":0,"comment_status":"open","ping_status":"closed","template":"","meta":[],"product_brand":[],"product_cat":[137],"product_tag":[],"class_list":{"0":"post-1975","1":"product","2":"type-product","3":"status-publish","5":"product_cat-maros-megyei-eletrajzi-lexikon","7":"first","8":"instock","9":"shipping-taxable","10":"product-type-simple"},"_links":{"self":[{"href":"https:\/\/uj.adatbank.ro\/lexikon\/wp-json\/wp\/v2\/product\/1975","targetHints":{"allow":["GET"]}}],"collection":[{"href":"https:\/\/uj.adatbank.ro\/lexikon\/wp-json\/wp\/v2\/product"}],"about":[{"href":"https:\/\/uj.adatbank.ro\/lexikon\/wp-json\/wp\/v2\/types\/product"}],"replies":[{"embeddable":true,"href":"https:\/\/uj.adatbank.ro\/lexikon\/wp-json\/wp\/v2\/comments?post=1975"}],"wp:attachment":[{"href":"https:\/\/uj.adatbank.ro\/lexikon\/wp-json\/wp\/v2\/media?parent=1975"}],"wp:term":[{"taxonomy":"product_brand","embeddable":true,"href":"https:\/\/uj.adatbank.ro\/lexikon\/wp-json\/wp\/v2\/product_brand?post=1975"},{"taxonomy":"product_cat","embeddable":true,"href":"https:\/\/uj.adatbank.ro\/lexikon\/wp-json\/wp\/v2\/product_cat?post=1975"},{"taxonomy":"product_tag","embeddable":true,"href":"https:\/\/uj.adatbank.ro\/lexikon\/wp-json\/wp\/v2\/product_tag?post=1975"}],"curies":[{"name":"wp","href":"https:\/\/api.w.org\/{rel}","templated":true}]}}