{"id":19750,"date":"2025-07-22T18:23:35","date_gmt":"2025-07-22T16:23:35","guid":{"rendered":"https:\/\/uj.adatbank.ro\/lexikon\/termek\/sardi-janos\/"},"modified":"2025-07-22T18:23:35","modified_gmt":"2025-07-22T16:23:35","slug":"sardi-janos","status":"publish","type":"product","link":"https:\/\/uj.adatbank.ro\/lexikon\/termek\/sardi-janos\/","title":{"rendered":"S\u00c1RDI J\u00e1nos"},"content":{"rendered":"<p>? \u2020 1785: unit. pap. \u2013 Dics\u0151szentm\u00e1rtoni lelk\u00e9sz, a tordai zsinaton v\u00e1lasztott\u00e1k k\u00fck\u00fcll\u0151i esperesnek (1643). <br \/><strong>Irod.:<\/strong> K\u00e9nosi\u2013Uzoni 1., 2.<\/br><\/p>\n","protected":false},"excerpt":{"rendered":"<p>? \u2020 1785: unit. pap. \u2013 Dics\u0151szentm\u00e1rtoni lelk\u00e9sz, a tordai zsinaton v\u00e1lasztott\u00e1k k\u00fck\u00fcll\u0151i esperesnek (1643). Irod.: K\u00e9nosi\u2013Uzoni 1., 2.<\/p>\n","protected":false},"featured_media":0,"comment_status":"open","ping_status":"closed","template":"","meta":[],"product_brand":[],"product_cat":[137],"product_tag":[],"class_list":{"0":"post-19750","1":"product","2":"type-product","3":"status-publish","5":"product_cat-maros-megyei-eletrajzi-lexikon","7":"first","8":"instock","9":"shipping-taxable","10":"product-type-simple"},"_links":{"self":[{"href":"https:\/\/uj.adatbank.ro\/lexikon\/wp-json\/wp\/v2\/product\/19750","targetHints":{"allow":["GET"]}}],"collection":[{"href":"https:\/\/uj.adatbank.ro\/lexikon\/wp-json\/wp\/v2\/product"}],"about":[{"href":"https:\/\/uj.adatbank.ro\/lexikon\/wp-json\/wp\/v2\/types\/product"}],"replies":[{"embeddable":true,"href":"https:\/\/uj.adatbank.ro\/lexikon\/wp-json\/wp\/v2\/comments?post=19750"}],"wp:attachment":[{"href":"https:\/\/uj.adatbank.ro\/lexikon\/wp-json\/wp\/v2\/media?parent=19750"}],"wp:term":[{"taxonomy":"product_brand","embeddable":true,"href":"https:\/\/uj.adatbank.ro\/lexikon\/wp-json\/wp\/v2\/product_brand?post=19750"},{"taxonomy":"product_cat","embeddable":true,"href":"https:\/\/uj.adatbank.ro\/lexikon\/wp-json\/wp\/v2\/product_cat?post=19750"},{"taxonomy":"product_tag","embeddable":true,"href":"https:\/\/uj.adatbank.ro\/lexikon\/wp-json\/wp\/v2\/product_tag?post=19750"}],"curies":[{"name":"wp","href":"https:\/\/api.w.org\/{rel}","templated":true}]}}