{"id":19753,"date":"2025-07-22T18:23:42","date_gmt":"2025-07-22T16:23:42","guid":{"rendered":"https:\/\/uj.adatbank.ro\/lexikon\/termek\/sardi-peter\/"},"modified":"2025-07-22T18:23:42","modified_gmt":"2025-07-22T16:23:42","slug":"sardi-peter","status":"publish","type":"product","link":"https:\/\/uj.adatbank.ro\/lexikon\/termek\/sardi-peter\/","title":{"rendered":"S\u00c1RDI P\u00e9ter"},"content":{"rendered":"<p>1864., \u2020 Marosszentgy\u00f6rgy, 1936.: tan\u00edt\u00f3. \u2013 Tan\u00edt\u00f3i okl.-t szerzett Nagyenyeden (1909). Marosszentgy\u00f6rgy\u00f6n oktatott a r. k. egyh\u00e1zi iskol\u00e1ban (1896\u201328). Rom\u00e1n nyelvtud\u00e1s hi\u00e1ny\u00e1ban eltiltott\u00e1k az oktat\u00f3i munk\u00e1t\u00f3l (1929). <br \/><strong>Irod.:<\/strong> Nemes Gyula: Szakr\u00e1lis eml\u00e9kek&#8230;= P\u00e1l-Antal\u2013Simon; S\u00e2ngeorgiu de Mure\u015f: 1940\u20131944; S\u00e2ngeorgiu de Mure\u015f \u2013 \u015ecoala.<\/br><\/p>\n","protected":false},"excerpt":{"rendered":"<p>1864., \u2020 Marosszentgy\u00f6rgy, 1936.: tan\u00edt\u00f3. \u2013 Tan\u00edt\u00f3i okl.-t szerzett Nagyenyeden (1909). Marosszentgy\u00f6rgy\u00f6n oktatott a r. k. egyh\u00e1zi iskol\u00e1ban (1896\u201328). Rom\u00e1n nyelvtud\u00e1s hi\u00e1ny\u00e1ban eltiltott\u00e1k az oktat\u00f3i munk\u00e1t\u00f3l (1929). Irod.: Nemes Gyula: Szakr\u00e1lis eml\u00e9kek&#8230;= P\u00e1l-Antal\u2013Simon; S\u00e2ngeorgiu de Mure\u015f: 1940\u20131944; S\u00e2ngeorgiu de Mure\u015f \u2013 \u015ecoala.<\/p>\n","protected":false},"featured_media":0,"comment_status":"open","ping_status":"closed","template":"","meta":[],"product_brand":[],"product_cat":[137],"product_tag":[],"class_list":{"0":"post-19753","1":"product","2":"type-product","3":"status-publish","5":"product_cat-maros-megyei-eletrajzi-lexikon","7":"first","8":"instock","9":"shipping-taxable","10":"product-type-simple"},"_links":{"self":[{"href":"https:\/\/uj.adatbank.ro\/lexikon\/wp-json\/wp\/v2\/product\/19753","targetHints":{"allow":["GET"]}}],"collection":[{"href":"https:\/\/uj.adatbank.ro\/lexikon\/wp-json\/wp\/v2\/product"}],"about":[{"href":"https:\/\/uj.adatbank.ro\/lexikon\/wp-json\/wp\/v2\/types\/product"}],"replies":[{"embeddable":true,"href":"https:\/\/uj.adatbank.ro\/lexikon\/wp-json\/wp\/v2\/comments?post=19753"}],"wp:attachment":[{"href":"https:\/\/uj.adatbank.ro\/lexikon\/wp-json\/wp\/v2\/media?parent=19753"}],"wp:term":[{"taxonomy":"product_brand","embeddable":true,"href":"https:\/\/uj.adatbank.ro\/lexikon\/wp-json\/wp\/v2\/product_brand?post=19753"},{"taxonomy":"product_cat","embeddable":true,"href":"https:\/\/uj.adatbank.ro\/lexikon\/wp-json\/wp\/v2\/product_cat?post=19753"},{"taxonomy":"product_tag","embeddable":true,"href":"https:\/\/uj.adatbank.ro\/lexikon\/wp-json\/wp\/v2\/product_tag?post=19753"}],"curies":[{"name":"wp","href":"https:\/\/api.w.org\/{rel}","templated":true}]}}