{"id":19754,"date":"2025-07-22T18:23:44","date_gmt":"2025-07-22T16:23:44","guid":{"rendered":"https:\/\/uj.adatbank.ro\/lexikon\/termek\/sardi-peterne-boros-roza\/"},"modified":"2025-07-22T18:23:44","modified_gmt":"2025-07-22T16:23:44","slug":"sardi-peterne-boros-roza","status":"publish","type":"product","link":"https:\/\/uj.adatbank.ro\/lexikon\/termek\/sardi-peterne-boros-roza\/","title":{"rendered":"S\u00c1RDI P\u00e9tern\u00e9, Boros R\u00f3za"},"content":{"rendered":"<p>1850., \u2020 1914. A marosszentgy\u00f6rgyi r. k. templom s\u00edrkertj\u00e9ben nyugszik: tan\u00edt\u00f3n\u0151. <br \/><strong>Irod.:<\/strong> Nemes Gyula: Szakr\u00e1lis eml\u00e9kek&#8230;= P\u00e1l-Antal\u2013Simon.<\/br><\/p>\n","protected":false},"excerpt":{"rendered":"<p>1850., \u2020 1914. A marosszentgy\u00f6rgyi r. k. templom s\u00edrkertj\u00e9ben nyugszik: tan\u00edt\u00f3n\u0151. Irod.: Nemes Gyula: Szakr\u00e1lis eml\u00e9kek&#8230;= P\u00e1l-Antal\u2013Simon.<\/p>\n","protected":false},"featured_media":0,"comment_status":"open","ping_status":"closed","template":"","meta":[],"product_brand":[],"product_cat":[137],"product_tag":[],"class_list":{"0":"post-19754","1":"product","2":"type-product","3":"status-publish","5":"product_cat-maros-megyei-eletrajzi-lexikon","7":"first","8":"instock","9":"shipping-taxable","10":"product-type-simple"},"_links":{"self":[{"href":"https:\/\/uj.adatbank.ro\/lexikon\/wp-json\/wp\/v2\/product\/19754","targetHints":{"allow":["GET"]}}],"collection":[{"href":"https:\/\/uj.adatbank.ro\/lexikon\/wp-json\/wp\/v2\/product"}],"about":[{"href":"https:\/\/uj.adatbank.ro\/lexikon\/wp-json\/wp\/v2\/types\/product"}],"replies":[{"embeddable":true,"href":"https:\/\/uj.adatbank.ro\/lexikon\/wp-json\/wp\/v2\/comments?post=19754"}],"wp:attachment":[{"href":"https:\/\/uj.adatbank.ro\/lexikon\/wp-json\/wp\/v2\/media?parent=19754"}],"wp:term":[{"taxonomy":"product_brand","embeddable":true,"href":"https:\/\/uj.adatbank.ro\/lexikon\/wp-json\/wp\/v2\/product_brand?post=19754"},{"taxonomy":"product_cat","embeddable":true,"href":"https:\/\/uj.adatbank.ro\/lexikon\/wp-json\/wp\/v2\/product_cat?post=19754"},{"taxonomy":"product_tag","embeddable":true,"href":"https:\/\/uj.adatbank.ro\/lexikon\/wp-json\/wp\/v2\/product_tag?post=19754"}],"curies":[{"name":"wp","href":"https:\/\/api.w.org\/{rel}","templated":true}]}}