{"id":19755,"date":"2025-07-22T18:23:47","date_gmt":"2025-07-22T16:23:47","guid":{"rendered":"https:\/\/uj.adatbank.ro\/lexikon\/termek\/sardi-samuel\/"},"modified":"2025-07-22T18:23:47","modified_gmt":"2025-07-22T16:23:47","slug":"sardi-samuel","status":"publish","type":"product","link":"https:\/\/uj.adatbank.ro\/lexikon\/termek\/sardi-samuel\/","title":{"rendered":"S\u00c1RDI S\u00e1muel"},"content":{"rendered":"<p>? \u2020?: rajzol\u00f3 \u00e9s r\u00e9zmetsz\u0151 a XVIII. sz. derek\u00e1n Kv.-on. \u2013 Rajzolta \u00e9s metszette a Rh\u00e9deiek lesz\u00e1rmaz\u00e1si t\u00e1bl\u00e1j\u00e1t (1742), a gr. Teleki csal\u00e1d c\u00edmer\u00e9t (1745). <br \/><strong>Irod.:<\/strong> \u00c9ber.<\/br><\/p>\n","protected":false},"excerpt":{"rendered":"<p>? \u2020?: rajzol\u00f3 \u00e9s r\u00e9zmetsz\u0151 a XVIII. sz. derek\u00e1n Kv.-on. \u2013 Rajzolta \u00e9s metszette a Rh\u00e9deiek lesz\u00e1rmaz\u00e1si t\u00e1bl\u00e1j\u00e1t (1742), a gr. Teleki csal\u00e1d c\u00edmer\u00e9t (1745). Irod.: \u00c9ber.<\/p>\n","protected":false},"featured_media":0,"comment_status":"open","ping_status":"closed","template":"","meta":[],"product_brand":[],"product_cat":[137],"product_tag":[],"class_list":{"0":"post-19755","1":"product","2":"type-product","3":"status-publish","5":"product_cat-maros-megyei-eletrajzi-lexikon","7":"first","8":"instock","9":"shipping-taxable","10":"product-type-simple"},"_links":{"self":[{"href":"https:\/\/uj.adatbank.ro\/lexikon\/wp-json\/wp\/v2\/product\/19755","targetHints":{"allow":["GET"]}}],"collection":[{"href":"https:\/\/uj.adatbank.ro\/lexikon\/wp-json\/wp\/v2\/product"}],"about":[{"href":"https:\/\/uj.adatbank.ro\/lexikon\/wp-json\/wp\/v2\/types\/product"}],"replies":[{"embeddable":true,"href":"https:\/\/uj.adatbank.ro\/lexikon\/wp-json\/wp\/v2\/comments?post=19755"}],"wp:attachment":[{"href":"https:\/\/uj.adatbank.ro\/lexikon\/wp-json\/wp\/v2\/media?parent=19755"}],"wp:term":[{"taxonomy":"product_brand","embeddable":true,"href":"https:\/\/uj.adatbank.ro\/lexikon\/wp-json\/wp\/v2\/product_brand?post=19755"},{"taxonomy":"product_cat","embeddable":true,"href":"https:\/\/uj.adatbank.ro\/lexikon\/wp-json\/wp\/v2\/product_cat?post=19755"},{"taxonomy":"product_tag","embeddable":true,"href":"https:\/\/uj.adatbank.ro\/lexikon\/wp-json\/wp\/v2\/product_tag?post=19755"}],"curies":[{"name":"wp","href":"https:\/\/api.w.org\/{rel}","templated":true}]}}