{"id":19758,"date":"2025-07-22T18:23:55","date_gmt":"2025-07-22T16:23:55","guid":{"rendered":"https:\/\/uj.adatbank.ro\/lexikon\/termek\/sarkadi-julianna\/"},"modified":"2025-07-22T18:23:55","modified_gmt":"2025-07-22T16:23:55","slug":"sarkadi-julianna","status":"publish","type":"product","link":"https:\/\/uj.adatbank.ro\/lexikon\/termek\/sarkadi-julianna\/","title":{"rendered":"SARKADI Julianna"},"content":{"rendered":"<p>? \u2020?: mv.-i. \u2013 S.\u00a0J. mv.-i Tollas Gy\u00f6rgy \u00f6r\u00f6k\u00f6seivel eltart\u00f3ztatott b\u00e9re kifizet\u00e9se ir\u00e1nt fenn forg\u00f3 egyenetlens\u00e9gben. <br \/><strong>Irod.:<\/strong> Orsz\u00e1ggy\u0171l\u00e9s, fels\u00e9ges udvar \u00e9s Kir\u00e1lyi F\u0151korm\u00e1nysz\u00e9k \u00e1ltal kiadott szab\u00e1lyok vagyis \u00fatmutat\u00f3 fels\u0151bb rendeletek (Mv., 1838).<\/br><\/p>\n","protected":false},"excerpt":{"rendered":"<p>? \u2020?: mv.-i. \u2013 S.\u00a0J. mv.-i Tollas Gy\u00f6rgy \u00f6r\u00f6k\u00f6seivel eltart\u00f3ztatott b\u00e9re kifizet\u00e9se ir\u00e1nt fenn forg\u00f3 egyenetlens\u00e9gben. Irod.: Orsz\u00e1ggy\u0171l\u00e9s, fels\u00e9ges udvar \u00e9s Kir\u00e1lyi F\u0151korm\u00e1nysz\u00e9k \u00e1ltal kiadott szab\u00e1lyok vagyis \u00fatmutat\u00f3 fels\u0151bb rendeletek (Mv., 1838).<\/p>\n","protected":false},"featured_media":0,"comment_status":"open","ping_status":"closed","template":"","meta":[],"product_brand":[],"product_cat":[137],"product_tag":[],"class_list":{"0":"post-19758","1":"product","2":"type-product","3":"status-publish","5":"product_cat-maros-megyei-eletrajzi-lexikon","7":"first","8":"instock","9":"shipping-taxable","10":"product-type-simple"},"_links":{"self":[{"href":"https:\/\/uj.adatbank.ro\/lexikon\/wp-json\/wp\/v2\/product\/19758","targetHints":{"allow":["GET"]}}],"collection":[{"href":"https:\/\/uj.adatbank.ro\/lexikon\/wp-json\/wp\/v2\/product"}],"about":[{"href":"https:\/\/uj.adatbank.ro\/lexikon\/wp-json\/wp\/v2\/types\/product"}],"replies":[{"embeddable":true,"href":"https:\/\/uj.adatbank.ro\/lexikon\/wp-json\/wp\/v2\/comments?post=19758"}],"wp:attachment":[{"href":"https:\/\/uj.adatbank.ro\/lexikon\/wp-json\/wp\/v2\/media?parent=19758"}],"wp:term":[{"taxonomy":"product_brand","embeddable":true,"href":"https:\/\/uj.adatbank.ro\/lexikon\/wp-json\/wp\/v2\/product_brand?post=19758"},{"taxonomy":"product_cat","embeddable":true,"href":"https:\/\/uj.adatbank.ro\/lexikon\/wp-json\/wp\/v2\/product_cat?post=19758"},{"taxonomy":"product_tag","embeddable":true,"href":"https:\/\/uj.adatbank.ro\/lexikon\/wp-json\/wp\/v2\/product_tag?post=19758"}],"curies":[{"name":"wp","href":"https:\/\/api.w.org\/{rel}","templated":true}]}}