{"id":1976,"date":"2025-06-28T11:59:48","date_gmt":"2025-06-28T09:59:48","guid":{"rendered":"https:\/\/uj.adatbank.ro\/lexikon\/termek\/balazs-janos\/"},"modified":"2025-06-28T11:59:48","modified_gmt":"2025-06-28T09:59:48","slug":"balazs-janos","status":"publish","type":"product","link":"https:\/\/uj.adatbank.ro\/lexikon\/termek\/balazs-janos\/","title":{"rendered":"BAL\u00c1ZS J\u00e1nos"},"content":{"rendered":"<p>G\u00f6demesterh\u00e1za, 1896., \u2020 ? : fodr\u00e1szmester. \u2013 Iskol\u00e1it Marosh\u00e9v\u00edzen \u00e9s Mv-n v\u00e9gezte. Ipar\u00e1t kitanulva mint seg\u00e9d fejlesztette szaktud\u00e1s\u00e1t, \u00f6n\u00e1ll\u00f3 fodr\u00e1szester Mv-en (1921\u2013). Az els\u0151 vh.-ban a 22. honv. gy. e.-ben szolg\u00e1lt az olasz fronton, megsebes\u00fclt, \u0151rmesteri rangban szerelt le. A III. o. Vit\u00e9zi \u00e9rem \u00e9s a K\u00e1roly Csapatkereszt tulajdonosa. <br \/><strong>Irod.:<\/strong> Sz\u00e9kelyf\u00f6ld \u00ed. k.<\/br><\/p>\n","protected":false},"excerpt":{"rendered":"<p>G\u00f6demesterh\u00e1za, 1896., \u2020 ? : fodr\u00e1szmester. \u2013 Iskol\u00e1it Marosh\u00e9v\u00edzen \u00e9s Mv-n v\u00e9gezte. Ipar\u00e1t kitanulva mint seg\u00e9d fejlesztette szaktud\u00e1s\u00e1t, \u00f6n\u00e1ll\u00f3 fodr\u00e1szester Mv-en (1921\u2013). Az els\u0151 vh.-ban a 22. honv. gy. e.-ben szolg\u00e1lt az olasz fronton, megsebes\u00fclt, \u0151rmesteri rangban szerelt le. A III. o. Vit\u00e9zi \u00e9rem \u00e9s a K\u00e1roly Csapatkereszt tulajdonosa. Irod.: Sz\u00e9kelyf\u00f6ld \u00ed. k.<\/p>\n","protected":false},"featured_media":0,"comment_status":"open","ping_status":"closed","template":"","meta":[],"product_brand":[],"product_cat":[137],"product_tag":[],"class_list":{"0":"post-1976","1":"product","2":"type-product","3":"status-publish","5":"product_cat-maros-megyei-eletrajzi-lexikon","7":"first","8":"instock","9":"shipping-taxable","10":"product-type-simple"},"_links":{"self":[{"href":"https:\/\/uj.adatbank.ro\/lexikon\/wp-json\/wp\/v2\/product\/1976","targetHints":{"allow":["GET"]}}],"collection":[{"href":"https:\/\/uj.adatbank.ro\/lexikon\/wp-json\/wp\/v2\/product"}],"about":[{"href":"https:\/\/uj.adatbank.ro\/lexikon\/wp-json\/wp\/v2\/types\/product"}],"replies":[{"embeddable":true,"href":"https:\/\/uj.adatbank.ro\/lexikon\/wp-json\/wp\/v2\/comments?post=1976"}],"wp:attachment":[{"href":"https:\/\/uj.adatbank.ro\/lexikon\/wp-json\/wp\/v2\/media?parent=1976"}],"wp:term":[{"taxonomy":"product_brand","embeddable":true,"href":"https:\/\/uj.adatbank.ro\/lexikon\/wp-json\/wp\/v2\/product_brand?post=1976"},{"taxonomy":"product_cat","embeddable":true,"href":"https:\/\/uj.adatbank.ro\/lexikon\/wp-json\/wp\/v2\/product_cat?post=1976"},{"taxonomy":"product_tag","embeddable":true,"href":"https:\/\/uj.adatbank.ro\/lexikon\/wp-json\/wp\/v2\/product_tag?post=1976"}],"curies":[{"name":"wp","href":"https:\/\/api.w.org\/{rel}","templated":true}]}}