{"id":19761,"date":"2025-07-22T18:24:02","date_gmt":"2025-07-22T16:24:02","guid":{"rendered":"https:\/\/uj.adatbank.ro\/lexikon\/termek\/sarkany-balazs-ilencfalvi\/"},"modified":"2025-07-22T18:24:02","modified_gmt":"2025-07-22T16:24:02","slug":"sarkany-balazs-ilencfalvi","status":"publish","type":"product","link":"https:\/\/uj.adatbank.ro\/lexikon\/termek\/sarkany-balazs-ilencfalvi\/","title":{"rendered":"S\u00c1RK\u00c1NY Bal\u00e1zs, ilencfalvi"},"content":{"rendered":"<p>Mez\u0151madaras, 1875, \u2020\u00a0Bp., 1968: b\u00edr\u00f3. \u2013 S. F\u00e1bi\u00e1n \u00e9s Kov\u00e1cs Ter\u00e9z fia. \u2013 Kir. t\u00f6rv\u00e9nysz\u00e9ki aljegyz\u0151, k\u00fariai b\u00edr\u00f3. <br \/><strong>Irod.:<\/strong> Mez\u0151madaras; P\u00e1lmay.<\/br><\/p>\n","protected":false},"excerpt":{"rendered":"<p>Mez\u0151madaras, 1875, \u2020\u00a0Bp., 1968: b\u00edr\u00f3. \u2013 S. F\u00e1bi\u00e1n \u00e9s Kov\u00e1cs Ter\u00e9z fia. \u2013 Kir. t\u00f6rv\u00e9nysz\u00e9ki aljegyz\u0151, k\u00fariai b\u00edr\u00f3. Irod.: Mez\u0151madaras; P\u00e1lmay.<\/p>\n","protected":false},"featured_media":0,"comment_status":"open","ping_status":"closed","template":"","meta":[],"product_brand":[],"product_cat":[137],"product_tag":[],"class_list":{"0":"post-19761","1":"product","2":"type-product","3":"status-publish","5":"product_cat-maros-megyei-eletrajzi-lexikon","7":"first","8":"instock","9":"shipping-taxable","10":"product-type-simple"},"_links":{"self":[{"href":"https:\/\/uj.adatbank.ro\/lexikon\/wp-json\/wp\/v2\/product\/19761","targetHints":{"allow":["GET"]}}],"collection":[{"href":"https:\/\/uj.adatbank.ro\/lexikon\/wp-json\/wp\/v2\/product"}],"about":[{"href":"https:\/\/uj.adatbank.ro\/lexikon\/wp-json\/wp\/v2\/types\/product"}],"replies":[{"embeddable":true,"href":"https:\/\/uj.adatbank.ro\/lexikon\/wp-json\/wp\/v2\/comments?post=19761"}],"wp:attachment":[{"href":"https:\/\/uj.adatbank.ro\/lexikon\/wp-json\/wp\/v2\/media?parent=19761"}],"wp:term":[{"taxonomy":"product_brand","embeddable":true,"href":"https:\/\/uj.adatbank.ro\/lexikon\/wp-json\/wp\/v2\/product_brand?post=19761"},{"taxonomy":"product_cat","embeddable":true,"href":"https:\/\/uj.adatbank.ro\/lexikon\/wp-json\/wp\/v2\/product_cat?post=19761"},{"taxonomy":"product_tag","embeddable":true,"href":"https:\/\/uj.adatbank.ro\/lexikon\/wp-json\/wp\/v2\/product_tag?post=19761"}],"curies":[{"name":"wp","href":"https:\/\/api.w.org\/{rel}","templated":true}]}}