{"id":19762,"date":"2025-07-22T18:24:03","date_gmt":"2025-07-22T16:24:03","guid":{"rendered":"https:\/\/uj.adatbank.ro\/lexikon\/termek\/sarkany-daniel\/"},"modified":"2025-07-22T18:24:03","modified_gmt":"2025-07-22T16:24:03","slug":"sarkany-daniel","status":"publish","type":"product","link":"https:\/\/uj.adatbank.ro\/lexikon\/termek\/sarkany-daniel\/","title":{"rendered":"S\u00c1RK\u00c1NY D\u00e1niel"},"content":{"rendered":"<p>? \u2020?: ref. lelk\u00e9sz. \u2013 Testv\u00e9rei: S. Borb\u00e1ra mez\u0151k\u00f6vesdi Luk\u00e1cs Elekn\u00e9; ilenczfalvi S\u00e1rk\u00e1ny F\u00e1bi\u00e1n (1830.? \u2013 Mez\u0151madaras, 1880. \u00e1pr. 8.), feles\u00e9ge Kov\u00e1cs Ter\u00e9zia. \u2013 Nagyercse lelk\u00e9sze. K\u00e9r\u00e9s\u00e9re az egyh\u00e1zk\u00f6zs\u00e9g a papilak egyik szob\u00e1j\u00e1t oszt\u00e1lyteremm\u00e9 alak\u00edtotta, itt folyt a tan\u00edt\u00e1s a ref. felekezeti iskol\u00e1ban (1854\u201391). <br \/><strong>Irod.:<\/strong> B\u00edr\u00f3 Don\u00e1t: Egy elt\u0171nt k\u00f6zs\u00e9g nyom\u00e1ban (N\u00fa., 1997. aug. 13.); Gy\u00e1szjelent\u0151.<\/br><\/p>\n","protected":false},"excerpt":{"rendered":"<p>? \u2020?: ref. lelk\u00e9sz. \u2013 Testv\u00e9rei: S. Borb\u00e1ra mez\u0151k\u00f6vesdi Luk\u00e1cs Elekn\u00e9; ilenczfalvi S\u00e1rk\u00e1ny F\u00e1bi\u00e1n (1830.? \u2013 Mez\u0151madaras, 1880. \u00e1pr. 8.), feles\u00e9ge Kov\u00e1cs Ter\u00e9zia. \u2013 Nagyercse lelk\u00e9sze. K\u00e9r\u00e9s\u00e9re az egyh\u00e1zk\u00f6zs\u00e9g a papilak egyik szob\u00e1j\u00e1t oszt\u00e1lyteremm\u00e9 alak\u00edtotta, itt folyt a tan\u00edt\u00e1s a ref. felekezeti iskol\u00e1ban (1854\u201391). Irod.: B\u00edr\u00f3 Don\u00e1t: Egy elt\u0171nt k\u00f6zs\u00e9g nyom\u00e1ban (N\u00fa., 1997. aug. 13.); [&hellip;]<\/p>\n","protected":false},"featured_media":0,"comment_status":"open","ping_status":"closed","template":"","meta":[],"product_brand":[],"product_cat":[137],"product_tag":[],"class_list":{"0":"post-19762","1":"product","2":"type-product","3":"status-publish","5":"product_cat-maros-megyei-eletrajzi-lexikon","7":"first","8":"instock","9":"shipping-taxable","10":"product-type-simple"},"_links":{"self":[{"href":"https:\/\/uj.adatbank.ro\/lexikon\/wp-json\/wp\/v2\/product\/19762","targetHints":{"allow":["GET"]}}],"collection":[{"href":"https:\/\/uj.adatbank.ro\/lexikon\/wp-json\/wp\/v2\/product"}],"about":[{"href":"https:\/\/uj.adatbank.ro\/lexikon\/wp-json\/wp\/v2\/types\/product"}],"replies":[{"embeddable":true,"href":"https:\/\/uj.adatbank.ro\/lexikon\/wp-json\/wp\/v2\/comments?post=19762"}],"wp:attachment":[{"href":"https:\/\/uj.adatbank.ro\/lexikon\/wp-json\/wp\/v2\/media?parent=19762"}],"wp:term":[{"taxonomy":"product_brand","embeddable":true,"href":"https:\/\/uj.adatbank.ro\/lexikon\/wp-json\/wp\/v2\/product_brand?post=19762"},{"taxonomy":"product_cat","embeddable":true,"href":"https:\/\/uj.adatbank.ro\/lexikon\/wp-json\/wp\/v2\/product_cat?post=19762"},{"taxonomy":"product_tag","embeddable":true,"href":"https:\/\/uj.adatbank.ro\/lexikon\/wp-json\/wp\/v2\/product_tag?post=19762"}],"curies":[{"name":"wp","href":"https:\/\/api.w.org\/{rel}","templated":true}]}}