{"id":19763,"date":"2025-07-22T18:24:06","date_gmt":"2025-07-22T16:24:06","guid":{"rendered":"https:\/\/uj.adatbank.ro\/lexikon\/termek\/sarkany-denes-%c2%a7\/"},"modified":"2025-07-22T18:24:06","modified_gmt":"2025-07-22T16:24:06","slug":"sarkany-denes-%c2%a7","status":"publish","type":"product","link":"https:\/\/uj.adatbank.ro\/lexikon\/termek\/sarkany-denes-%c2%a7\/","title":{"rendered":"S\u00c1RK\u00c1NY D\u00e9nes, \u00a7"},"content":{"rendered":"<p>Makfalva, 1925. dec. 4., \u2020 Mv., 1990. j\u00fan. 28.: tan\u00e1r. \u2013 Tanult a sz\u00e9kelykereszt\u00fari Tan\u00edt\u00f3k\u00e9pz\u0151ben (1946); a BBTE filol\u00f3gia kar\u00e1n rom\u00e1n-t\u00f6rt\u00e9nelem szakos tan\u00e1ri oklevelet szerzett (1961). Tan\u00edt\u00f3 volt Szolokm\u00e1n (1946\u201347), igazgat\u00f3-tan\u00edt\u00f3 Havadt\u0151n (1950\u201351); tan\u00edtott Nagykenden (1951\u201352); Mv.-en a tan\u00fcgyi oszt\u00e1ly f\u0151n\u00f6ke (1952); majd Buk.-ben a nemzeti kisebbs\u00e9gek oszt\u00e1ly\u00e1n f\u0151fel\u00fcgyel\u0151 (1953\u201358); a megyei p\u00e1rtbizotts\u00e1g tan\u00fcgyi oszt\u00e1ly\u00e1nak f\u0151n\u00f6ke (1958\u201359); tan\u00e1r a Megyei P\u00e1rtiskol\u00e1ban (1961\u201365); a Bolyai Farkas L\u00edc.-ban igazgat\u00f3 (1965\u201374), uo. tan\u00e1r nyugd\u00edjba vonul\u00e1s\u00e1ig (1975\u201386). T\u00f6bb nevel\u00e9si \u00e9s m\u00f3dszertani tanulm\u00e1ny szerz\u0151je a Tan\u00fcgyi \u00dajs\u00e1g, Tribuna \u015ecolii, V. Z.-ban. Tev\u00e9kenys\u00e9g\u00e9t a Munka\u00e9rdemrend III. Fokozat\u00e1val, Munka\u00e9remmel \u00e9s az \u00c9rdemes Tan\u00e1ri c\u00edmmel t\u00fcntett\u00e9k ki. <br \/><strong>Irod.:<\/strong> Madaras; [Nekrol\u00f3g] (N\u00fa., 1990. j\u00fan. 29.).<\/br><\/p>\n","protected":false},"excerpt":{"rendered":"<p>Makfalva, 1925. dec. 4., \u2020 Mv., 1990. j\u00fan. 28.: tan\u00e1r. \u2013 Tanult a sz\u00e9kelykereszt\u00fari Tan\u00edt\u00f3k\u00e9pz\u0151ben (1946); a BBTE filol\u00f3gia kar\u00e1n rom\u00e1n-t\u00f6rt\u00e9nelem szakos tan\u00e1ri oklevelet szerzett (1961). Tan\u00edt\u00f3 volt Szolokm\u00e1n (1946\u201347), igazgat\u00f3-tan\u00edt\u00f3 Havadt\u0151n (1950\u201351); tan\u00edtott Nagykenden (1951\u201352); Mv.-en a tan\u00fcgyi oszt\u00e1ly f\u0151n\u00f6ke (1952); majd Buk.-ben a nemzeti kisebbs\u00e9gek oszt\u00e1ly\u00e1n f\u0151fel\u00fcgyel\u0151 (1953\u201358); a megyei p\u00e1rtbizotts\u00e1g tan\u00fcgyi oszt\u00e1ly\u00e1nak [&hellip;]<\/p>\n","protected":false},"featured_media":0,"comment_status":"open","ping_status":"closed","template":"","meta":[],"product_brand":[],"product_cat":[137],"product_tag":[],"class_list":{"0":"post-19763","1":"product","2":"type-product","3":"status-publish","5":"product_cat-maros-megyei-eletrajzi-lexikon","7":"first","8":"instock","9":"shipping-taxable","10":"product-type-simple"},"_links":{"self":[{"href":"https:\/\/uj.adatbank.ro\/lexikon\/wp-json\/wp\/v2\/product\/19763","targetHints":{"allow":["GET"]}}],"collection":[{"href":"https:\/\/uj.adatbank.ro\/lexikon\/wp-json\/wp\/v2\/product"}],"about":[{"href":"https:\/\/uj.adatbank.ro\/lexikon\/wp-json\/wp\/v2\/types\/product"}],"replies":[{"embeddable":true,"href":"https:\/\/uj.adatbank.ro\/lexikon\/wp-json\/wp\/v2\/comments?post=19763"}],"wp:attachment":[{"href":"https:\/\/uj.adatbank.ro\/lexikon\/wp-json\/wp\/v2\/media?parent=19763"}],"wp:term":[{"taxonomy":"product_brand","embeddable":true,"href":"https:\/\/uj.adatbank.ro\/lexikon\/wp-json\/wp\/v2\/product_brand?post=19763"},{"taxonomy":"product_cat","embeddable":true,"href":"https:\/\/uj.adatbank.ro\/lexikon\/wp-json\/wp\/v2\/product_cat?post=19763"},{"taxonomy":"product_tag","embeddable":true,"href":"https:\/\/uj.adatbank.ro\/lexikon\/wp-json\/wp\/v2\/product_tag?post=19763"}],"curies":[{"name":"wp","href":"https:\/\/api.w.org\/{rel}","templated":true}]}}