{"id":19765,"date":"2025-07-22T18:24:10","date_gmt":"2025-07-22T16:24:10","guid":{"rendered":"https:\/\/uj.adatbank.ro\/lexikon\/termek\/sarkany-endre-%c2%a7\/"},"modified":"2025-07-22T18:24:10","modified_gmt":"2025-07-22T16:24:10","slug":"sarkany-endre-%c2%a7","status":"publish","type":"product","link":"https:\/\/uj.adatbank.ro\/lexikon\/termek\/sarkany-endre-%c2%a7\/","title":{"rendered":"S\u00c1RK\u00c1NY Endre, \u00a7"},"content":{"rendered":"<p>Mez\u0151domb, 1889.,\u00a0\u2020?: \u00fcvegkeresked\u0151. \u2013 Iskol\u00e1i elv\u00e9gz\u00e9se ut\u00e1n a kereskedelmi p\u00e1ly\u00e1ra l\u00e9pett \u00e9s mint seg\u00e9d a szakma j\u00f3nev\u0171 mesterei mellett fejlesztette szaktud\u00e1s\u00e1t, majd \u00f6n\u00e1ll\u00f3 lett Mv.-en (1918). A szakma minden \u00e1g\u00e1val foglalkozott, \u00fcvegez\u00e9st is v\u00e1llalt, 4\u20135 alkalmazottal dolgozott. Az els\u0151 vh.-ban mint \u0151rmester vett r\u00e9szt, a K\u00e1roly Csapatkereszt kit\u00fcntetettje volt. A MP tagja. <br \/><strong>Irod.:<\/strong> Sz\u00e9kelyf\u00f6ld \u00ed. k.; Visnai.<\/br><\/p>\n","protected":false},"excerpt":{"rendered":"<p>Mez\u0151domb, 1889.,\u00a0\u2020?: \u00fcvegkeresked\u0151. \u2013 Iskol\u00e1i elv\u00e9gz\u00e9se ut\u00e1n a kereskedelmi p\u00e1ly\u00e1ra l\u00e9pett \u00e9s mint seg\u00e9d a szakma j\u00f3nev\u0171 mesterei mellett fejlesztette szaktud\u00e1s\u00e1t, majd \u00f6n\u00e1ll\u00f3 lett Mv.-en (1918). A szakma minden \u00e1g\u00e1val foglalkozott, \u00fcvegez\u00e9st is v\u00e1llalt, 4\u20135 alkalmazottal dolgozott. Az els\u0151 vh.-ban mint \u0151rmester vett r\u00e9szt, a K\u00e1roly Csapatkereszt kit\u00fcntetettje volt. A MP tagja. Irod.: Sz\u00e9kelyf\u00f6ld \u00ed. [&hellip;]<\/p>\n","protected":false},"featured_media":0,"comment_status":"open","ping_status":"closed","template":"","meta":[],"product_brand":[],"product_cat":[137],"product_tag":[],"class_list":{"0":"post-19765","1":"product","2":"type-product","3":"status-publish","5":"product_cat-maros-megyei-eletrajzi-lexikon","7":"first","8":"instock","9":"shipping-taxable","10":"product-type-simple"},"_links":{"self":[{"href":"https:\/\/uj.adatbank.ro\/lexikon\/wp-json\/wp\/v2\/product\/19765","targetHints":{"allow":["GET"]}}],"collection":[{"href":"https:\/\/uj.adatbank.ro\/lexikon\/wp-json\/wp\/v2\/product"}],"about":[{"href":"https:\/\/uj.adatbank.ro\/lexikon\/wp-json\/wp\/v2\/types\/product"}],"replies":[{"embeddable":true,"href":"https:\/\/uj.adatbank.ro\/lexikon\/wp-json\/wp\/v2\/comments?post=19765"}],"wp:attachment":[{"href":"https:\/\/uj.adatbank.ro\/lexikon\/wp-json\/wp\/v2\/media?parent=19765"}],"wp:term":[{"taxonomy":"product_brand","embeddable":true,"href":"https:\/\/uj.adatbank.ro\/lexikon\/wp-json\/wp\/v2\/product_brand?post=19765"},{"taxonomy":"product_cat","embeddable":true,"href":"https:\/\/uj.adatbank.ro\/lexikon\/wp-json\/wp\/v2\/product_cat?post=19765"},{"taxonomy":"product_tag","embeddable":true,"href":"https:\/\/uj.adatbank.ro\/lexikon\/wp-json\/wp\/v2\/product_tag?post=19765"}],"curies":[{"name":"wp","href":"https:\/\/api.w.org\/{rel}","templated":true}]}}