{"id":19768,"date":"2025-07-22T18:24:18","date_gmt":"2025-07-22T16:24:18","guid":{"rendered":"https:\/\/uj.adatbank.ro\/lexikon\/termek\/sarkany-istvan-ilencfalvi\/"},"modified":"2025-07-22T18:24:18","modified_gmt":"2025-07-22T16:24:18","slug":"sarkany-istvan-ilencfalvi","status":"publish","type":"product","link":"https:\/\/uj.adatbank.ro\/lexikon\/termek\/sarkany-istvan-ilencfalvi\/","title":{"rendered":"S\u00c1RK\u00c1NY Istv\u00e1n, ilencfalvi"},"content":{"rendered":"<p>1761? \u2020\u00a01849: Nagyapja Ferenc, Illencfalv\u00e1r\u00f3l k\u00f6lt\u00f6z\u00f6tt Mez\u0151panitba (1700). Apja Istv\u00e1n, akinek a Marossz\u00e9ki Tiszti sz\u00e9k nemess\u00e9g\u00e9t meger\u0151s\u00edtette, birtokait igazolta (1829). Sz\u00e9kelyk\u00f6vesdre telepedett, birtokot v\u00e1s\u00e1rolt. Feles\u00e9ge: Adorj\u00e1n Borb\u00e1la. Gyermekeik: J\u00f3zsef (1795\u20131880). <br \/><strong>Irod.:<\/strong> Mez\u0151madaras.<\/br><\/p>\n","protected":false},"excerpt":{"rendered":"<p>1761? \u2020\u00a01849: Nagyapja Ferenc, Illencfalv\u00e1r\u00f3l k\u00f6lt\u00f6z\u00f6tt Mez\u0151panitba (1700). Apja Istv\u00e1n, akinek a Marossz\u00e9ki Tiszti sz\u00e9k nemess\u00e9g\u00e9t meger\u0151s\u00edtette, birtokait igazolta (1829). Sz\u00e9kelyk\u00f6vesdre telepedett, birtokot v\u00e1s\u00e1rolt. Feles\u00e9ge: Adorj\u00e1n Borb\u00e1la. Gyermekeik: J\u00f3zsef (1795\u20131880). Irod.: Mez\u0151madaras.<\/p>\n","protected":false},"featured_media":0,"comment_status":"open","ping_status":"closed","template":"","meta":[],"product_brand":[],"product_cat":[137],"product_tag":[],"class_list":{"0":"post-19768","1":"product","2":"type-product","3":"status-publish","5":"product_cat-maros-megyei-eletrajzi-lexikon","7":"first","8":"instock","9":"shipping-taxable","10":"product-type-simple"},"_links":{"self":[{"href":"https:\/\/uj.adatbank.ro\/lexikon\/wp-json\/wp\/v2\/product\/19768","targetHints":{"allow":["GET"]}}],"collection":[{"href":"https:\/\/uj.adatbank.ro\/lexikon\/wp-json\/wp\/v2\/product"}],"about":[{"href":"https:\/\/uj.adatbank.ro\/lexikon\/wp-json\/wp\/v2\/types\/product"}],"replies":[{"embeddable":true,"href":"https:\/\/uj.adatbank.ro\/lexikon\/wp-json\/wp\/v2\/comments?post=19768"}],"wp:attachment":[{"href":"https:\/\/uj.adatbank.ro\/lexikon\/wp-json\/wp\/v2\/media?parent=19768"}],"wp:term":[{"taxonomy":"product_brand","embeddable":true,"href":"https:\/\/uj.adatbank.ro\/lexikon\/wp-json\/wp\/v2\/product_brand?post=19768"},{"taxonomy":"product_cat","embeddable":true,"href":"https:\/\/uj.adatbank.ro\/lexikon\/wp-json\/wp\/v2\/product_cat?post=19768"},{"taxonomy":"product_tag","embeddable":true,"href":"https:\/\/uj.adatbank.ro\/lexikon\/wp-json\/wp\/v2\/product_tag?post=19768"}],"curies":[{"name":"wp","href":"https:\/\/api.w.org\/{rel}","templated":true}]}}