{"id":1977,"date":"2025-06-28T11:59:51","date_gmt":"2025-06-28T09:59:51","guid":{"rendered":"https:\/\/uj.adatbank.ro\/lexikon\/termek\/balazs-karoly\/"},"modified":"2025-06-28T11:59:51","modified_gmt":"2025-06-28T09:59:51","slug":"balazs-karoly","status":"publish","type":"product","link":"https:\/\/uj.adatbank.ro\/lexikon\/termek\/balazs-karoly\/","title":{"rendered":"BAL\u00c1ZS K\u00e1roly"},"content":{"rendered":"<p>Tancs, 1909. \u00e1pr. 16., \u2020\u00a0K\u00e9zdiv\u00e1s\u00e1rhely, 1977. nov. 5.: gy\u00f3gyszer\u00e9sz. \u2013 Gy\u00f3gyszer\u00e9sz oklevelet a kv.-i I. Ferdin\u00e1nd Kir. Egyetemen szerzett (1934). Gy\u00f3gyszer\u00e9sz volt Brass\u00f3ban \u00e9s K\u00e9zdiv\u00e1s\u00e1rhelyen. <br \/><strong>Irod.:<\/strong> P\u00e9ter H. M.<\/br><\/p>\n","protected":false},"excerpt":{"rendered":"<p>Tancs, 1909. \u00e1pr. 16., \u2020\u00a0K\u00e9zdiv\u00e1s\u00e1rhely, 1977. nov. 5.: gy\u00f3gyszer\u00e9sz. \u2013 Gy\u00f3gyszer\u00e9sz oklevelet a kv.-i I. Ferdin\u00e1nd Kir. Egyetemen szerzett (1934). Gy\u00f3gyszer\u00e9sz volt Brass\u00f3ban \u00e9s K\u00e9zdiv\u00e1s\u00e1rhelyen. Irod.: P\u00e9ter H. M.<\/p>\n","protected":false},"featured_media":0,"comment_status":"open","ping_status":"closed","template":"","meta":[],"product_brand":[],"product_cat":[137],"product_tag":[],"class_list":{"0":"post-1977","1":"product","2":"type-product","3":"status-publish","5":"product_cat-maros-megyei-eletrajzi-lexikon","7":"first","8":"instock","9":"shipping-taxable","10":"product-type-simple"},"_links":{"self":[{"href":"https:\/\/uj.adatbank.ro\/lexikon\/wp-json\/wp\/v2\/product\/1977","targetHints":{"allow":["GET"]}}],"collection":[{"href":"https:\/\/uj.adatbank.ro\/lexikon\/wp-json\/wp\/v2\/product"}],"about":[{"href":"https:\/\/uj.adatbank.ro\/lexikon\/wp-json\/wp\/v2\/types\/product"}],"replies":[{"embeddable":true,"href":"https:\/\/uj.adatbank.ro\/lexikon\/wp-json\/wp\/v2\/comments?post=1977"}],"wp:attachment":[{"href":"https:\/\/uj.adatbank.ro\/lexikon\/wp-json\/wp\/v2\/media?parent=1977"}],"wp:term":[{"taxonomy":"product_brand","embeddable":true,"href":"https:\/\/uj.adatbank.ro\/lexikon\/wp-json\/wp\/v2\/product_brand?post=1977"},{"taxonomy":"product_cat","embeddable":true,"href":"https:\/\/uj.adatbank.ro\/lexikon\/wp-json\/wp\/v2\/product_cat?post=1977"},{"taxonomy":"product_tag","embeddable":true,"href":"https:\/\/uj.adatbank.ro\/lexikon\/wp-json\/wp\/v2\/product_tag?post=1977"}],"curies":[{"name":"wp","href":"https:\/\/api.w.org\/{rel}","templated":true}]}}