{"id":19770,"date":"2025-07-22T18:24:21","date_gmt":"2025-07-22T16:24:21","guid":{"rendered":"https:\/\/uj.adatbank.ro\/lexikon\/termek\/sarkany-miklos-ilencfalvi-sarkany-nicolae\/"},"modified":"2025-07-22T18:24:21","modified_gmt":"2025-07-22T16:24:21","slug":"sarkany-miklos-ilencfalvi-sarkany-nicolae","status":"publish","type":"product","link":"https:\/\/uj.adatbank.ro\/lexikon\/termek\/sarkany-miklos-ilencfalvi-sarkany-nicolae\/","title":{"rendered":"S\u00c1RK\u00c1NY Mikl\u00f3s, ilencfalvi, S\u00e1rk\u00e1ny Nicolae"},"content":{"rendered":"<p>Mez\u0151madaras, 1868, \u2020\u00a0Mv., 1936.: \u00fcgyv\u00e9d. \u2013 Testv\u00e9rei: S. Anna Muzsnay P\u00e1ln\u00e9; S. Erzs\u00e9bet Horv\u00e1th Ferencn\u00e9; S. Bal\u00e1zs. Feles\u00e9ge: Horv\u00e1th Mikl\u00f3s le\u00e1nya. Fia: ifj. ilencfalvi S\u00e1rk\u00e1ny Mikl\u00f3s joghallgat\u00f3 (1907? \u2013 Mv., 1935. m\u00e1j. 10.). \u2013 K\u00f6z\u00e9piskolai tanulm\u00e1nyait Mv.-en, a jogot Bp.-en v\u00e9gezte, doktorr\u00e1 avatt\u00e1k (1899), \u00fcgyv\u00e9di vizsg\u00e1t tett. \u00dcgyv\u00e9d volt Mv.-en, Maros-Torda f\u0151\u00fcgy\u00e9sze. H\u00e1za a Bolyaiak tere 19. sz. alatt volt. Horv\u00e1th\u00e9k gy\u00f6ny\u00f6r\u0171en berendezt\u00e9k a h\u00e1zat, d\u00edszkertet \u00e9s minta gy\u00fcm\u00f6lcs\u00f6st l\u00e9tes\u00edtettek. Hal\u00e1la ut\u00e1n Sebesty\u00e9n Mikl\u00f3s \u00fcgyv\u00e9d vette meg a h\u00e1zat. R\u00e9szt vett a Sz\u00e9kely Kongresszus Cs\u00edktusn\u00e1don (1902. aug. 28\u201330) tartott \u00fcl\u00e9s\u00e9n \u00e9s el\u0151ad\u00e1st tartott.; a IV. Patronage Kongresszus el\u0151k\u00e9sz\u00edt\u0151 bizotts\u00e1g\u00e1nak tagja (Kv., 1914. szept. 9\u201311). A Mv.-i Kaszin\u00f3 v\u00e1lasztm\u00e1nyi tagja (1919). Az OMP megyei vezet\u0151s\u00e9g\u00e9nek tagja (1926\u2013), megyei tan\u00e1csos, Bern\u00e1dy liber\u00e1lis orient\u00e1ci\u00f3j\u00e1t t\u00e1mogatta. <br \/><strong>Irod.:<\/strong> A IV. Orsz\u00e1gos Patronage Kongresszus iratai (Bp., 1914); Almanah Tg.\u00a0M.; Bi\u00e1s Istv\u00e1n; Gy\u00e1szjelent\u0151; Id\u0151t\u00e1r 3; Mez\u0151madaras; P\u00e1lmay; A Sz\u00e9kely Kongresszus szervezete, tagjainak n\u00e9vsora, t\u00e1rgyal\u00e1sai \u00e9s hat\u00e1rozatai (Bp., 1902).<\/br><\/p>\n","protected":false},"excerpt":{"rendered":"<p>Mez\u0151madaras, 1868, \u2020\u00a0Mv., 1936.: \u00fcgyv\u00e9d. \u2013 Testv\u00e9rei: S. Anna Muzsnay P\u00e1ln\u00e9; S. Erzs\u00e9bet Horv\u00e1th Ferencn\u00e9; S. Bal\u00e1zs. Feles\u00e9ge: Horv\u00e1th Mikl\u00f3s le\u00e1nya. Fia: ifj. ilencfalvi S\u00e1rk\u00e1ny Mikl\u00f3s joghallgat\u00f3 (1907? \u2013 Mv., 1935. m\u00e1j. 10.). \u2013 K\u00f6z\u00e9piskolai tanulm\u00e1nyait Mv.-en, a jogot Bp.-en v\u00e9gezte, doktorr\u00e1 avatt\u00e1k (1899), \u00fcgyv\u00e9di vizsg\u00e1t tett. \u00dcgyv\u00e9d volt Mv.-en, Maros-Torda f\u0151\u00fcgy\u00e9sze. H\u00e1za a Bolyaiak [&hellip;]<\/p>\n","protected":false},"featured_media":0,"comment_status":"open","ping_status":"closed","template":"","meta":[],"product_brand":[],"product_cat":[137],"product_tag":[],"class_list":{"0":"post-19770","1":"product","2":"type-product","3":"status-publish","5":"product_cat-maros-megyei-eletrajzi-lexikon","7":"first","8":"instock","9":"shipping-taxable","10":"product-type-simple"},"_links":{"self":[{"href":"https:\/\/uj.adatbank.ro\/lexikon\/wp-json\/wp\/v2\/product\/19770","targetHints":{"allow":["GET"]}}],"collection":[{"href":"https:\/\/uj.adatbank.ro\/lexikon\/wp-json\/wp\/v2\/product"}],"about":[{"href":"https:\/\/uj.adatbank.ro\/lexikon\/wp-json\/wp\/v2\/types\/product"}],"replies":[{"embeddable":true,"href":"https:\/\/uj.adatbank.ro\/lexikon\/wp-json\/wp\/v2\/comments?post=19770"}],"wp:attachment":[{"href":"https:\/\/uj.adatbank.ro\/lexikon\/wp-json\/wp\/v2\/media?parent=19770"}],"wp:term":[{"taxonomy":"product_brand","embeddable":true,"href":"https:\/\/uj.adatbank.ro\/lexikon\/wp-json\/wp\/v2\/product_brand?post=19770"},{"taxonomy":"product_cat","embeddable":true,"href":"https:\/\/uj.adatbank.ro\/lexikon\/wp-json\/wp\/v2\/product_cat?post=19770"},{"taxonomy":"product_tag","embeddable":true,"href":"https:\/\/uj.adatbank.ro\/lexikon\/wp-json\/wp\/v2\/product_tag?post=19770"}],"curies":[{"name":"wp","href":"https:\/\/api.w.org\/{rel}","templated":true}]}}