{"id":19772,"date":"2025-07-22T18:24:26","date_gmt":"2025-07-22T16:24:26","guid":{"rendered":"https:\/\/uj.adatbank.ro\/lexikon\/termek\/sarkozi-blanka-hidvegi-ernone\/"},"modified":"2025-07-22T18:24:26","modified_gmt":"2025-07-22T16:24:26","slug":"sarkozi-blanka-hidvegi-ernone","status":"publish","type":"product","link":"https:\/\/uj.adatbank.ro\/lexikon\/termek\/sarkozi-blanka-hidvegi-ernone\/","title":{"rendered":"S\u00c1RK\u00d6ZI Blanka, H\u00eddv\u00e9gi Ern\u0151n\u00e9"},"content":{"rendered":"<p>? \u2020\u00a0Zsombolya, 1927. dec?: sz\u00edn\u00e9szn\u0151. \u2013 Fiatal kor\u00e1ban \u00fcnnepelt dr\u00e1mai h\u0151sn\u0151 volt Magyaro. t\u00f6bb sz\u00ednh\u00e1z\u00e1ban. Mv.-en a volt t\u00f6bb \u00e9ven \u00e1t komika a Szab\u00f3 P\u00e1l igazgat\u00e1sa alatti sz\u00ednh\u00e1zt\u00e1rsulatn\u00e1l. Az utols\u00f3 \u00e9veiben Aradra szerz\u0151d\u00f6tt. <br \/><strong>Irod.:<\/strong> [Nekrol\u00f3g] (Maros, 1927. dec. 28.).<\/br><\/p>\n","protected":false},"excerpt":{"rendered":"<p>? \u2020\u00a0Zsombolya, 1927. dec?: sz\u00edn\u00e9szn\u0151. \u2013 Fiatal kor\u00e1ban \u00fcnnepelt dr\u00e1mai h\u0151sn\u0151 volt Magyaro. t\u00f6bb sz\u00ednh\u00e1z\u00e1ban. Mv.-en a volt t\u00f6bb \u00e9ven \u00e1t komika a Szab\u00f3 P\u00e1l igazgat\u00e1sa alatti sz\u00ednh\u00e1zt\u00e1rsulatn\u00e1l. Az utols\u00f3 \u00e9veiben Aradra szerz\u0151d\u00f6tt. Irod.: [Nekrol\u00f3g] (Maros, 1927. dec. 28.).<\/p>\n","protected":false},"featured_media":0,"comment_status":"open","ping_status":"closed","template":"","meta":[],"product_brand":[],"product_cat":[137],"product_tag":[],"class_list":{"0":"post-19772","1":"product","2":"type-product","3":"status-publish","5":"product_cat-maros-megyei-eletrajzi-lexikon","7":"first","8":"instock","9":"shipping-taxable","10":"product-type-simple"},"_links":{"self":[{"href":"https:\/\/uj.adatbank.ro\/lexikon\/wp-json\/wp\/v2\/product\/19772","targetHints":{"allow":["GET"]}}],"collection":[{"href":"https:\/\/uj.adatbank.ro\/lexikon\/wp-json\/wp\/v2\/product"}],"about":[{"href":"https:\/\/uj.adatbank.ro\/lexikon\/wp-json\/wp\/v2\/types\/product"}],"replies":[{"embeddable":true,"href":"https:\/\/uj.adatbank.ro\/lexikon\/wp-json\/wp\/v2\/comments?post=19772"}],"wp:attachment":[{"href":"https:\/\/uj.adatbank.ro\/lexikon\/wp-json\/wp\/v2\/media?parent=19772"}],"wp:term":[{"taxonomy":"product_brand","embeddable":true,"href":"https:\/\/uj.adatbank.ro\/lexikon\/wp-json\/wp\/v2\/product_brand?post=19772"},{"taxonomy":"product_cat","embeddable":true,"href":"https:\/\/uj.adatbank.ro\/lexikon\/wp-json\/wp\/v2\/product_cat?post=19772"},{"taxonomy":"product_tag","embeddable":true,"href":"https:\/\/uj.adatbank.ro\/lexikon\/wp-json\/wp\/v2\/product_tag?post=19772"}],"curies":[{"name":"wp","href":"https:\/\/api.w.org\/{rel}","templated":true}]}}