{"id":19776,"date":"2025-07-22T18:24:34","date_gmt":"2025-07-22T16:24:34","guid":{"rendered":"https:\/\/uj.adatbank.ro\/lexikon\/termek\/sarlai-imre\/"},"modified":"2025-07-22T18:24:34","modified_gmt":"2025-07-22T16:24:34","slug":"sarlai-imre","status":"publish","type":"product","link":"https:\/\/uj.adatbank.ro\/lexikon\/termek\/sarlai-imre\/","title":{"rendered":"SARLAI Imre"},"content":{"rendered":"<p>1904. nov. 14., \u2020\u00a0Bp., 1983. febr. 16.: sz\u00edn\u00e9sz, rendez\u0151, sz\u00edn\u00e9szpedag\u00f3gus. Kispesten kezdte p\u00e1ly\u00e1j\u00e1t (1920\u2013). Vid\u00e9ki v\u00e1rosokban, pl. \u00dajpesten, P\u00e9csett j\u00e1tszott. Bp.-en az \u00daj Sz\u00ednh\u00e1zban, a Belv\u00e1rosi Sz\u00ednh\u00e1zban, a Kir\u00e1ly Sz\u00ednh\u00e1zban, Erd\u00e9lyi Mih\u00e1ly t\u00e1rs.-\u00e1ban, az OMIKE M\u0171v\u00e9szakci\u00f3 el\u0151ad\u00e1sain szerepelt (1923\u201344). Szegeden (1945\u201346), a F\u0151v\u00e1rosi Operettsz\u00ednh\u00e1zban (1947), Nagyv\u00e1radon (1947\u201348), Kv.-ott (1948\u201351), Mv.-en a Sz\u00e9kely Sz\u00ednh\u00e1zban l\u00e9pett sz\u00ednpadra (1951\u201361). A debreceni Csokonai Sz\u00ednh\u00e1z tagja volt (1961\u201371) \u2013 Csif\u00f3 szerint (1957\u201361) \u2013, a B\u00e9k\u00e9s Megyei J\u00f3kai (1972\u201373), a szolnoki Szigligeti (1975\u201378), a Nemzeti (1980\u201381), a Katona J\u00f3zsef (1982), a V\u00edg- \u00e9s a Rock Sz\u00ednh\u00e1zban, a J\u00e1t\u00e9ksz\u00ednben j\u00e1tszott. A mv.-i Szentgy\u00f6rgyi Istv\u00e1n Sz\u00ednm\u0171v\u00e9szeti Int\u00e9zetben tan\u00edtott (1951\u201355). \u00c9rdemes m\u0171v\u00e9sz kit\u00fcntet\u00e9st kapott (1979). Jellem- \u00e9s epiz\u00f3dszerepeket alak\u00edtott. \u2013 <strong>F. sz.:<\/strong> Doolittle (Shaw: Pygmalion); Reimsi \u00e9rsek (Shaw: Szent Johanna); Sheriff (Nash: Az es\u0151csin\u00e1l\u00f3); Csavarg\u00f3 (Thomas: Szeg\u00e9ny D\u00e1niel); Tan\u00edt\u00f3 (Kornis M.: Halleluja); Mih\u00e1ly (F\u00fcst M.: Boldogtalanok); Zsellyei Balog \u00c1bel (M\u00f3ricz: Uri muri); \u00daj b\u00e1csi t\u0171zmester (Davidoglu: B\u00e1ny\u00e1szok); Popa Virgil, \u00fcgyv\u00e9d (Kiss-Kov\u00e1ts: Vihar a havason); Kucsuk Ali basa (Huszka Jen\u0151: G\u00fcl baba); M\u00e1ty\u00e1s kir\u00e1ly (Heltai Jen\u0151 A n\u00e9ma levente); Gyer\u0151fi Mih\u00e1ly (K\u00f3s K\u00e1roly: Budai Nagy Antal); id. V\u00e1mos \u00d6d\u00f6n (Szab\u00f3 Lajos: Menek\u00fcl\u00e9s); Prohor Boriszovics Charpov (M. Gorkij: Vassza Zseleznova, 1957); Tiberiu Vlad (E. Mirea \u2013 Kov\u00e1cs Gy\u00f6rgy: Az utols\u00f3 vonat); \u015etef\u0103nescu szerkeszt\u0151s\u00e9gi titk\u00e1r (Sebastian: Lapz\u00e1rta el\u0151tt); Gremio Bianca k\u00eds\u00e9r\u0151je (Shakespeare: A makrancos h\u00f6lgy); Nagyapa (Gladkov: Szilveszter); A rendez\u0151 (M\u00e9hes Gy\u00f6rgy: Sz\u00e9na vagy szalma); Mayer Bayer, antikv\u00e1rius (A. Baranga: Diadal\u00edv); Pompilian (C. Teodoru: Oroszl\u00e1nr\u00e9sz); Hrjascsev (K. Trenyov: Gimnazist\u00e1k); Ragueneau (Rostand: Cyrano de Bergerac); Anarchist\u00e1k vezet\u0151je (V. Visnyevszkij: Optimista trag\u00e9dia 1959). <strong>F. r.:<\/strong> Ibsen: Peer Gynt; Smetana: Az eladott menyasszony; ifj. J. Strauss: A cig\u00e1nyb\u00e1r\u00f3. <br \/><strong>Irod.:<\/strong> Csif\u00f3; Horv\u00e1th Bea; Kov\u00e1cs Levente; MSZL; MSZL; N\u00fa. (1988. febr. 10.; 2007. nov. 2.).<\/br><\/p>\n","protected":false},"excerpt":{"rendered":"<p>1904. nov. 14., \u2020\u00a0Bp., 1983. febr. 16.: sz\u00edn\u00e9sz, rendez\u0151, sz\u00edn\u00e9szpedag\u00f3gus. Kispesten kezdte p\u00e1ly\u00e1j\u00e1t (1920\u2013). Vid\u00e9ki v\u00e1rosokban, pl. \u00dajpesten, P\u00e9csett j\u00e1tszott. Bp.-en az \u00daj Sz\u00ednh\u00e1zban, a Belv\u00e1rosi Sz\u00ednh\u00e1zban, a Kir\u00e1ly Sz\u00ednh\u00e1zban, Erd\u00e9lyi Mih\u00e1ly t\u00e1rs.-\u00e1ban, az OMIKE M\u0171v\u00e9szakci\u00f3 el\u0151ad\u00e1sain szerepelt (1923\u201344). Szegeden (1945\u201346), a F\u0151v\u00e1rosi Operettsz\u00ednh\u00e1zban (1947), Nagyv\u00e1radon (1947\u201348), Kv.-ott (1948\u201351), Mv.-en a Sz\u00e9kely Sz\u00ednh\u00e1zban l\u00e9pett sz\u00ednpadra [&hellip;]<\/p>\n","protected":false},"featured_media":0,"comment_status":"open","ping_status":"closed","template":"","meta":[],"product_brand":[],"product_cat":[137],"product_tag":[],"class_list":{"0":"post-19776","1":"product","2":"type-product","3":"status-publish","5":"product_cat-maros-megyei-eletrajzi-lexikon","7":"first","8":"instock","9":"shipping-taxable","10":"product-type-simple"},"_links":{"self":[{"href":"https:\/\/uj.adatbank.ro\/lexikon\/wp-json\/wp\/v2\/product\/19776","targetHints":{"allow":["GET"]}}],"collection":[{"href":"https:\/\/uj.adatbank.ro\/lexikon\/wp-json\/wp\/v2\/product"}],"about":[{"href":"https:\/\/uj.adatbank.ro\/lexikon\/wp-json\/wp\/v2\/types\/product"}],"replies":[{"embeddable":true,"href":"https:\/\/uj.adatbank.ro\/lexikon\/wp-json\/wp\/v2\/comments?post=19776"}],"wp:attachment":[{"href":"https:\/\/uj.adatbank.ro\/lexikon\/wp-json\/wp\/v2\/media?parent=19776"}],"wp:term":[{"taxonomy":"product_brand","embeddable":true,"href":"https:\/\/uj.adatbank.ro\/lexikon\/wp-json\/wp\/v2\/product_brand?post=19776"},{"taxonomy":"product_cat","embeddable":true,"href":"https:\/\/uj.adatbank.ro\/lexikon\/wp-json\/wp\/v2\/product_cat?post=19776"},{"taxonomy":"product_tag","embeddable":true,"href":"https:\/\/uj.adatbank.ro\/lexikon\/wp-json\/wp\/v2\/product_tag?post=19776"}],"curies":[{"name":"wp","href":"https:\/\/api.w.org\/{rel}","templated":true}]}}