{"id":19777,"date":"2025-07-22T18:24:39","date_gmt":"2025-07-22T16:24:39","guid":{"rendered":"https:\/\/uj.adatbank.ro\/lexikon\/termek\/sarmas-teodor\/"},"modified":"2025-07-22T18:24:39","modified_gmt":"2025-07-22T16:24:39","slug":"sarmas-teodor","status":"publish","type":"product","link":"https:\/\/uj.adatbank.ro\/lexikon\/termek\/sarmas-teodor\/","title":{"rendered":"S\u0102RMA\u015e, Teodor"},"content":{"rendered":"<p>? \u2020?: g. kat. lelk\u00e9sz. \u2013 Mez\u0151dombon szolg\u00e1lt (1931\u201343). Szolg\u00e1lata idej\u00e9ben \u00e9p\u00edtett\u00e9k k\u00f6zadakoz\u00e1sb\u00f3l a ma is \u00e1ll\u00f3 g. kat. templomot (1933\u201335). Felszentelte Al. Nicolescu p\u00fcsp\u00f6k (1936). Fresk\u00f3it Francisc Erceghi \u00e9s Iosif Dobon\u0163 festett\u00e9k. <br \/><strong>Irod.:<\/strong> S\u00e2npetru de C\u00e2mpie.<\/br><\/p>\n","protected":false},"excerpt":{"rendered":"<p>? \u2020?: g. kat. lelk\u00e9sz. \u2013 Mez\u0151dombon szolg\u00e1lt (1931\u201343). Szolg\u00e1lata idej\u00e9ben \u00e9p\u00edtett\u00e9k k\u00f6zadakoz\u00e1sb\u00f3l a ma is \u00e1ll\u00f3 g. kat. templomot (1933\u201335). Felszentelte Al. Nicolescu p\u00fcsp\u00f6k (1936). Fresk\u00f3it Francisc Erceghi \u00e9s Iosif Dobon\u0163 festett\u00e9k. Irod.: S\u00e2npetru de C\u00e2mpie.<\/p>\n","protected":false},"featured_media":0,"comment_status":"open","ping_status":"closed","template":"","meta":[],"product_brand":[],"product_cat":[137],"product_tag":[],"class_list":{"0":"post-19777","1":"product","2":"type-product","3":"status-publish","5":"product_cat-maros-megyei-eletrajzi-lexikon","7":"first","8":"instock","9":"shipping-taxable","10":"product-type-simple"},"_links":{"self":[{"href":"https:\/\/uj.adatbank.ro\/lexikon\/wp-json\/wp\/v2\/product\/19777","targetHints":{"allow":["GET"]}}],"collection":[{"href":"https:\/\/uj.adatbank.ro\/lexikon\/wp-json\/wp\/v2\/product"}],"about":[{"href":"https:\/\/uj.adatbank.ro\/lexikon\/wp-json\/wp\/v2\/types\/product"}],"replies":[{"embeddable":true,"href":"https:\/\/uj.adatbank.ro\/lexikon\/wp-json\/wp\/v2\/comments?post=19777"}],"wp:attachment":[{"href":"https:\/\/uj.adatbank.ro\/lexikon\/wp-json\/wp\/v2\/media?parent=19777"}],"wp:term":[{"taxonomy":"product_brand","embeddable":true,"href":"https:\/\/uj.adatbank.ro\/lexikon\/wp-json\/wp\/v2\/product_brand?post=19777"},{"taxonomy":"product_cat","embeddable":true,"href":"https:\/\/uj.adatbank.ro\/lexikon\/wp-json\/wp\/v2\/product_cat?post=19777"},{"taxonomy":"product_tag","embeddable":true,"href":"https:\/\/uj.adatbank.ro\/lexikon\/wp-json\/wp\/v2\/product_tag?post=19777"}],"curies":[{"name":"wp","href":"https:\/\/api.w.org\/{rel}","templated":true}]}}