{"id":19778,"date":"2025-07-22T18:24:41","date_gmt":"2025-07-22T16:24:41","guid":{"rendered":"https:\/\/uj.adatbank.ro\/lexikon\/termek\/saroiu-ioan\/"},"modified":"2025-07-22T18:24:41","modified_gmt":"2025-07-22T16:24:41","slug":"saroiu-ioan","status":"publish","type":"product","link":"https:\/\/uj.adatbank.ro\/lexikon\/termek\/saroiu-ioan\/","title":{"rendered":"S\u0102ROIU, Ioan"},"content":{"rendered":"<p>1897., \u2020?: orvos, sz\u00fcl\u00e9sz-n\u0151gy\u00f3gy\u00e1sz. \u2013 Bal\u00e1zsfalv\u00e1n \u00e9retts\u00e9gizett, az egyetem orvosi fakult\u00e1s\u00e1t Kv.-on v\u00e9gezte. Brass\u00f3ban, Nagyenyeden m\u0171k\u00f6d\u00f6tt, majd 1 \u00e9vig tanulm\u00e1ny\u00faton volt P\u00e1rizsban, Berlinben, ahol neves professzorok mellett praktiz\u00e1lt. Dics\u0151szentm\u00e1rtonban v\u00e1rosi tiszti orvos, azonk\u00edv\u00fcl sz\u00fcl\u00e9szeti-n\u0151gy\u00f3gy\u00e1szati prakszist is folytatott. Tudom\u00e1nyos cikkei jelentek meg orvosi lapokban. R\u00e9szt vett az els\u0151 vh.-ban, olasz fogs\u00e1gba esett, ahonnan a rom\u00e1n l\u00e9gi\u00f3val t\u00e9rt vissza. A Rom\u00e1n Koronarend lovagja \u00e9s \u00e9rdemkereszt tulajdonosa volt. <br \/><strong>Irod.:<\/strong> Ki kicsoda?<\/br><\/p>\n","protected":false},"excerpt":{"rendered":"<p>1897., \u2020?: orvos, sz\u00fcl\u00e9sz-n\u0151gy\u00f3gy\u00e1sz. \u2013 Bal\u00e1zsfalv\u00e1n \u00e9retts\u00e9gizett, az egyetem orvosi fakult\u00e1s\u00e1t Kv.-on v\u00e9gezte. Brass\u00f3ban, Nagyenyeden m\u0171k\u00f6d\u00f6tt, majd 1 \u00e9vig tanulm\u00e1ny\u00faton volt P\u00e1rizsban, Berlinben, ahol neves professzorok mellett praktiz\u00e1lt. Dics\u0151szentm\u00e1rtonban v\u00e1rosi tiszti orvos, azonk\u00edv\u00fcl sz\u00fcl\u00e9szeti-n\u0151gy\u00f3gy\u00e1szati prakszist is folytatott. Tudom\u00e1nyos cikkei jelentek meg orvosi lapokban. R\u00e9szt vett az els\u0151 vh.-ban, olasz fogs\u00e1gba esett, ahonnan a rom\u00e1n l\u00e9gi\u00f3val [&hellip;]<\/p>\n","protected":false},"featured_media":0,"comment_status":"open","ping_status":"closed","template":"","meta":[],"product_brand":[],"product_cat":[137],"product_tag":[],"class_list":{"0":"post-19778","1":"product","2":"type-product","3":"status-publish","5":"product_cat-maros-megyei-eletrajzi-lexikon","7":"first","8":"instock","9":"shipping-taxable","10":"product-type-simple"},"_links":{"self":[{"href":"https:\/\/uj.adatbank.ro\/lexikon\/wp-json\/wp\/v2\/product\/19778","targetHints":{"allow":["GET"]}}],"collection":[{"href":"https:\/\/uj.adatbank.ro\/lexikon\/wp-json\/wp\/v2\/product"}],"about":[{"href":"https:\/\/uj.adatbank.ro\/lexikon\/wp-json\/wp\/v2\/types\/product"}],"replies":[{"embeddable":true,"href":"https:\/\/uj.adatbank.ro\/lexikon\/wp-json\/wp\/v2\/comments?post=19778"}],"wp:attachment":[{"href":"https:\/\/uj.adatbank.ro\/lexikon\/wp-json\/wp\/v2\/media?parent=19778"}],"wp:term":[{"taxonomy":"product_brand","embeddable":true,"href":"https:\/\/uj.adatbank.ro\/lexikon\/wp-json\/wp\/v2\/product_brand?post=19778"},{"taxonomy":"product_cat","embeddable":true,"href":"https:\/\/uj.adatbank.ro\/lexikon\/wp-json\/wp\/v2\/product_cat?post=19778"},{"taxonomy":"product_tag","embeddable":true,"href":"https:\/\/uj.adatbank.ro\/lexikon\/wp-json\/wp\/v2\/product_tag?post=19778"}],"curies":[{"name":"wp","href":"https:\/\/api.w.org\/{rel}","templated":true}]}}