{"id":19779,"date":"2025-07-22T18:24:43","date_gmt":"2025-07-22T16:24:43","guid":{"rendered":"https:\/\/uj.adatbank.ro\/lexikon\/termek\/sarosi-nagyernyei-csalad\/"},"modified":"2025-07-22T18:24:43","modified_gmt":"2025-07-22T16:24:43","slug":"sarosi-nagyernyei-csalad","status":"publish","type":"product","link":"https:\/\/uj.adatbank.ro\/lexikon\/termek\/sarosi-nagyernyei-csalad\/","title":{"rendered":"S\u00c1ROSI, nagyernyei csal\u00e1d"},"content":{"rendered":"<p>S. Bertalan \u00e9s Tam\u00e1s nyertek nemeslevelet B\u00e1thory Krist\u00f3ft\u00f3l (1555). <br \/><strong>Irod.:<\/strong> Keresztes Gyula: \u00d6r\u00f6ks\u00e9g\u00fcnk 50.: A nagyernyei udvarh\u00e1zak (1994. febr. 11.); P\u00e1lmay.<\/br><\/p>\n","protected":false},"excerpt":{"rendered":"<p>S. Bertalan \u00e9s Tam\u00e1s nyertek nemeslevelet B\u00e1thory Krist\u00f3ft\u00f3l (1555). Irod.: Keresztes Gyula: \u00d6r\u00f6ks\u00e9g\u00fcnk 50.: A nagyernyei udvarh\u00e1zak (1994. febr. 11.); P\u00e1lmay.<\/p>\n","protected":false},"featured_media":0,"comment_status":"open","ping_status":"closed","template":"","meta":[],"product_brand":[],"product_cat":[137],"product_tag":[],"class_list":{"0":"post-19779","1":"product","2":"type-product","3":"status-publish","5":"product_cat-maros-megyei-eletrajzi-lexikon","7":"first","8":"instock","9":"shipping-taxable","10":"product-type-simple"},"_links":{"self":[{"href":"https:\/\/uj.adatbank.ro\/lexikon\/wp-json\/wp\/v2\/product\/19779","targetHints":{"allow":["GET"]}}],"collection":[{"href":"https:\/\/uj.adatbank.ro\/lexikon\/wp-json\/wp\/v2\/product"}],"about":[{"href":"https:\/\/uj.adatbank.ro\/lexikon\/wp-json\/wp\/v2\/types\/product"}],"replies":[{"embeddable":true,"href":"https:\/\/uj.adatbank.ro\/lexikon\/wp-json\/wp\/v2\/comments?post=19779"}],"wp:attachment":[{"href":"https:\/\/uj.adatbank.ro\/lexikon\/wp-json\/wp\/v2\/media?parent=19779"}],"wp:term":[{"taxonomy":"product_brand","embeddable":true,"href":"https:\/\/uj.adatbank.ro\/lexikon\/wp-json\/wp\/v2\/product_brand?post=19779"},{"taxonomy":"product_cat","embeddable":true,"href":"https:\/\/uj.adatbank.ro\/lexikon\/wp-json\/wp\/v2\/product_cat?post=19779"},{"taxonomy":"product_tag","embeddable":true,"href":"https:\/\/uj.adatbank.ro\/lexikon\/wp-json\/wp\/v2\/product_tag?post=19779"}],"curies":[{"name":"wp","href":"https:\/\/api.w.org\/{rel}","templated":true}]}}