{"id":1978,"date":"2025-06-28T11:59:54","date_gmt":"2025-06-28T09:59:54","guid":{"rendered":"https:\/\/uj.adatbank.ro\/lexikon\/termek\/balazs-lajos\/"},"modified":"2025-06-28T11:59:54","modified_gmt":"2025-06-28T09:59:54","slug":"balazs-lajos","status":"publish","type":"product","link":"https:\/\/uj.adatbank.ro\/lexikon\/termek\/balazs-lajos\/","title":{"rendered":"BAL\u00c1ZS Lajos"},"content":{"rendered":"<p>Szatm\u00e1rmegye, 1890., \u2020 ? : \u00fcgyv\u00e9d. \u2013 A k\u00f6z\u00e9piskol\u00e1t Nagyb\u00e1ny\u00e1n, a jogot Bp.-en v\u00e9gezte, kamarai tag (1921\u2013). Ny\u00e1r\u00e1dt\u0151n \u00fcgyv\u00e9d. Az els\u0151 vh.-ban az orosz \u00e9s olasz fronton harcolt, tartal\u00e9kos z\u00e1szl\u00f3s. A Bronz Vit\u00e9zs\u00e9gi \u00c9rem \u00e9s a Vas \u00c9rdemkereszt tulajdonosa. <br \/><strong>Irod.:<\/strong> Sz\u00e9kelyf\u00f6ld \u00ed. k.<\/br><\/p>\n","protected":false},"excerpt":{"rendered":"<p>Szatm\u00e1rmegye, 1890., \u2020 ? : \u00fcgyv\u00e9d. \u2013 A k\u00f6z\u00e9piskol\u00e1t Nagyb\u00e1ny\u00e1n, a jogot Bp.-en v\u00e9gezte, kamarai tag (1921\u2013). Ny\u00e1r\u00e1dt\u0151n \u00fcgyv\u00e9d. Az els\u0151 vh.-ban az orosz \u00e9s olasz fronton harcolt, tartal\u00e9kos z\u00e1szl\u00f3s. A Bronz Vit\u00e9zs\u00e9gi \u00c9rem \u00e9s a Vas \u00c9rdemkereszt tulajdonosa. Irod.: Sz\u00e9kelyf\u00f6ld \u00ed. k.<\/p>\n","protected":false},"featured_media":0,"comment_status":"open","ping_status":"closed","template":"","meta":[],"product_brand":[],"product_cat":[137],"product_tag":[],"class_list":{"0":"post-1978","1":"product","2":"type-product","3":"status-publish","5":"product_cat-maros-megyei-eletrajzi-lexikon","7":"first","8":"instock","9":"shipping-taxable","10":"product-type-simple"},"_links":{"self":[{"href":"https:\/\/uj.adatbank.ro\/lexikon\/wp-json\/wp\/v2\/product\/1978","targetHints":{"allow":["GET"]}}],"collection":[{"href":"https:\/\/uj.adatbank.ro\/lexikon\/wp-json\/wp\/v2\/product"}],"about":[{"href":"https:\/\/uj.adatbank.ro\/lexikon\/wp-json\/wp\/v2\/types\/product"}],"replies":[{"embeddable":true,"href":"https:\/\/uj.adatbank.ro\/lexikon\/wp-json\/wp\/v2\/comments?post=1978"}],"wp:attachment":[{"href":"https:\/\/uj.adatbank.ro\/lexikon\/wp-json\/wp\/v2\/media?parent=1978"}],"wp:term":[{"taxonomy":"product_brand","embeddable":true,"href":"https:\/\/uj.adatbank.ro\/lexikon\/wp-json\/wp\/v2\/product_brand?post=1978"},{"taxonomy":"product_cat","embeddable":true,"href":"https:\/\/uj.adatbank.ro\/lexikon\/wp-json\/wp\/v2\/product_cat?post=1978"},{"taxonomy":"product_tag","embeddable":true,"href":"https:\/\/uj.adatbank.ro\/lexikon\/wp-json\/wp\/v2\/product_tag?post=1978"}],"curies":[{"name":"wp","href":"https:\/\/api.w.org\/{rel}","templated":true}]}}