{"id":19780,"date":"2025-07-22T18:24:45","date_gmt":"2025-07-22T16:24:45","guid":{"rendered":"https:\/\/uj.adatbank.ro\/lexikon\/termek\/sarosi-antal\/"},"modified":"2025-07-22T18:24:45","modified_gmt":"2025-07-22T16:24:45","slug":"sarosi-antal","status":"publish","type":"product","link":"https:\/\/uj.adatbank.ro\/lexikon\/termek\/sarosi-antal\/","title":{"rendered":"S\u00c1ROSI Antal"},"content":{"rendered":"<p>Szentgerice, 1941. j\u00fal. 11. \u2020?: gazd\u00e1lkod\u00f3. \u2013 Jehova-tan\u00fa volt, letart\u00f3ztatt\u00e1k (1964. m\u00e1rc. 18) \u00e9s 4 \u00e9vre \u00edt\u00e9lt\u00e9k a katonai szolg\u00e1lat megtagad\u00e1s\u00e1\u00e9rt (szabadult 1966. \u00e1pr. 26.). Meghalt. <br \/><strong>Irod.:<\/strong> 1956 Erd\u00e9lyben.<\/br><\/p>\n","protected":false},"excerpt":{"rendered":"<p>Szentgerice, 1941. j\u00fal. 11. \u2020?: gazd\u00e1lkod\u00f3. \u2013 Jehova-tan\u00fa volt, letart\u00f3ztatt\u00e1k (1964. m\u00e1rc. 18) \u00e9s 4 \u00e9vre \u00edt\u00e9lt\u00e9k a katonai szolg\u00e1lat megtagad\u00e1s\u00e1\u00e9rt (szabadult 1966. \u00e1pr. 26.). Meghalt. Irod.: 1956 Erd\u00e9lyben.<\/p>\n","protected":false},"featured_media":0,"comment_status":"open","ping_status":"closed","template":"","meta":[],"product_brand":[],"product_cat":[137],"product_tag":[],"class_list":{"0":"post-19780","1":"product","2":"type-product","3":"status-publish","5":"product_cat-maros-megyei-eletrajzi-lexikon","7":"first","8":"instock","9":"shipping-taxable","10":"product-type-simple"},"_links":{"self":[{"href":"https:\/\/uj.adatbank.ro\/lexikon\/wp-json\/wp\/v2\/product\/19780","targetHints":{"allow":["GET"]}}],"collection":[{"href":"https:\/\/uj.adatbank.ro\/lexikon\/wp-json\/wp\/v2\/product"}],"about":[{"href":"https:\/\/uj.adatbank.ro\/lexikon\/wp-json\/wp\/v2\/types\/product"}],"replies":[{"embeddable":true,"href":"https:\/\/uj.adatbank.ro\/lexikon\/wp-json\/wp\/v2\/comments?post=19780"}],"wp:attachment":[{"href":"https:\/\/uj.adatbank.ro\/lexikon\/wp-json\/wp\/v2\/media?parent=19780"}],"wp:term":[{"taxonomy":"product_brand","embeddable":true,"href":"https:\/\/uj.adatbank.ro\/lexikon\/wp-json\/wp\/v2\/product_brand?post=19780"},{"taxonomy":"product_cat","embeddable":true,"href":"https:\/\/uj.adatbank.ro\/lexikon\/wp-json\/wp\/v2\/product_cat?post=19780"},{"taxonomy":"product_tag","embeddable":true,"href":"https:\/\/uj.adatbank.ro\/lexikon\/wp-json\/wp\/v2\/product_tag?post=19780"}],"curies":[{"name":"wp","href":"https:\/\/api.w.org\/{rel}","templated":true}]}}