{"id":19782,"date":"2025-07-22T18:24:49","date_gmt":"2025-07-22T16:24:49","guid":{"rendered":"https:\/\/uj.adatbank.ro\/lexikon\/termek\/sarosi-eszter-varadi-szocs-istvanne\/"},"modified":"2025-07-22T18:24:49","modified_gmt":"2025-07-22T16:24:49","slug":"sarosi-eszter-varadi-szocs-istvanne","status":"publish","type":"product","link":"https:\/\/uj.adatbank.ro\/lexikon\/termek\/sarosi-eszter-varadi-szocs-istvanne\/","title":{"rendered":"S\u00c1ROSI Eszter, V\u00e1radi Sz\u0151cs Istv\u00e1nn\u00e9"},"content":{"rendered":"<p>1809., \u2020\u00a0Nagyernye, 1902. febr. 13.: Erny\u00e9ben az utols\u00f3 szombatos volt. Apja, S. D\u00e1niel nagyernyei megyeb\u00edr\u00f3 (1834). A ref. V\u00e1radi Sz\u0151cs Istv\u00e1nhoz ment feles\u00e9g\u00fcl. Ko\u00f3s Ferenc \u00e9desanyj\u00e1nak a sz\u00fclei. <br \/><strong>Irod.:<\/strong> Nagyernye.<\/br><\/p>\n","protected":false},"excerpt":{"rendered":"<p>1809., \u2020\u00a0Nagyernye, 1902. febr. 13.: Erny\u00e9ben az utols\u00f3 szombatos volt. Apja, S. D\u00e1niel nagyernyei megyeb\u00edr\u00f3 (1834). A ref. V\u00e1radi Sz\u0151cs Istv\u00e1nhoz ment feles\u00e9g\u00fcl. Ko\u00f3s Ferenc \u00e9desanyj\u00e1nak a sz\u00fclei. Irod.: Nagyernye.<\/p>\n","protected":false},"featured_media":0,"comment_status":"open","ping_status":"closed","template":"","meta":[],"product_brand":[],"product_cat":[137],"product_tag":[],"class_list":{"0":"post-19782","1":"product","2":"type-product","3":"status-publish","5":"product_cat-maros-megyei-eletrajzi-lexikon","7":"first","8":"instock","9":"shipping-taxable","10":"product-type-simple"},"_links":{"self":[{"href":"https:\/\/uj.adatbank.ro\/lexikon\/wp-json\/wp\/v2\/product\/19782","targetHints":{"allow":["GET"]}}],"collection":[{"href":"https:\/\/uj.adatbank.ro\/lexikon\/wp-json\/wp\/v2\/product"}],"about":[{"href":"https:\/\/uj.adatbank.ro\/lexikon\/wp-json\/wp\/v2\/types\/product"}],"replies":[{"embeddable":true,"href":"https:\/\/uj.adatbank.ro\/lexikon\/wp-json\/wp\/v2\/comments?post=19782"}],"wp:attachment":[{"href":"https:\/\/uj.adatbank.ro\/lexikon\/wp-json\/wp\/v2\/media?parent=19782"}],"wp:term":[{"taxonomy":"product_brand","embeddable":true,"href":"https:\/\/uj.adatbank.ro\/lexikon\/wp-json\/wp\/v2\/product_brand?post=19782"},{"taxonomy":"product_cat","embeddable":true,"href":"https:\/\/uj.adatbank.ro\/lexikon\/wp-json\/wp\/v2\/product_cat?post=19782"},{"taxonomy":"product_tag","embeddable":true,"href":"https:\/\/uj.adatbank.ro\/lexikon\/wp-json\/wp\/v2\/product_tag?post=19782"}],"curies":[{"name":"wp","href":"https:\/\/api.w.org\/{rel}","templated":true}]}}