{"id":19783,"date":"2025-07-22T18:24:52","date_gmt":"2025-07-22T16:24:52","guid":{"rendered":"https:\/\/uj.adatbank.ro\/lexikon\/termek\/sarosi-ferenc-pokai\/"},"modified":"2025-07-22T18:24:52","modified_gmt":"2025-07-22T16:24:52","slug":"sarosi-ferenc-pokai","status":"publish","type":"product","link":"https:\/\/uj.adatbank.ro\/lexikon\/termek\/sarosi-ferenc-pokai\/","title":{"rendered":"S\u00c1ROSI Ferenc, p\u00f3kai"},"content":{"rendered":"<p>? \u2020?: f\u00f6ldbirtokos. \u2013 Feles\u00e9ge: magyardell\u0151i J\u00e1rmi Judit (1778? \u2020 Mv., 1862. \u00e1pr. 15. Ny\u00e1r\u00e1dg\u00e1lfalv\u00e1n temett\u00e9k). \u2013 Ny\u00e1r\u00e1dszentl\u00e1szl\u00f3i unit. patronus, consistor (1819). <br \/><strong>Irod.:<\/strong> Gy\u00e1szjelent\u0151; K\u0151v\u00e1ry L\u00e1szl\u00f3 1899.<\/br><\/p>\n","protected":false},"excerpt":{"rendered":"<p>? \u2020?: f\u00f6ldbirtokos. \u2013 Feles\u00e9ge: magyardell\u0151i J\u00e1rmi Judit (1778? \u2020 Mv., 1862. \u00e1pr. 15. Ny\u00e1r\u00e1dg\u00e1lfalv\u00e1n temett\u00e9k). \u2013 Ny\u00e1r\u00e1dszentl\u00e1szl\u00f3i unit. patronus, consistor (1819). Irod.: Gy\u00e1szjelent\u0151; K\u0151v\u00e1ry L\u00e1szl\u00f3 1899.<\/p>\n","protected":false},"featured_media":0,"comment_status":"open","ping_status":"closed","template":"","meta":[],"product_brand":[],"product_cat":[137],"product_tag":[],"class_list":{"0":"post-19783","1":"product","2":"type-product","3":"status-publish","5":"product_cat-maros-megyei-eletrajzi-lexikon","7":"first","8":"instock","9":"shipping-taxable","10":"product-type-simple"},"_links":{"self":[{"href":"https:\/\/uj.adatbank.ro\/lexikon\/wp-json\/wp\/v2\/product\/19783","targetHints":{"allow":["GET"]}}],"collection":[{"href":"https:\/\/uj.adatbank.ro\/lexikon\/wp-json\/wp\/v2\/product"}],"about":[{"href":"https:\/\/uj.adatbank.ro\/lexikon\/wp-json\/wp\/v2\/types\/product"}],"replies":[{"embeddable":true,"href":"https:\/\/uj.adatbank.ro\/lexikon\/wp-json\/wp\/v2\/comments?post=19783"}],"wp:attachment":[{"href":"https:\/\/uj.adatbank.ro\/lexikon\/wp-json\/wp\/v2\/media?parent=19783"}],"wp:term":[{"taxonomy":"product_brand","embeddable":true,"href":"https:\/\/uj.adatbank.ro\/lexikon\/wp-json\/wp\/v2\/product_brand?post=19783"},{"taxonomy":"product_cat","embeddable":true,"href":"https:\/\/uj.adatbank.ro\/lexikon\/wp-json\/wp\/v2\/product_cat?post=19783"},{"taxonomy":"product_tag","embeddable":true,"href":"https:\/\/uj.adatbank.ro\/lexikon\/wp-json\/wp\/v2\/product_tag?post=19783"}],"curies":[{"name":"wp","href":"https:\/\/api.w.org\/{rel}","templated":true}]}}