{"id":19784,"date":"2025-07-22T18:24:54","date_gmt":"2025-07-22T16:24:54","guid":{"rendered":"https:\/\/uj.adatbank.ro\/lexikon\/termek\/sarosi-gyorgy\/"},"modified":"2025-07-22T18:24:54","modified_gmt":"2025-07-22T16:24:54","slug":"sarosi-gyorgy","status":"publish","type":"product","link":"https:\/\/uj.adatbank.ro\/lexikon\/termek\/sarosi-gyorgy\/","title":{"rendered":"S\u00c1ROSI Gy\u00f6rgy"},"content":{"rendered":"<p>? \u2020?: S. Gy. marossz\u00e9ki f\u0151kir\u00e1lyb\u00edr\u00f3 fia \u00e9s le\u00e1nya Solnai J\u00e1nosn\u00e9 Erzs\u00e9bet, kinek k\u00e9t fia J\u00f3zsef, J\u00e1nos \u00e9s le\u00e1nya Zsuzsi. <br \/><strong>Irod.:<\/strong> Kelemen Lajos 2006.<\/br><\/p>\n","protected":false},"excerpt":{"rendered":"<p>? \u2020?: S. Gy. marossz\u00e9ki f\u0151kir\u00e1lyb\u00edr\u00f3 fia \u00e9s le\u00e1nya Solnai J\u00e1nosn\u00e9 Erzs\u00e9bet, kinek k\u00e9t fia J\u00f3zsef, J\u00e1nos \u00e9s le\u00e1nya Zsuzsi. Irod.: Kelemen Lajos 2006.<\/p>\n","protected":false},"featured_media":0,"comment_status":"open","ping_status":"closed","template":"","meta":[],"product_brand":[],"product_cat":[137],"product_tag":[],"class_list":{"0":"post-19784","1":"product","2":"type-product","3":"status-publish","5":"product_cat-maros-megyei-eletrajzi-lexikon","7":"first","8":"instock","9":"shipping-taxable","10":"product-type-simple"},"_links":{"self":[{"href":"https:\/\/uj.adatbank.ro\/lexikon\/wp-json\/wp\/v2\/product\/19784","targetHints":{"allow":["GET"]}}],"collection":[{"href":"https:\/\/uj.adatbank.ro\/lexikon\/wp-json\/wp\/v2\/product"}],"about":[{"href":"https:\/\/uj.adatbank.ro\/lexikon\/wp-json\/wp\/v2\/types\/product"}],"replies":[{"embeddable":true,"href":"https:\/\/uj.adatbank.ro\/lexikon\/wp-json\/wp\/v2\/comments?post=19784"}],"wp:attachment":[{"href":"https:\/\/uj.adatbank.ro\/lexikon\/wp-json\/wp\/v2\/media?parent=19784"}],"wp:term":[{"taxonomy":"product_brand","embeddable":true,"href":"https:\/\/uj.adatbank.ro\/lexikon\/wp-json\/wp\/v2\/product_brand?post=19784"},{"taxonomy":"product_cat","embeddable":true,"href":"https:\/\/uj.adatbank.ro\/lexikon\/wp-json\/wp\/v2\/product_cat?post=19784"},{"taxonomy":"product_tag","embeddable":true,"href":"https:\/\/uj.adatbank.ro\/lexikon\/wp-json\/wp\/v2\/product_tag?post=19784"}],"curies":[{"name":"wp","href":"https:\/\/api.w.org\/{rel}","templated":true}]}}