{"id":19786,"date":"2025-07-22T18:24:58","date_gmt":"2025-07-22T16:24:58","guid":{"rendered":"https:\/\/uj.adatbank.ro\/lexikon\/termek\/sarosi-gyorgy-sarossy-pokai\/"},"modified":"2025-07-22T18:24:58","modified_gmt":"2025-07-22T16:24:58","slug":"sarosi-gyorgy-sarossy-pokai","status":"publish","type":"product","link":"https:\/\/uj.adatbank.ro\/lexikon\/termek\/sarosi-gyorgy-sarossy-pokai\/","title":{"rendered":"S\u00c1ROSI Gy\u00f6rgy, S\u00e1rossy, p\u00f3kai"},"content":{"rendered":"<p>1700, \u2020?: kir\u00e1lyb\u00edr\u00f3, jur\u00e1tus assesor. \u2013 S. J\u00e1nos fia. \u00e9s id. Gy\u00f6rgy unok\u00e1ja. Az esperess\u00e9g Protocolluma mint egyik marossz\u00e9ki kir\u00e1lyb\u00edr\u00f3t eml\u00edti (1749\u2013). R\u00e9szt vett a szenth\u00e1roms\u00e1gi templom visszafoglal\u00e1s\u00e1ban (1752. \u00e1pr. 17). Marossz\u00e9k jur\u00e1tus assesora. (1754), akkor \u00f6tven\u00e9ves volt. <strong>F. m.<\/strong>: P\u00f3kai S\u00e1rosi Gy\u00f6rgy csal\u00e1di f\u00f6ljegyz\u00e9sei: Memoriae.: <br \/><strong>Irod.:<\/strong> Kelemen Lajos 2006.<\/br><\/p>\n","protected":false},"excerpt":{"rendered":"<p>1700, \u2020?: kir\u00e1lyb\u00edr\u00f3, jur\u00e1tus assesor. \u2013 S. J\u00e1nos fia. \u00e9s id. Gy\u00f6rgy unok\u00e1ja. Az esperess\u00e9g Protocolluma mint egyik marossz\u00e9ki kir\u00e1lyb\u00edr\u00f3t eml\u00edti (1749\u2013). R\u00e9szt vett a szenth\u00e1roms\u00e1gi templom visszafoglal\u00e1s\u00e1ban (1752. \u00e1pr. 17). Marossz\u00e9k jur\u00e1tus assesora. (1754), akkor \u00f6tven\u00e9ves volt. F. m.: P\u00f3kai S\u00e1rosi Gy\u00f6rgy csal\u00e1di f\u00f6ljegyz\u00e9sei: Memoriae.: Irod.: Kelemen Lajos 2006.<\/p>\n","protected":false},"featured_media":0,"comment_status":"open","ping_status":"closed","template":"","meta":[],"product_brand":[],"product_cat":[137],"product_tag":[],"class_list":{"0":"post-19786","1":"product","2":"type-product","3":"status-publish","5":"product_cat-maros-megyei-eletrajzi-lexikon","7":"first","8":"instock","9":"shipping-taxable","10":"product-type-simple"},"_links":{"self":[{"href":"https:\/\/uj.adatbank.ro\/lexikon\/wp-json\/wp\/v2\/product\/19786","targetHints":{"allow":["GET"]}}],"collection":[{"href":"https:\/\/uj.adatbank.ro\/lexikon\/wp-json\/wp\/v2\/product"}],"about":[{"href":"https:\/\/uj.adatbank.ro\/lexikon\/wp-json\/wp\/v2\/types\/product"}],"replies":[{"embeddable":true,"href":"https:\/\/uj.adatbank.ro\/lexikon\/wp-json\/wp\/v2\/comments?post=19786"}],"wp:attachment":[{"href":"https:\/\/uj.adatbank.ro\/lexikon\/wp-json\/wp\/v2\/media?parent=19786"}],"wp:term":[{"taxonomy":"product_brand","embeddable":true,"href":"https:\/\/uj.adatbank.ro\/lexikon\/wp-json\/wp\/v2\/product_brand?post=19786"},{"taxonomy":"product_cat","embeddable":true,"href":"https:\/\/uj.adatbank.ro\/lexikon\/wp-json\/wp\/v2\/product_cat?post=19786"},{"taxonomy":"product_tag","embeddable":true,"href":"https:\/\/uj.adatbank.ro\/lexikon\/wp-json\/wp\/v2\/product_tag?post=19786"}],"curies":[{"name":"wp","href":"https:\/\/api.w.org\/{rel}","templated":true}]}}