{"id":19787,"date":"2025-07-22T18:25:01","date_gmt":"2025-07-22T16:25:01","guid":{"rendered":"https:\/\/uj.adatbank.ro\/lexikon\/termek\/sarosi-gyorgy-pokai-szentlaszloi\/"},"modified":"2025-07-22T18:25:01","modified_gmt":"2025-07-22T16:25:01","slug":"sarosi-gyorgy-pokai-szentlaszloi","status":"publish","type":"product","link":"https:\/\/uj.adatbank.ro\/lexikon\/termek\/sarosi-gyorgy-pokai-szentlaszloi\/","title":{"rendered":"S\u00c1ROSI Gy\u00f6rgy, p\u00f3kai, szentl\u00e1szl\u00f3i"},"content":{"rendered":"<p>1703. okt. 8., \u2020\u00a0Ny\u00e1r\u00e1dszentl\u00e1szl\u00f3, 1764. m\u00e1rc. 18. temet\u00e9se: not\u00e1rius, alkir\u00e1lyb\u00edr\u00f3. \u2013 S. J\u00e1nos unok\u00e1ja, S. Gy\u00f6rgy fia. Feles\u00e9g\u00fcl vette Szentiv\u00e1nyi M\u00e1ri\u00e1t (1734. m\u00e1rc. 7.). Gyermekeik: Gy\u00f6rgy (1735 ad diem 19tam 9-bris), S\u00e1muel (1737 ad die 8va Xbris, 3 nap m\u00falva meghalt), M\u00e1ria (1739, die 7 ma Xbris \u2013 1740. m\u00e1rc. 5.), S\u00e1muel (1741. \u00e1pr. 11.), \u00c1gnes (1743. m\u00e1rc. 19. \u2013 1745. jan. 9.), \u00c1gnes (1748\u20131750), \u2013 Kib\u00e9den volt az esk\u00fcv\u0151, a lakodalom G\u00e1lfalv\u00e1n (1734. m\u00e1j. 10). Szentl\u00e1szl\u00f3n laktak. Elv\u00e1lt feles\u00e9g\u00e9t\u0151l (1763). 7 gyermeke k\u00f6z\u00fcl kett\u0151 maradt \u00e9letben: Gy\u00f6rgy (1735\u2013), S\u00e1muel (1741). \u2013 Kor\u00e1n \u00e1rvas\u00e1gra jutott, nagyanyja Incz\u00e9di Erzs\u00e9bet nevelte, aki meghalt (1719. aug. 15.) \u00e9s minden\u00fck elpusztult. H\u00e1za \u00e9s mindene t\u0171zv\u00e9sz \u00e1ldozata lett (1737), ez\u00e9rt jegyezte fel ut\u00f3dai sz\u00e1m\u00e1ra csal\u00e1dja r\u00f6vid t\u00f6rt\u00e9net\u00e9t (1740). Marossz\u00e9k not\u00e1riusa (1743\u201348), majd alkir\u00e1lyb\u00edr\u00f3 (1743\u2013). Marossz\u00e9k juratus assesora (1754 \u2013 akkor 50 \u00e9ves volt). <br \/><strong>Irod.:<\/strong> Kelemen Lajos 2006; Nagy Mih\u00e1ly: Haland\u00f3s\u00e1gb\u00f3l kivezet\u0151 \u00c1riadn\u00e9 fonala&#8230; Halotti besz\u00e9d S. Gy. felett = K\u00e9nosi\u2013Uzoni 2.; P\u00e1l-Antal; P\u00e1l-Antal 2002.<\/br><\/p>\n","protected":false},"excerpt":{"rendered":"<p>1703. okt. 8., \u2020\u00a0Ny\u00e1r\u00e1dszentl\u00e1szl\u00f3, 1764. m\u00e1rc. 18. temet\u00e9se: not\u00e1rius, alkir\u00e1lyb\u00edr\u00f3. \u2013 S. J\u00e1nos unok\u00e1ja, S. Gy\u00f6rgy fia. Feles\u00e9g\u00fcl vette Szentiv\u00e1nyi M\u00e1ri\u00e1t (1734. m\u00e1rc. 7.). Gyermekeik: Gy\u00f6rgy (1735 ad diem 19tam 9-bris), S\u00e1muel (1737 ad die 8va Xbris, 3 nap m\u00falva meghalt), M\u00e1ria (1739, die 7 ma Xbris \u2013 1740. m\u00e1rc. 5.), S\u00e1muel (1741. \u00e1pr. 11.), [&hellip;]<\/p>\n","protected":false},"featured_media":0,"comment_status":"open","ping_status":"closed","template":"","meta":[],"product_brand":[],"product_cat":[137],"product_tag":[],"class_list":{"0":"post-19787","1":"product","2":"type-product","3":"status-publish","5":"product_cat-maros-megyei-eletrajzi-lexikon","7":"first","8":"instock","9":"shipping-taxable","10":"product-type-simple"},"_links":{"self":[{"href":"https:\/\/uj.adatbank.ro\/lexikon\/wp-json\/wp\/v2\/product\/19787","targetHints":{"allow":["GET"]}}],"collection":[{"href":"https:\/\/uj.adatbank.ro\/lexikon\/wp-json\/wp\/v2\/product"}],"about":[{"href":"https:\/\/uj.adatbank.ro\/lexikon\/wp-json\/wp\/v2\/types\/product"}],"replies":[{"embeddable":true,"href":"https:\/\/uj.adatbank.ro\/lexikon\/wp-json\/wp\/v2\/comments?post=19787"}],"wp:attachment":[{"href":"https:\/\/uj.adatbank.ro\/lexikon\/wp-json\/wp\/v2\/media?parent=19787"}],"wp:term":[{"taxonomy":"product_brand","embeddable":true,"href":"https:\/\/uj.adatbank.ro\/lexikon\/wp-json\/wp\/v2\/product_brand?post=19787"},{"taxonomy":"product_cat","embeddable":true,"href":"https:\/\/uj.adatbank.ro\/lexikon\/wp-json\/wp\/v2\/product_cat?post=19787"},{"taxonomy":"product_tag","embeddable":true,"href":"https:\/\/uj.adatbank.ro\/lexikon\/wp-json\/wp\/v2\/product_tag?post=19787"}],"curies":[{"name":"wp","href":"https:\/\/api.w.org\/{rel}","templated":true}]}}