{"id":19788,"date":"2025-07-22T18:25:03","date_gmt":"2025-07-22T16:25:03","guid":{"rendered":"https:\/\/uj.adatbank.ro\/lexikon\/termek\/sarosi-gyorgy-sarossy-kissarosi\/"},"modified":"2025-07-22T18:25:03","modified_gmt":"2025-07-22T16:25:03","slug":"sarosi-gyorgy-sarossy-kissarosi","status":"publish","type":"product","link":"https:\/\/uj.adatbank.ro\/lexikon\/termek\/sarosi-gyorgy-sarossy-kissarosi\/","title":{"rendered":"S\u00c1ROSI Gy\u00f6rgy, S\u00e1rossy; kiss\u00e1rosi"},"content":{"rendered":"<p>? \u2020?: f\u0151kir\u00e1lyb\u00edr\u00f3. \u2013 Marossz\u00e9k f\u0151kir\u00e1lyb\u00edr\u00f3ja. <br \/><strong>Irod.:<\/strong> Kelemen 2009; P\u00f3ka.<\/br><\/p>\n","protected":false},"excerpt":{"rendered":"<p>? \u2020?: f\u0151kir\u00e1lyb\u00edr\u00f3. \u2013 Marossz\u00e9k f\u0151kir\u00e1lyb\u00edr\u00f3ja. Irod.: Kelemen 2009; P\u00f3ka.<\/p>\n","protected":false},"featured_media":0,"comment_status":"open","ping_status":"closed","template":"","meta":[],"product_brand":[],"product_cat":[137],"product_tag":[],"class_list":{"0":"post-19788","1":"product","2":"type-product","3":"status-publish","5":"product_cat-maros-megyei-eletrajzi-lexikon","7":"first","8":"instock","9":"shipping-taxable","10":"product-type-simple"},"_links":{"self":[{"href":"https:\/\/uj.adatbank.ro\/lexikon\/wp-json\/wp\/v2\/product\/19788","targetHints":{"allow":["GET"]}}],"collection":[{"href":"https:\/\/uj.adatbank.ro\/lexikon\/wp-json\/wp\/v2\/product"}],"about":[{"href":"https:\/\/uj.adatbank.ro\/lexikon\/wp-json\/wp\/v2\/types\/product"}],"replies":[{"embeddable":true,"href":"https:\/\/uj.adatbank.ro\/lexikon\/wp-json\/wp\/v2\/comments?post=19788"}],"wp:attachment":[{"href":"https:\/\/uj.adatbank.ro\/lexikon\/wp-json\/wp\/v2\/media?parent=19788"}],"wp:term":[{"taxonomy":"product_brand","embeddable":true,"href":"https:\/\/uj.adatbank.ro\/lexikon\/wp-json\/wp\/v2\/product_brand?post=19788"},{"taxonomy":"product_cat","embeddable":true,"href":"https:\/\/uj.adatbank.ro\/lexikon\/wp-json\/wp\/v2\/product_cat?post=19788"},{"taxonomy":"product_tag","embeddable":true,"href":"https:\/\/uj.adatbank.ro\/lexikon\/wp-json\/wp\/v2\/product_tag?post=19788"}],"curies":[{"name":"wp","href":"https:\/\/api.w.org\/{rel}","templated":true}]}}