{"id":19789,"date":"2025-07-22T18:25:05","date_gmt":"2025-07-22T16:25:05","guid":{"rendered":"https:\/\/uj.adatbank.ro\/lexikon\/termek\/sarosi-gyorgy-sarossy-pokai-2\/"},"modified":"2025-07-22T18:25:05","modified_gmt":"2025-07-22T16:25:05","slug":"sarosi-gyorgy-sarossy-pokai-2","status":"publish","type":"product","link":"https:\/\/uj.adatbank.ro\/lexikon\/termek\/sarosi-gyorgy-sarossy-pokai-2\/","title":{"rendered":"S\u00c1ROSI Gy\u00f6rgy, S\u00e1rossy, p\u00f3kai"},"content":{"rendered":"<p>? \u2020?: k\u00f6vet. \u2013 Marossz\u00e9k k\u00f6vete az ogy.-en (1794), a sz\u00e9k havasainak f\u0151inspektora. Marosk\u00f6ri unit. gondnok (1796\u20131818). <br \/><strong>Irod.:<\/strong> K\u0151v\u00e1ry L\u00e1szl\u00f3 1899; Ny\u00e1r\u00e1dszentl\u00e1szl\u00f3.<\/br><\/p>\n","protected":false},"excerpt":{"rendered":"<p>? \u2020?: k\u00f6vet. \u2013 Marossz\u00e9k k\u00f6vete az ogy.-en (1794), a sz\u00e9k havasainak f\u0151inspektora. Marosk\u00f6ri unit. gondnok (1796\u20131818). Irod.: K\u0151v\u00e1ry L\u00e1szl\u00f3 1899; Ny\u00e1r\u00e1dszentl\u00e1szl\u00f3.<\/p>\n","protected":false},"featured_media":0,"comment_status":"open","ping_status":"closed","template":"","meta":[],"product_brand":[],"product_cat":[137],"product_tag":[],"class_list":{"0":"post-19789","1":"product","2":"type-product","3":"status-publish","5":"product_cat-maros-megyei-eletrajzi-lexikon","7":"first","8":"instock","9":"shipping-taxable","10":"product-type-simple"},"_links":{"self":[{"href":"https:\/\/uj.adatbank.ro\/lexikon\/wp-json\/wp\/v2\/product\/19789","targetHints":{"allow":["GET"]}}],"collection":[{"href":"https:\/\/uj.adatbank.ro\/lexikon\/wp-json\/wp\/v2\/product"}],"about":[{"href":"https:\/\/uj.adatbank.ro\/lexikon\/wp-json\/wp\/v2\/types\/product"}],"replies":[{"embeddable":true,"href":"https:\/\/uj.adatbank.ro\/lexikon\/wp-json\/wp\/v2\/comments?post=19789"}],"wp:attachment":[{"href":"https:\/\/uj.adatbank.ro\/lexikon\/wp-json\/wp\/v2\/media?parent=19789"}],"wp:term":[{"taxonomy":"product_brand","embeddable":true,"href":"https:\/\/uj.adatbank.ro\/lexikon\/wp-json\/wp\/v2\/product_brand?post=19789"},{"taxonomy":"product_cat","embeddable":true,"href":"https:\/\/uj.adatbank.ro\/lexikon\/wp-json\/wp\/v2\/product_cat?post=19789"},{"taxonomy":"product_tag","embeddable":true,"href":"https:\/\/uj.adatbank.ro\/lexikon\/wp-json\/wp\/v2\/product_tag?post=19789"}],"curies":[{"name":"wp","href":"https:\/\/api.w.org\/{rel}","templated":true}]}}