{"id":19794,"date":"2025-07-22T18:25:15","date_gmt":"2025-07-22T16:25:15","guid":{"rendered":"https:\/\/uj.adatbank.ro\/lexikon\/termek\/sarosi-janos-4\/"},"modified":"2025-07-22T18:25:15","modified_gmt":"2025-07-22T16:25:15","slug":"sarosi-janos-4","status":"publish","type":"product","link":"https:\/\/uj.adatbank.ro\/lexikon\/termek\/sarosi-janos-4\/","title":{"rendered":"S\u00c1ROSI J\u00e1nos"},"content":{"rendered":"<p>Szentgerice, 1895.,\u00a0\u2020?: gazd\u00e1lkod\u00f3. \u2013 \u00d6nk\u00e9nt vonult be katonai szolg\u00e1latra (1913), r\u00e9szt vett az els\u0151 vh.-ban, az orosz fronton megsebes\u00fclt, majd az olasz fronton k\u00fczd\u00f6tte v\u00e9gig a h\u00e1bor\u00fat, mint t\u00f6rzs\u0151rmester szerelt le, az I. \u00e9s a II. ez\u00fcst \u00e9rem, a Bajor Kereszt, valamint a K\u00e1roly Csapatkereszt kit\u00fcntet\u00e9sekkel. A Tejsz\u00f6vetkezet eln\u00f6ke, k\u00f6zs\u00e9gi b\u00edr\u00f3 a MP tagja volt. <br \/><strong>Irod.:<\/strong> Sz\u00e9kelyf\u00f6ld \u00ed. k.<\/br><\/p>\n","protected":false},"excerpt":{"rendered":"<p>Szentgerice, 1895.,\u00a0\u2020?: gazd\u00e1lkod\u00f3. \u2013 \u00d6nk\u00e9nt vonult be katonai szolg\u00e1latra (1913), r\u00e9szt vett az els\u0151 vh.-ban, az orosz fronton megsebes\u00fclt, majd az olasz fronton k\u00fczd\u00f6tte v\u00e9gig a h\u00e1bor\u00fat, mint t\u00f6rzs\u0151rmester szerelt le, az I. \u00e9s a II. ez\u00fcst \u00e9rem, a Bajor Kereszt, valamint a K\u00e1roly Csapatkereszt kit\u00fcntet\u00e9sekkel. A Tejsz\u00f6vetkezet eln\u00f6ke, k\u00f6zs\u00e9gi b\u00edr\u00f3 a MP tagja volt. [&hellip;]<\/p>\n","protected":false},"featured_media":0,"comment_status":"open","ping_status":"closed","template":"","meta":[],"product_brand":[],"product_cat":[137],"product_tag":[],"class_list":{"0":"post-19794","1":"product","2":"type-product","3":"status-publish","5":"product_cat-maros-megyei-eletrajzi-lexikon","7":"first","8":"instock","9":"shipping-taxable","10":"product-type-simple"},"_links":{"self":[{"href":"https:\/\/uj.adatbank.ro\/lexikon\/wp-json\/wp\/v2\/product\/19794","targetHints":{"allow":["GET"]}}],"collection":[{"href":"https:\/\/uj.adatbank.ro\/lexikon\/wp-json\/wp\/v2\/product"}],"about":[{"href":"https:\/\/uj.adatbank.ro\/lexikon\/wp-json\/wp\/v2\/types\/product"}],"replies":[{"embeddable":true,"href":"https:\/\/uj.adatbank.ro\/lexikon\/wp-json\/wp\/v2\/comments?post=19794"}],"wp:attachment":[{"href":"https:\/\/uj.adatbank.ro\/lexikon\/wp-json\/wp\/v2\/media?parent=19794"}],"wp:term":[{"taxonomy":"product_brand","embeddable":true,"href":"https:\/\/uj.adatbank.ro\/lexikon\/wp-json\/wp\/v2\/product_brand?post=19794"},{"taxonomy":"product_cat","embeddable":true,"href":"https:\/\/uj.adatbank.ro\/lexikon\/wp-json\/wp\/v2\/product_cat?post=19794"},{"taxonomy":"product_tag","embeddable":true,"href":"https:\/\/uj.adatbank.ro\/lexikon\/wp-json\/wp\/v2\/product_tag?post=19794"}],"curies":[{"name":"wp","href":"https:\/\/api.w.org\/{rel}","templated":true}]}}