{"id":19795,"date":"2025-07-22T18:25:16","date_gmt":"2025-07-22T16:25:16","guid":{"rendered":"https:\/\/uj.adatbank.ro\/lexikon\/termek\/sarosi-janos-kissarosi-sarosi-janos\/"},"modified":"2025-07-22T18:25:16","modified_gmt":"2025-07-22T16:25:16","slug":"sarosi-janos-kissarosi-sarosi-janos","status":"publish","type":"product","link":"https:\/\/uj.adatbank.ro\/lexikon\/termek\/sarosi-janos-kissarosi-sarosi-janos\/","title":{"rendered":"S\u00c1ROSI J\u00e1nos; Kiss\u00e1rosi S\u00e1rosi J\u00e1nos"},"content":{"rendered":"<p>? \u2020?: \u00edt\u00e9l\u0151mester, portai k\u00f6vet. \u2013 Feles\u00e9ge: T\u00f3th Borb\u00e1la. L\u00e1nya, S\u00e1rosi Ilona, Vargyasi D\u00e1niel P\u00e9ter feles\u00e9ge, aki az unit\u00e1rius egyh\u00e1z egyik f\u0151gondnoka. N\u00e9gy le\u00e1nyuk egyike, Zs\u00f3fia, gr. Haller J\u00e1nos gubern\u00e1tor feles\u00e9ge, aki megvonta a sz\u0151kefalvi unit. egyh\u00e1zt\u00f3l a t\u00e1mogat\u00e1st \u00e9s a templomot is a katolikusoknak adatta. <br \/><strong>Irod.:<\/strong> P\u00f3kai S\u00e1rosi J\u00e1nos v\u00e9grendelete \/eleje\/ (1706) = Kelemen Lajos 2006.<\/br><\/p>\n","protected":false},"excerpt":{"rendered":"<p>? \u2020?: \u00edt\u00e9l\u0151mester, portai k\u00f6vet. \u2013 Feles\u00e9ge: T\u00f3th Borb\u00e1la. L\u00e1nya, S\u00e1rosi Ilona, Vargyasi D\u00e1niel P\u00e9ter feles\u00e9ge, aki az unit\u00e1rius egyh\u00e1z egyik f\u0151gondnoka. N\u00e9gy le\u00e1nyuk egyike, Zs\u00f3fia, gr. Haller J\u00e1nos gubern\u00e1tor feles\u00e9ge, aki megvonta a sz\u0151kefalvi unit. egyh\u00e1zt\u00f3l a t\u00e1mogat\u00e1st \u00e9s a templomot is a katolikusoknak adatta. Irod.: P\u00f3kai S\u00e1rosi J\u00e1nos v\u00e9grendelete \/eleje\/ (1706) = Kelemen [&hellip;]<\/p>\n","protected":false},"featured_media":0,"comment_status":"open","ping_status":"closed","template":"","meta":[],"product_brand":[],"product_cat":[137],"product_tag":[],"class_list":{"0":"post-19795","1":"product","2":"type-product","3":"status-publish","5":"product_cat-maros-megyei-eletrajzi-lexikon","7":"first","8":"instock","9":"shipping-taxable","10":"product-type-simple"},"_links":{"self":[{"href":"https:\/\/uj.adatbank.ro\/lexikon\/wp-json\/wp\/v2\/product\/19795","targetHints":{"allow":["GET"]}}],"collection":[{"href":"https:\/\/uj.adatbank.ro\/lexikon\/wp-json\/wp\/v2\/product"}],"about":[{"href":"https:\/\/uj.adatbank.ro\/lexikon\/wp-json\/wp\/v2\/types\/product"}],"replies":[{"embeddable":true,"href":"https:\/\/uj.adatbank.ro\/lexikon\/wp-json\/wp\/v2\/comments?post=19795"}],"wp:attachment":[{"href":"https:\/\/uj.adatbank.ro\/lexikon\/wp-json\/wp\/v2\/media?parent=19795"}],"wp:term":[{"taxonomy":"product_brand","embeddable":true,"href":"https:\/\/uj.adatbank.ro\/lexikon\/wp-json\/wp\/v2\/product_brand?post=19795"},{"taxonomy":"product_cat","embeddable":true,"href":"https:\/\/uj.adatbank.ro\/lexikon\/wp-json\/wp\/v2\/product_cat?post=19795"},{"taxonomy":"product_tag","embeddable":true,"href":"https:\/\/uj.adatbank.ro\/lexikon\/wp-json\/wp\/v2\/product_tag?post=19795"}],"curies":[{"name":"wp","href":"https:\/\/api.w.org\/{rel}","templated":true}]}}